{"id":79,"date":"2021-12-08T01:11:07","date_gmt":"2021-12-08T07:11:07","guid":{"rendered":"https:\/\/licoresveracruz.com\/?post_type=product&#038;p=79"},"modified":"2024-09-26T20:11:45","modified_gmt":"2024-09-27T01:11:45","slug":"tequila-dos-coronas-reposado","status":"publish","type":"product","link":"https:\/\/licoresveracruz.com\/fr\/product\/tequila-deux-couronnes-repos\/","title":{"rendered":"TEQUILA REPOS\u00c9E \"DOS CORONAS\" \u00c9DITION ANNIVERSAIRE"},"content":{"rendered":"<p><strong style=\"color: #850700;\">TEQUILA REPOSEE \u00ab\u00a0DOS CORONAS\u00a0\u00bb \u00c9DITION ANNIVERSAIRE<\/strong> <\/p>\n<p>Avec 70 ans d&#39;exp\u00e9rience, Licores Veracruz a embouteill\u00e9 et commercialis\u00e9 des tequilas avec appellation d&#39;origine distill\u00e9es et repos\u00e9es \u00e0 Jalisco, terre de l&#39;agave bleu. Nous sommes membres du Tequila Regulatory Council, qui surveille et certifie notre produit \u00e0 chacune de ses \u00e9tapes de fabrication. <\/p>\n<p><em>Notes de d\u00e9gustation :<\/em><\/p>\n<p> <strong>Reposado<\/strong> <\/p>\n<p><strong>View<\/strong> : Liquide transparent avec une couleur jaune paille brillante. <\/p>\n<p><strong>Nez<\/strong> : Ar\u00f4me classique et doux, l\u00e9g\u00e8rement sucr\u00e9, avec des nuances fra\u00eeches d&#39;agave. <\/p>\n<p><strong>Bouche<\/strong> : Lors de la d\u00e9gustation de sa force exquise et agr\u00e9able saveur caract\u00e9ristique de l&#39;agave et la l\u00e9g\u00e8re douceur qui vient de son miel, orn\u00e9 de la saveur de noix. <\/p>\n<p>La saveur caract\u00e9ristique est appr\u00e9ci\u00e9e, apport\u00e9e par le temps pass\u00e9 en barrique.<\/p>\n","protected":false},"excerpt":{"rendered":"<p>Tequila Dos Coronas repos\u00e9 avec appellation d&#39;origine<\/p>\n","protected":false},"featured_media":1354,"comment_status":"open","ping_status":"closed","template":"","meta":[],"product_cat":[28],"product_tag":[189],"class_list":{"0":"post-79","1":"product","2":"type-product","3":"status-publish","4":"has-post-thumbnail","6":"product_cat-tequilas","7":"product_tag-premium","9":"first","10":"instock","11":"taxable","12":"shipping-taxable","13":"purchasable","14":"product-type-simple"},"_links":{"self":[{"href":"https:\/\/licoresveracruz.com\/fr\/wp-json\/wp\/v2\/product\/79"}],"collection":[{"href":"https:\/\/licoresveracruz.com\/fr\/wp-json\/wp\/v2\/product"}],"about":[{"href":"https:\/\/licoresveracruz.com\/fr\/wp-json\/wp\/v2\/types\/product"}],"replies":[{"embeddable":true,"href":"https:\/\/licoresveracruz.com\/fr\/wp-json\/wp\/v2\/comments?post=79"}],"wp:featuredmedia":[{"embeddable":true,"href":"https:\/\/licoresveracruz.com\/fr\/wp-json\/wp\/v2\/media\/1354"}],"wp:attachment":[{"href":"https:\/\/licoresveracruz.com\/fr\/wp-json\/wp\/v2\/media?parent=79"}],"wp:term":[{"taxonomy":"product_cat","embeddable":true,"href":"https:\/\/licoresveracruz.com\/fr\/wp-json\/wp\/v2\/product_cat?post=79"},{"taxonomy":"product_tag","embeddable":true,"href":"https:\/\/licoresveracruz.com\/fr\/wp-json\/wp\/v2\/product_tag?post=79"}],"curies":[{"name":"wp","href":"https:\/\/api.w.org\/{rel}","templated":true}]}}