{"id":75,"date":"2021-12-08T01:07:10","date_gmt":"2021-12-08T07:07:10","guid":{"rendered":"https:\/\/licoresveracruz.com\/?post_type=product&#038;p=75"},"modified":"2025-06-11T12:14:21","modified_gmt":"2025-06-11T17:14:21","slug":"ron-mocambo-20-anos-edicion-de-arte","status":"publish","type":"product","link":"https:\/\/licoresveracruz.com\/fr\/product\/ron-mocambo-20-years-art-edition\/","title":{"rendered":"RHUM \u201cMOCAMBO\u201d 20 ANS, \u00c9DITION D'ART"},"content":{"rendered":"<p><strong style=\"color: #850700;\">RHUM \u201cMOCAMBO\u201d 20 ANS, \u00c9DITION D&rsquo;ART<\/strong><\/p>\n<div class=\"g-simplecontent-item-leading-content\"> Cr\u00e9ation magnifique et exclusive. Notre \u00e9dition d&#39;art rend hommage aux anciennes techniques pr\u00e9colombiennes, m\u00e9lang\u00e9es \u00e0 un rhum A\u00f1ejo de saveur et de caract\u00e8re, que seules la noblesse d&#39;origine et la connaissance du temps peuvent nous donner.<\/div>\n<div class=\"g-simplecontent-item-leading-content\"> La vision unique du maestro V\u00edctor Fern\u00e1ndez, avec les fibres v\u00e9g\u00e9tales de l&#39;amate, l&#39;a amen\u00e9 \u00e0 d\u00e9corer ce merveilleux rhum en appliquant les arts mexicains anciens \u00e0 l&#39;art contemporain.<\/div>\n<div class=\"g-simplecontent-item-main-content\">\n<p><strong>Vieillissement<\/strong> : Vieilli \u00e0 900 m\u00e8tres d&#39;altitude dans un climat subtropical humide, en f\u00fbts de vin de ch\u00eane blanc europ\u00e9en.Ron Mocambo magnum imp\u00e9rial 20 ans, est une \u00e9dition d&#39;art limit\u00e9e, conditionn\u00e9e dans une pr\u00e9sentation de 5 litres, cr\u00e9ation exclusive des liqueurs Veracruz.<\/p>\n<p><em>Notes de d\u00e9gustation :<\/em><\/p>\n<p><strong>Vue<\/strong> : Couleur acajou, avec des reflets dor\u00e9s et ambr\u00e9s. Parfaitement propre. Excellente brillance et haute densit\u00e9 qui promet un grand corps, suggestif et un drainage lent <\/p>\n<p><strong>Nez<\/strong> : Complexe, tr\u00e8s int\u00e9ressant, l&#39;attaque est domin\u00e9e par le f\u00fbt, des notes de vanille, de caramel, d&#39;amandes, de noisettes et de tabac<\/p>\n<p><strong>Bouche<\/strong> : \u00c9quilibr\u00e9e, plaisante et raffin\u00e9e ; tr\u00e8s fin en bouche avec une finale bois\u00e9e subtile et \u00e9l\u00e9gante<\/div>\n","protected":false},"excerpt":{"rendered":"<p>Un hommage aux anciennes techniques pr\u00e9colombiennes.<\/p>\n","protected":false},"featured_media":1365,"comment_status":"open","ping_status":"closed","template":"","meta":{"_wp_convertkit_post_meta":{"form":"-1","landing_page":"0","tag":"0","restrict_content":"0"}},"product_brand":[],"product_cat":[200,252,26],"product_tag":[188],"class_list":{"0":"post-75","1":"product","2":"type-product","3":"status-publish","4":"has-post-thumbnail","6":"product_cat-coleccion","7":"product_cat-ron-mocambo-20-anos","8":"product_cat-rones","9":"product_tag-ultra-premium","11":"first","12":"instock","13":"taxable","14":"shipping-taxable","15":"purchasable","16":"product-type-variable"},"_links":{"self":[{"href":"https:\/\/licoresveracruz.com\/fr\/wp-json\/wp\/v2\/product\/75","targetHints":{"allow":["GET"]}}],"collection":[{"href":"https:\/\/licoresveracruz.com\/fr\/wp-json\/wp\/v2\/product"}],"about":[{"href":"https:\/\/licoresveracruz.com\/fr\/wp-json\/wp\/v2\/types\/product"}],"replies":[{"embeddable":true,"href":"https:\/\/licoresveracruz.com\/fr\/wp-json\/wp\/v2\/comments?post=75"}],"wp:featuredmedia":[{"embeddable":true,"href":"https:\/\/licoresveracruz.com\/fr\/wp-json\/wp\/v2\/media\/1365"}],"wp:attachment":[{"href":"https:\/\/licoresveracruz.com\/fr\/wp-json\/wp\/v2\/media?parent=75"}],"wp:term":[{"taxonomy":"product_brand","embeddable":true,"href":"https:\/\/licoresveracruz.com\/fr\/wp-json\/wp\/v2\/product_brand?post=75"},{"taxonomy":"product_cat","embeddable":true,"href":"https:\/\/licoresveracruz.com\/fr\/wp-json\/wp\/v2\/product_cat?post=75"},{"taxonomy":"product_tag","embeddable":true,"href":"https:\/\/licoresveracruz.com\/fr\/wp-json\/wp\/v2\/product_tag?post=75"}],"curies":[{"name":"wp","href":"https:\/\/api.w.org\/{rel}","templated":true}]}}