{"id":581,"date":"2021-12-10T01:49:37","date_gmt":"2021-12-10T07:49:37","guid":{"rendered":"http:\/\/licoresveracruz.com\/?post_type=product&#038;p=581"},"modified":"2024-09-25T20:14:19","modified_gmt":"2024-09-26T01:14:19","slug":"hdv_car_porta_bala_vasitos","status":"publish","type":"product","link":"https:\/\/licoresveracruz.com\/fr\/product\/hdv_car_porta_bala_cups\/","title":{"rendered":"TEQUILA BLANCHE &quot;HIJOS DE VILLA&quot; CARRILLERA AVEC PORTE-BALLES ET VERRES"},"content":{"rendered":"<p><strong style=\"color: #850700;\">TEQUILA BLANCHE &quot;HIJOS DE VILLA&quot; CARRILLERA AVEC PORTE-BALLES ET VERRES<\/strong> <\/p>\n<p>Boisson alcoolis\u00e9e avec appellation d&#39;origine, distill\u00e9e \u00e0 Atotonilco El Alto, Jalisco et certifi\u00e9e par sa plus haute autorit\u00e9, le Conseil de r\u00e9glementation de la tequila (CRT).<\/p>\n<p>La tequila est obtenue par distillation du mo\u00fbt issu des t\u00eates d&#39;Agave Tequilana weber vari\u00e9t\u00e9 bleue.<\/p>\n<p>La tequila blanche, selon sa classe, est un liquide cristallin.<\/p>\n<p>Coussinet de joue avec porte-bouteille en cuir curpiel et grav\u00e9. <\/p>\n<p>Contient 15 caballitos de tequila en polystyr\u00e8ne cristal de 1,5 oz + 1 tequila blanche &quot;Hijos De Villa&quot; 750 ml.<\/p>\n<p>*Les recharges pour verres, joues et balles sont vendues s\u00e9par\u00e9ment Boisson alcoolis\u00e9e, obtenue par la distillation de mo\u00fbts issus des t\u00eates d&#39;Agave Tequilana Weber vari\u00e9t\u00e9 Azul.<\/p>\n<p>La tequila blanche, selon sa classe, est un liquide cristallin. <\/p>\n<p><strong>APPARENCE<\/strong> : Liquide incolore, transparent, propre et brillant<\/p>\n<p><strong>NEZ<\/strong> : Ar\u00f4me classique, doux et d\u00e9licat, caract\u00e9ristique de la tequila, l\u00e9g\u00e8rement sucr\u00e9, avec des nuances fra\u00eeches d&#39;agave<\/p>\n<p><strong>BOUCHE<\/strong> : En bouche, on per\u00e7oit sa force exquise et sa saveur caract\u00e9ristique agr\u00e9able d&#39;agave et une l\u00e9g\u00e8re douceur qui vient du miel du m\u00eame. Ni amer, ni astringent, ni acide <\/p>\n<p><em>Suggestions de consommation<\/em><\/p>\n<ul>\n<li> Id\u00e9al \u00e0 l&#39;ap\u00e9ritif<\/li>\n<li> Ingr\u00e9dient margarita classique<\/li>\n<li> Combin\u00e9 avec du cola ou du pamplemousse et de la glace, un peu de citron et une pinc\u00e9e de sel<\/li>\n<li> Contient 750 ml de Tequila Hijos de Villa Blanco.<\/li>\n<\/ul>\n<ul>\n<li> Distinction et originalit\u00e9 dans sa pr\u00e9sentation<\/li>\n<li> Embl\u00e9matique Tequila Blanco &#8211; Silver &#8211; avec l&#39;esprit courageux du Mexicain &#8211; qui a accompagn\u00e9 notre histoire dans sa lutte r\u00e9volutionnaire<\/li>\n<li> Nous faisons de Hijos de Villa un produit original.<\/li>\n<\/ul>\n","protected":false},"excerpt":{"rendered":"<p>TEQUILA BLANCHE &quot;HIJOS DE VILLA&quot; CARRILLERA AVEC PORTE-BALLES ET VERRES Boisson alcoolis\u00e9e avec appellation d&#39;origine, distill\u00e9e \u00e0 Atotonilco El Alto, Jalisco et certifi\u00e9e par sa plus haute autorit\u00e9, le Conseil de r\u00e9glementation de la tequila (CRT). La tequila est obtenue par distillation du mo\u00fbt issu des t\u00eates d&#39;Agave Tequilana weber [&hellip;]<\/p>\n","protected":false},"featured_media":2009,"comment_status":"open","ping_status":"closed","template":"","meta":{"_wp_convertkit_post_meta":{"form":"-1","landing_page":"0","tag":"0","restrict_content":"0"}},"product_brand":[],"product_cat":[200,28],"product_tag":[190],"class_list":{"0":"post-581","1":"product","2":"type-product","3":"status-publish","4":"has-post-thumbnail","6":"product_cat-coleccion","7":"product_cat-tequilas","8":"product_tag-de-coleccion","10":"first","11":"instock","12":"taxable","13":"shipping-taxable","14":"purchasable","15":"product-type-simple"},"_links":{"self":[{"href":"https:\/\/licoresveracruz.com\/fr\/wp-json\/wp\/v2\/product\/581","targetHints":{"allow":["GET"]}}],"collection":[{"href":"https:\/\/licoresveracruz.com\/fr\/wp-json\/wp\/v2\/product"}],"about":[{"href":"https:\/\/licoresveracruz.com\/fr\/wp-json\/wp\/v2\/types\/product"}],"replies":[{"embeddable":true,"href":"https:\/\/licoresveracruz.com\/fr\/wp-json\/wp\/v2\/comments?post=581"}],"wp:featuredmedia":[{"embeddable":true,"href":"https:\/\/licoresveracruz.com\/fr\/wp-json\/wp\/v2\/media\/2009"}],"wp:attachment":[{"href":"https:\/\/licoresveracruz.com\/fr\/wp-json\/wp\/v2\/media?parent=581"}],"wp:term":[{"taxonomy":"product_brand","embeddable":true,"href":"https:\/\/licoresveracruz.com\/fr\/wp-json\/wp\/v2\/product_brand?post=581"},{"taxonomy":"product_cat","embeddable":true,"href":"https:\/\/licoresveracruz.com\/fr\/wp-json\/wp\/v2\/product_cat?post=581"},{"taxonomy":"product_tag","embeddable":true,"href":"https:\/\/licoresveracruz.com\/fr\/wp-json\/wp\/v2\/product_tag?post=581"}],"curies":[{"name":"wp","href":"https:\/\/api.w.org\/{rel}","templated":true}]}}