{"id":577,"date":"2021-12-10T01:49:36","date_gmt":"2021-12-10T07:49:36","guid":{"rendered":"http:\/\/licoresveracruz.com\/?post_type=product&#038;p=577"},"modified":"2024-09-26T18:18:18","modified_gmt":"2024-09-26T23:18:18","slug":"licor_naranja_marina","status":"publish","type":"product","link":"https:\/\/licoresveracruz.com\/fr\/product\/liqueur_marine_orange\/","title":{"rendered":"LIQUEUR D'ORANGE \"MARINA\""},"content":{"rendered":"<p><strong style=\"color: #850700;\">LIQUEUR D&#39;ORANGE &quot;MARINA&quot;<\/strong><\/p>\n<p>Veracruz, grand producteur d&#39;oranges, cr\u00e9e la Liqueur d&#39;Orange Marine raffin\u00e9e et naturelle.<\/p>\n<p>Fabriqu\u00e9 avec des extraits de jus et de zeste d&#39;orange.<\/p>\n<p>Agr\u00e9able douceur convenant aux cocktails. <\/p>\n<p><em>Notes de d\u00e9gustation :<\/em><\/p>\n<p><strong>VUE<\/strong> : Boisson cristalline, brillante, translucide, bonne densit\u00e9 et excellent corps<\/p>\n<p><strong>NEZ<\/strong> : Agr\u00e9able et doux ar\u00f4me de jus d&#39;orange et d&#39;\u00e9corce naturelle<\/p>\n<p><strong>BOUCHE<\/strong> : Saveur naturelle, montre un \u00e9quilibre entre le sucr\u00e9 et l&#39;agrume, avec une exquise permanence en bouche .<\/p>\n<p><em>Suggestions de consommation :<\/em><\/p>\n<p>A d\u00e9guster frais en ap\u00e9ritif ou en digestif<\/p>\n<p>Boisson rafraichissante accompagn\u00e9e de glace frapp\u00e9e<\/p>\n<p>M\u00e9lange id\u00e9al dans les cocktails<\/p>\n","protected":false},"excerpt":{"rendered":"<p>M\u00e9langeur id\u00e9al dans les cocktails<\/p>\n","protected":false},"featured_media":1036,"comment_status":"open","ping_status":"closed","template":"","meta":[],"product_cat":[29],"product_tag":[193],"class_list":{"0":"post-577","1":"product","2":"type-product","3":"status-publish","4":"has-post-thumbnail","6":"product_cat-licores-de-barra","7":"product_tag-de-lujo","9":"first","10":"instock","11":"taxable","12":"shipping-taxable","13":"purchasable","14":"product-type-variable"},"_links":{"self":[{"href":"https:\/\/licoresveracruz.com\/fr\/wp-json\/wp\/v2\/product\/577"}],"collection":[{"href":"https:\/\/licoresveracruz.com\/fr\/wp-json\/wp\/v2\/product"}],"about":[{"href":"https:\/\/licoresveracruz.com\/fr\/wp-json\/wp\/v2\/types\/product"}],"replies":[{"embeddable":true,"href":"https:\/\/licoresveracruz.com\/fr\/wp-json\/wp\/v2\/comments?post=577"}],"wp:featuredmedia":[{"embeddable":true,"href":"https:\/\/licoresveracruz.com\/fr\/wp-json\/wp\/v2\/media\/1036"}],"wp:attachment":[{"href":"https:\/\/licoresveracruz.com\/fr\/wp-json\/wp\/v2\/media?parent=577"}],"wp:term":[{"taxonomy":"product_cat","embeddable":true,"href":"https:\/\/licoresveracruz.com\/fr\/wp-json\/wp\/v2\/product_cat?post=577"},{"taxonomy":"product_tag","embeddable":true,"href":"https:\/\/licoresveracruz.com\/fr\/wp-json\/wp\/v2\/product_tag?post=577"}],"curies":[{"name":"wp","href":"https:\/\/api.w.org\/{rel}","templated":true}]}}