{"id":576,"date":"2021-12-10T01:49:36","date_gmt":"2021-12-10T07:49:36","guid":{"rendered":"http:\/\/licoresveracruz.com\/?post_type=product&#038;p=576"},"modified":"2024-09-26T18:30:06","modified_gmt":"2024-09-26T23:30:06","slug":"licor_zarzamora_anamarina","status":"publish","type":"product","link":"https:\/\/licoresveracruz.com\/fr\/product\/liqueur_zarzamora_anamarina\/","title":{"rendered":"LIQUEUR DE M\u00dbRE &quot;ANA MARINA&quot;"},"content":{"rendered":"<p><strong style=\"color: #850700;\">LIQUEUR DE ZARZAMORA &quot;ANA MARINA&quot; Des<\/strong><\/p>\n<p>liqueurs de fruits et d&#39;herbes exquises id\u00e9ales pour \u00eatre m\u00e9lang\u00e9es dans des cocktails avec du rhum, de la vodka, de la tequila ou des jus. Sa saveur riche et d\u00e9licieuse flatte le palais. Essayez les!<\/p>\n<p><em>Notes de d\u00e9gustation :<\/em><\/p>\n<p><strong>VUE<\/strong> : De couleur rouge\u00e2tre avec des reflets violets, bon corps, propre, translucide et lumineux. <\/p>\n<p><strong>NEZ<\/strong> : Excellent ar\u00f4me de fruits rouges qui capture l&#39;essence de son origine, des notes douces et fra\u00eeches et de l\u00e9g\u00e8res notes de bois.<\/p>\n<p><strong>BOUCHE<\/strong> : Liqueur douce pr\u00e9par\u00e9e avec des m\u00fbres, saveur caract\u00e9ristique d\u00e9licate et agr\u00e9able de ce fruit r\u00e9gional, \u00e9quilibre fruit\u00e9 exceptionnel, l\u00e9g\u00e8re acidit\u00e9 et notes sucr\u00e9es. Riche et rafra\u00eechissant, il peut \u00eatre consomm\u00e9 pur, frais ou avec des gla\u00e7ons ou compl\u00e9t\u00e9 de notes subtiles de jus d&#39;agrumes comme le citron ou la menthe pour le rendre plus rafra\u00eechissant.<\/p>\n","protected":false},"excerpt":{"rendered":"<p>LIQUEUR DE ZARZAMORA &quot;ANA MARINA&quot; Des liqueurs de fruits et d&#39;herbes exquises id\u00e9ales pour \u00eatre m\u00e9lang\u00e9es dans des cocktails avec du rhum, de la vodka, de la tequila ou des jus. Sa saveur riche et d\u00e9licieuse flatte le palais. Essayez les! Notes de d\u00e9gustation : VUE : De couleur rouge\u00e2tre [&hellip;]<\/p>\n","protected":false},"featured_media":1017,"comment_status":"open","ping_status":"closed","template":"","meta":[],"product_cat":[29],"product_tag":[193],"class_list":{"0":"post-576","1":"product","2":"type-product","3":"status-publish","4":"has-post-thumbnail","6":"product_cat-licores-de-barra","7":"product_tag-de-lujo","9":"first","10":"instock","11":"taxable","12":"shipping-taxable","13":"purchasable","14":"product-type-variable"},"_links":{"self":[{"href":"https:\/\/licoresveracruz.com\/fr\/wp-json\/wp\/v2\/product\/576"}],"collection":[{"href":"https:\/\/licoresveracruz.com\/fr\/wp-json\/wp\/v2\/product"}],"about":[{"href":"https:\/\/licoresveracruz.com\/fr\/wp-json\/wp\/v2\/types\/product"}],"replies":[{"embeddable":true,"href":"https:\/\/licoresveracruz.com\/fr\/wp-json\/wp\/v2\/comments?post=576"}],"wp:featuredmedia":[{"embeddable":true,"href":"https:\/\/licoresveracruz.com\/fr\/wp-json\/wp\/v2\/media\/1017"}],"wp:attachment":[{"href":"https:\/\/licoresveracruz.com\/fr\/wp-json\/wp\/v2\/media?parent=576"}],"wp:term":[{"taxonomy":"product_cat","embeddable":true,"href":"https:\/\/licoresveracruz.com\/fr\/wp-json\/wp\/v2\/product_cat?post=576"},{"taxonomy":"product_tag","embeddable":true,"href":"https:\/\/licoresveracruz.com\/fr\/wp-json\/wp\/v2\/product_tag?post=576"}],"curies":[{"name":"wp","href":"https:\/\/api.w.org\/{rel}","templated":true}]}}