{"id":575,"date":"2021-12-10T01:49:36","date_gmt":"2021-12-10T07:49:36","guid":{"rendered":"http:\/\/licoresveracruz.com\/?post_type=product&#038;p=575"},"modified":"2024-09-26T18:32:27","modified_gmt":"2024-09-26T23:32:27","slug":"licor_platano_anamarina","status":"publish","type":"product","link":"https:\/\/licoresveracruz.com\/fr\/product\/liqueur_banane_anamarina\/","title":{"rendered":"LIQUEUR DE BANANE &quot;ANA MARINA&quot;"},"content":{"rendered":"<p><strong style=\"color: #850700;\">LIQUEUR DE BANANE &quot;ANA MARINA&quot;<\/strong><\/p>\n<p>Des liqueurs de fruits et d&#39;herbes exquises id\u00e9ales pour \u00eatre m\u00e9lang\u00e9es dans des cocktails avec du rhum, de la vodka, de la tequila ou des jus. Sa saveur riche et d\u00e9licieuse flatte le palais. Essayez les!<\/p>\n<p><em>Notes de d\u00e9gustation :<\/em><\/p>\n<p><strong>VUE<\/strong> : Couleur jaune vif, avec des reflets de couleur miel, translucide et cors\u00e9.<\/p>\n<p><strong>NEZ<\/strong> : Ar\u00f4me tropical caract\u00e9ristique de fruits m\u00fbrs et de d\u00e9licates notes aromatiques d&#39;essence. <\/p>\n<p><strong>BOUCHE<\/strong> : Saveur caract\u00e9ristique de banane, douce, douce et l\u00e9g\u00e8re.<\/p>\n","protected":false},"excerpt":{"rendered":"<p>LIQUEUR DE BANANE &quot;ANA MARINA&quot; Des liqueurs de fruits et d&#39;herbes exquises id\u00e9ales pour \u00eatre m\u00e9lang\u00e9es dans des cocktails avec du rhum, de la vodka, de la tequila ou des jus. Sa saveur riche et d\u00e9licieuse flatte le palais. Essayez les! Notes de d\u00e9gustation : VUE : Couleur jaune vif, [&hellip;]<\/p>\n","protected":false},"featured_media":1016,"comment_status":"open","ping_status":"closed","template":"","meta":[],"product_cat":[29],"product_tag":[193],"class_list":{"0":"post-575","1":"product","2":"type-product","3":"status-publish","4":"has-post-thumbnail","6":"product_cat-licores-de-barra","7":"product_tag-de-lujo","9":"first","10":"instock","11":"taxable","12":"shipping-taxable","13":"purchasable","14":"product-type-variable"},"_links":{"self":[{"href":"https:\/\/licoresveracruz.com\/fr\/wp-json\/wp\/v2\/product\/575"}],"collection":[{"href":"https:\/\/licoresveracruz.com\/fr\/wp-json\/wp\/v2\/product"}],"about":[{"href":"https:\/\/licoresveracruz.com\/fr\/wp-json\/wp\/v2\/types\/product"}],"replies":[{"embeddable":true,"href":"https:\/\/licoresveracruz.com\/fr\/wp-json\/wp\/v2\/comments?post=575"}],"wp:featuredmedia":[{"embeddable":true,"href":"https:\/\/licoresveracruz.com\/fr\/wp-json\/wp\/v2\/media\/1016"}],"wp:attachment":[{"href":"https:\/\/licoresveracruz.com\/fr\/wp-json\/wp\/v2\/media?parent=575"}],"wp:term":[{"taxonomy":"product_cat","embeddable":true,"href":"https:\/\/licoresveracruz.com\/fr\/wp-json\/wp\/v2\/product_cat?post=575"},{"taxonomy":"product_tag","embeddable":true,"href":"https:\/\/licoresveracruz.com\/fr\/wp-json\/wp\/v2\/product_tag?post=575"}],"curies":[{"name":"wp","href":"https:\/\/api.w.org\/{rel}","templated":true}]}}