{"id":574,"date":"2021-12-10T01:49:36","date_gmt":"2021-12-10T07:49:36","guid":{"rendered":"http:\/\/licoresveracruz.com\/?post_type=product&#038;p=574"},"modified":"2024-11-09T15:35:51","modified_gmt":"2024-11-09T21:35:51","slug":"licor_mentablanca_anamarina","status":"publish","type":"product","link":"https:\/\/licoresveracruz.com\/fr\/product\/liqueur_mentablanca_anamarina\/","title":{"rendered":"LIQUEUR DE MENTHE BLANCHE &quot;ANA MARINA&quot;"},"content":{"rendered":"<p><strong style=\"color: #850700;\">LIQUEUR DE MENTHE BLANCHE &quot;ANA MARINA&quot;<\/strong><\/p>\n<p>Des liqueurs de fruits et d&#39;herbes exquises id\u00e9ales pour \u00eatre m\u00e9lang\u00e9es dans des cocktails avec du rhum, de la vodka, de la tequila ou des jus. Sa saveur riche et d\u00e9licieuse flatte le palais. Essayez les!<\/p>\n<p><em>Notes de d\u00e9gustation :<\/em><\/p>\n<p><strong>VUE<\/strong> : Couleur verte brillante et intense, bonne densit\u00e9, propre, transparent et translucide.<\/p>\n<p><strong>NEZ<\/strong> : Ar\u00f4me herbac\u00e9 de menthe fra\u00eeche, avec des notes douces de sirop de sucre de canne naturel. <\/p>\n<p><strong>BOUCHE<\/strong> : Agr\u00e9able saveur naturelle de menthe, herbac\u00e9e, douce et fra\u00eeche, \u00e9quilibr\u00e9e en fra\u00eecheur, douceur et degr\u00e9 alcoolique. La liqueur de menthe est g\u00e9n\u00e9ralement une excellente option pour apporter de la fra\u00eecheur. Un excellent mixeur qui fait ressortir les saveurs des cocktails.<\/p>\n","protected":false},"excerpt":{"rendered":"<p>LIQUEUR DE MENTHE BLANCHE &quot;ANA MARINA&quot; Des liqueurs de fruits et d&#39;herbes exquises id\u00e9ales pour \u00eatre m\u00e9lang\u00e9es dans des cocktails avec du rhum, de la vodka, de la tequila ou des jus. Sa saveur riche et d\u00e9licieuse flatte le palais. Essayez les! Notes de d\u00e9gustation : VUE : Couleur verte [&hellip;]<\/p>\n","protected":false},"featured_media":1015,"comment_status":"open","ping_status":"closed","template":"","meta":[],"product_cat":[29],"product_tag":[193],"class_list":{"0":"post-574","1":"product","2":"type-product","3":"status-publish","4":"has-post-thumbnail","6":"product_cat-licores-de-barra","7":"product_tag-de-lujo","9":"first","10":"instock","11":"taxable","12":"shipping-taxable","13":"purchasable","14":"product-type-variable"},"_links":{"self":[{"href":"https:\/\/licoresveracruz.com\/fr\/wp-json\/wp\/v2\/product\/574"}],"collection":[{"href":"https:\/\/licoresveracruz.com\/fr\/wp-json\/wp\/v2\/product"}],"about":[{"href":"https:\/\/licoresveracruz.com\/fr\/wp-json\/wp\/v2\/types\/product"}],"replies":[{"embeddable":true,"href":"https:\/\/licoresveracruz.com\/fr\/wp-json\/wp\/v2\/comments?post=574"}],"wp:featuredmedia":[{"embeddable":true,"href":"https:\/\/licoresveracruz.com\/fr\/wp-json\/wp\/v2\/media\/1015"}],"wp:attachment":[{"href":"https:\/\/licoresveracruz.com\/fr\/wp-json\/wp\/v2\/media?parent=574"}],"wp:term":[{"taxonomy":"product_cat","embeddable":true,"href":"https:\/\/licoresveracruz.com\/fr\/wp-json\/wp\/v2\/product_cat?post=574"},{"taxonomy":"product_tag","embeddable":true,"href":"https:\/\/licoresveracruz.com\/fr\/wp-json\/wp\/v2\/product_tag?post=574"}],"curies":[{"name":"wp","href":"https:\/\/api.w.org\/{rel}","templated":true}]}}