{"id":572,"date":"2021-12-10T01:49:35","date_gmt":"2021-12-10T07:49:35","guid":{"rendered":"http:\/\/licoresveracruz.com\/?post_type=product&#038;p=572"},"modified":"2024-09-26T18:34:14","modified_gmt":"2024-09-26T23:34:14","slug":"licor_almendra_anamarina","status":"publish","type":"product","link":"https:\/\/licoresveracruz.com\/fr\/product\/liqueur_amande_anamarina\/","title":{"rendered":"LICOR DE ALMENDRA \u00ab\u00a0ANA MARINA\u00a0\u00bb"},"content":{"rendered":"<p><strong style=\"color: #850700;\">LIQUEUR D&rsquo;AMANDES \u00ab\u00a0ANA MARINA\u00a0\u00bb<\/p>\n<p><\/strong>Des liqueurs de fruits et d&rsquo;herbes exquises id\u00e9ales pour \u00eatre m\u00e9lang\u00e9es dans des cocktails avec du rhum, de la vodka, de la tequila ou des jus. Sa saveur riche et d\u00e9licieuse flatte le palais.<br \/>\nEssayez les!<\/p>\n<p><em>Notes de d\u00e9gustation :<\/em><\/p>\n<p><strong>VUE<\/strong> : Couleur ambr\u00e9e avec des reflets dor\u00e9s, bon corps, propre, translucide et brillant.<\/p>\n<p><strong>NEZ<\/strong> : Exquis ar\u00f4me d&rsquo;amande douce, l\u00e9g\u00e8re touche alcoolis\u00e9e et notes de caramel.<\/p>\n<p><strong>BOUCHE<\/strong> : Agr\u00e9able saveur sucr\u00e9e avec des notes de l\u00e9g\u00e8re amertume et acidit\u00e9, caract\u00e9ristiques des amandes. Vous pouvez le d\u00e9guster seul, avec de la glace, dans les desserts et comme ingr\u00e9dient dans les cocktails.<\/p>\n","protected":false},"excerpt":{"rendered":"<p>LIQUEUR D&rsquo;AMANDES \u00ab\u00a0ANA MARINA\u00a0\u00bb Des liqueurs de fruits et d&rsquo;herbes exquises id\u00e9ales pour \u00eatre m\u00e9lang\u00e9es dans des cocktails avec du rhum, de la vodka, de la tequila ou des jus. Sa saveur riche et d\u00e9licieuse flatte le palais. Essayez les! Notes de d\u00e9gustation : VUE : Couleur ambr\u00e9e avec des [&hellip;]<\/p>\n","protected":false},"featured_media":1010,"comment_status":"open","ping_status":"closed","template":"","meta":{"_wp_convertkit_post_meta":{"form":"-1","landing_page":"0","tag":"0","restrict_content":"0"}},"product_brand":[],"product_cat":[29],"product_tag":[193],"class_list":{"0":"post-572","1":"product","2":"type-product","3":"status-publish","4":"has-post-thumbnail","6":"product_cat-licores-de-barra","7":"product_tag-de-lujo","9":"first","10":"instock","11":"taxable","12":"shipping-taxable","13":"purchasable","14":"product-type-simple"},"_links":{"self":[{"href":"https:\/\/licoresveracruz.com\/fr\/wp-json\/wp\/v2\/product\/572","targetHints":{"allow":["GET"]}}],"collection":[{"href":"https:\/\/licoresveracruz.com\/fr\/wp-json\/wp\/v2\/product"}],"about":[{"href":"https:\/\/licoresveracruz.com\/fr\/wp-json\/wp\/v2\/types\/product"}],"replies":[{"embeddable":true,"href":"https:\/\/licoresveracruz.com\/fr\/wp-json\/wp\/v2\/comments?post=572"}],"wp:featuredmedia":[{"embeddable":true,"href":"https:\/\/licoresveracruz.com\/fr\/wp-json\/wp\/v2\/media\/1010"}],"wp:attachment":[{"href":"https:\/\/licoresveracruz.com\/fr\/wp-json\/wp\/v2\/media?parent=572"}],"wp:term":[{"taxonomy":"product_brand","embeddable":true,"href":"https:\/\/licoresveracruz.com\/fr\/wp-json\/wp\/v2\/product_brand?post=572"},{"taxonomy":"product_cat","embeddable":true,"href":"https:\/\/licoresveracruz.com\/fr\/wp-json\/wp\/v2\/product_cat?post=572"},{"taxonomy":"product_tag","embeddable":true,"href":"https:\/\/licoresveracruz.com\/fr\/wp-json\/wp\/v2\/product_tag?post=572"}],"curies":[{"name":"wp","href":"https:\/\/api.w.org\/{rel}","templated":true}]}}