{"id":571,"date":"2021-12-10T01:49:35","date_gmt":"2021-12-10T07:49:35","guid":{"rendered":"http:\/\/licoresveracruz.com\/?post_type=product&#038;p=571"},"modified":"2024-09-26T18:34:47","modified_gmt":"2024-09-26T23:34:47","slug":"licor_fresa_anamarina","status":"publish","type":"product","link":"https:\/\/licoresveracruz.com\/fr\/product\/liquor_fresa_anamarina\/","title":{"rendered":"LIQUEUR DE FRAISE &quot;ANA MARINA&quot;"},"content":{"rendered":"<p><strong style=\"color: #850700;\">LIQUEUR DE FRAISE &quot;ANA MARINA&quot;<\/strong><\/p>\n<p>Des liqueurs de fruits et d&#39;herbes exquises id\u00e9ales pour \u00eatre m\u00e9lang\u00e9es dans des cocktails avec du rhum, de la vodka, de la tequila ou des jus. Sa saveur riche et d\u00e9licieuse flatte le palais.<br \/>\nEssayez les!<\/p>\n<p><em>Notes de d\u00e9gustation :<\/em><\/p>\n<p><strong>VUE<\/strong> : Rouge vif et intense, bonne densit\u00e9, propre, translucide et brillant.<\/p>\n<p><strong>NEZ<\/strong> : Ar\u00f4me de confiserie \u00e0 la fraise, agr\u00e9ment\u00e9 de douces notes fruit\u00e9es.<\/p>\n<p><strong>BOUCHE<\/strong> : Saveur de fraise, l\u00e9g\u00e8rement aigre-douce, envelopp\u00e9e de notes de caramel en parfait \u00e9quilibre avec la teneur en alcool, elle offre une sensation gourmande et onctueuse en bouche lorsqu&#39;elle est m\u00e9lang\u00e9e \u00e0 des cocktails.<\/p>\n","protected":false},"excerpt":{"rendered":"<p>LIQUEUR DE FRAISE &quot;ANA MARINA&quot; Des liqueurs de fruits et d&#39;herbes exquises id\u00e9ales pour \u00eatre m\u00e9lang\u00e9es dans des cocktails avec du rhum, de la vodka, de la tequila ou des jus. Sa saveur riche et d\u00e9licieuse flatte le palais. Essayez les! Notes de d\u00e9gustation : VUE : Rouge vif et [&hellip;]<\/p>\n","protected":false},"featured_media":1013,"comment_status":"open","ping_status":"closed","template":"","meta":{"_wp_convertkit_post_meta":{"form":"-1","landing_page":"0","tag":"0","restrict_content":"0"}},"product_brand":[],"product_cat":[29],"product_tag":[193],"class_list":{"0":"post-571","1":"product","2":"type-product","3":"status-publish","4":"has-post-thumbnail","6":"product_cat-licores-de-barra","7":"product_tag-de-lujo","9":"first","10":"instock","11":"taxable","12":"shipping-taxable","13":"purchasable","14":"product-type-variable"},"_links":{"self":[{"href":"https:\/\/licoresveracruz.com\/fr\/wp-json\/wp\/v2\/product\/571","targetHints":{"allow":["GET"]}}],"collection":[{"href":"https:\/\/licoresveracruz.com\/fr\/wp-json\/wp\/v2\/product"}],"about":[{"href":"https:\/\/licoresveracruz.com\/fr\/wp-json\/wp\/v2\/types\/product"}],"replies":[{"embeddable":true,"href":"https:\/\/licoresveracruz.com\/fr\/wp-json\/wp\/v2\/comments?post=571"}],"wp:featuredmedia":[{"embeddable":true,"href":"https:\/\/licoresveracruz.com\/fr\/wp-json\/wp\/v2\/media\/1013"}],"wp:attachment":[{"href":"https:\/\/licoresveracruz.com\/fr\/wp-json\/wp\/v2\/media?parent=571"}],"wp:term":[{"taxonomy":"product_brand","embeddable":true,"href":"https:\/\/licoresveracruz.com\/fr\/wp-json\/wp\/v2\/product_brand?post=571"},{"taxonomy":"product_cat","embeddable":true,"href":"https:\/\/licoresveracruz.com\/fr\/wp-json\/wp\/v2\/product_cat?post=571"},{"taxonomy":"product_tag","embeddable":true,"href":"https:\/\/licoresveracruz.com\/fr\/wp-json\/wp\/v2\/product_tag?post=571"}],"curies":[{"name":"wp","href":"https:\/\/api.w.org\/{rel}","templated":true}]}}