{"id":569,"date":"2021-12-10T01:49:35","date_gmt":"2021-12-10T07:49:35","guid":{"rendered":"http:\/\/licoresveracruz.com\/?post_type=product&#038;p=569"},"modified":"2024-09-26T18:44:48","modified_gmt":"2024-09-26T23:44:48","slug":"licor_bcuracao_anamarina","status":"publish","type":"product","link":"https:\/\/licoresveracruz.com\/fr\/product\/licor_bcuracao_anamarina\/","title":{"rendered":"LIQUEUR DE CURA\u00c7AO BLEU &quot;ANA MARINA&quot;"},"content":{"rendered":"<p><strong style=\"color: #850700;\">LIQUEUR DE CURA\u00c7AO BLEU \u00ab\u00a0ANA MARINA\u00a0\u00bb<\/p>\n<p><\/strong> Liqueurs de fruits et d&rsquo;herbes exquises id\u00e9ales pour \u00eatre m\u00e9lang\u00e9es dans des cocktails avec du rhum, de la vodka, de la tequila ou des jus. Sa saveur riche et d\u00e9licieuse flatte le palais.<br \/>\nEssayez les!<\/p>\n<p><em>Notes de d\u00e9gustation :<\/p>\n<p><\/em> <strong>VUE<\/strong> : Bleu vif, bonne densit\u00e9, propre, translucide et brillant.<\/p>\n<p><strong>NEZ<\/strong> : Ar\u00f4me d&rsquo;orange et d&rsquo;\u00e9corce d&rsquo;orange, agr\u00e9ment\u00e9 de notes douces et citriques, obtenu par mac\u00e9ration d&rsquo;oranges.<\/p>\n<p><strong>BOUCHE<\/strong> : Agr\u00e9able saveur naturelle d&rsquo;orange, \u00e9quilibre entre saveur, acidit\u00e9 et degr\u00e9 alcoolique. Id\u00e9al pour ajouter une touche d&rsquo;agrumes et une couleur bleue fra\u00eeche \u00e0 votre cocktail, bien plus qu&rsquo;un mixeur.<\/p>\n","protected":false},"excerpt":{"rendered":"<p>LIQUEUR DE CURA\u00c7AO BLEU \u00ab\u00a0ANA MARINA\u00a0\u00bb Liqueurs de fruits et d&rsquo;herbes exquises id\u00e9ales pour \u00eatre m\u00e9lang\u00e9es dans des cocktails avec du rhum, de la vodka, de la tequila ou des jus. Sa saveur riche et d\u00e9licieuse flatte le palais. Essayez les! Notes de d\u00e9gustation : VUE : Bleu vif, bonne [&hellip;]<\/p>\n","protected":false},"featured_media":1011,"comment_status":"open","ping_status":"closed","template":"","meta":{"_wp_convertkit_post_meta":{"form":"-1","landing_page":"0","tag":"0","restrict_content":"0"}},"product_brand":[],"product_cat":[29],"product_tag":[193],"class_list":{"0":"post-569","1":"product","2":"type-product","3":"status-publish","4":"has-post-thumbnail","6":"product_cat-licores-de-barra","7":"product_tag-de-lujo","9":"first","10":"instock","11":"taxable","12":"shipping-taxable","13":"purchasable","14":"product-type-variable"},"_links":{"self":[{"href":"https:\/\/licoresveracruz.com\/fr\/wp-json\/wp\/v2\/product\/569","targetHints":{"allow":["GET"]}}],"collection":[{"href":"https:\/\/licoresveracruz.com\/fr\/wp-json\/wp\/v2\/product"}],"about":[{"href":"https:\/\/licoresveracruz.com\/fr\/wp-json\/wp\/v2\/types\/product"}],"replies":[{"embeddable":true,"href":"https:\/\/licoresveracruz.com\/fr\/wp-json\/wp\/v2\/comments?post=569"}],"wp:featuredmedia":[{"embeddable":true,"href":"https:\/\/licoresveracruz.com\/fr\/wp-json\/wp\/v2\/media\/1011"}],"wp:attachment":[{"href":"https:\/\/licoresveracruz.com\/fr\/wp-json\/wp\/v2\/media?parent=569"}],"wp:term":[{"taxonomy":"product_brand","embeddable":true,"href":"https:\/\/licoresveracruz.com\/fr\/wp-json\/wp\/v2\/product_brand?post=569"},{"taxonomy":"product_cat","embeddable":true,"href":"https:\/\/licoresveracruz.com\/fr\/wp-json\/wp\/v2\/product_cat?post=569"},{"taxonomy":"product_tag","embeddable":true,"href":"https:\/\/licoresveracruz.com\/fr\/wp-json\/wp\/v2\/product_tag?post=569"}],"curies":[{"name":"wp","href":"https:\/\/api.w.org\/{rel}","templated":true}]}}