{"id":568,"date":"2021-12-10T01:49:35","date_gmt":"2021-12-10T07:49:35","guid":{"rendered":"http:\/\/licoresveracruz.com\/?post_type=product&#038;p=568"},"modified":"2024-09-26T18:46:24","modified_gmt":"2024-09-26T23:46:24","slug":"licor-de-pina-la-lupe","status":"publish","type":"product","link":"https:\/\/licoresveracruz.com\/fr\/product\/liqueur-de-pina-la-lupe\/","title":{"rendered":"LIQUEUR D&#39;ANANAS &quot;LA LUPE&quot;"},"content":{"rendered":"<p>Des liqueurs de fruits et d&#39;herbes exquises id\u00e9ales pour \u00eatre m\u00e9lang\u00e9es dans des cocktails avec du rhum, de la vodka, de la tequila ou des jus. Sa saveur riche et d\u00e9licieuse flatte le palais. Essayez les!<\/p>\n<p><em>Notes de d\u00e9gustation :<\/em><\/p>\n<p><strong>VUE<\/strong> : Liqueur de couleur ambr\u00e9e avec des reflets jaunes, bon corps, propre, translucide et brillant <\/p>\n<p><strong>NEZ<\/strong> : Ar\u00f4me parfum\u00e9 et frais caract\u00e9ristique de ce fruit tropical.<\/p>\n<p><strong>BOUCHE<\/strong> : Agr\u00e9able saveur aigre-douce d&#39;ananas m\u00fbr, rafra\u00eechissante avec une pointe d&#39;acidit\u00e9 et d\u00e9licieusement sucr\u00e9e.<\/p>\n","protected":false},"excerpt":{"rendered":"<p>Des liqueurs de fruits et d&#39;herbes exquises id\u00e9ales pour \u00eatre m\u00e9lang\u00e9es dans des cocktails avec du rhum, de la vodka, de la tequila ou des jus. Sa saveur riche et d\u00e9licieuse flatte le palais. Essayez les! Notes de d\u00e9gustation : VUE : Liqueur de couleur ambr\u00e9e avec des reflets jaunes, [&hellip;]<\/p>\n","protected":false},"featured_media":1018,"comment_status":"open","ping_status":"closed","template":"","meta":[],"product_cat":[29],"product_tag":[193],"class_list":{"0":"post-568","1":"product","2":"type-product","3":"status-publish","4":"has-post-thumbnail","6":"product_cat-licores-de-barra","7":"product_tag-de-lujo","9":"first","10":"instock","11":"taxable","12":"shipping-taxable","13":"purchasable","14":"product-type-simple"},"_links":{"self":[{"href":"https:\/\/licoresveracruz.com\/fr\/wp-json\/wp\/v2\/product\/568"}],"collection":[{"href":"https:\/\/licoresveracruz.com\/fr\/wp-json\/wp\/v2\/product"}],"about":[{"href":"https:\/\/licoresveracruz.com\/fr\/wp-json\/wp\/v2\/types\/product"}],"replies":[{"embeddable":true,"href":"https:\/\/licoresveracruz.com\/fr\/wp-json\/wp\/v2\/comments?post=568"}],"wp:featuredmedia":[{"embeddable":true,"href":"https:\/\/licoresveracruz.com\/fr\/wp-json\/wp\/v2\/media\/1018"}],"wp:attachment":[{"href":"https:\/\/licoresveracruz.com\/fr\/wp-json\/wp\/v2\/media?parent=568"}],"wp:term":[{"taxonomy":"product_cat","embeddable":true,"href":"https:\/\/licoresveracruz.com\/fr\/wp-json\/wp\/v2\/product_cat?post=568"},{"taxonomy":"product_tag","embeddable":true,"href":"https:\/\/licoresveracruz.com\/fr\/wp-json\/wp\/v2\/product_tag?post=568"}],"curies":[{"name":"wp","href":"https:\/\/api.w.org\/{rel}","templated":true}]}}