{"id":567,"date":"2021-12-10T01:49:35","date_gmt":"2021-12-10T07:49:35","guid":{"rendered":"http:\/\/licoresveracruz.com\/?post_type=product&#038;p=567"},"modified":"2024-09-26T18:47:42","modified_gmt":"2024-09-26T23:47:42","slug":"licor-de-naranja-la-lupe","status":"publish","type":"product","link":"https:\/\/licoresveracruz.com\/fr\/product\/orange-liqueur-la-lupe\/","title":{"rendered":"LIQUEUR D&#39;ORANGE &quot;LA LUPE&quot;"},"content":{"rendered":"<p><strong style=\"color: #850700;\">LIQUEUR D&#39;ORANGE &quot;LA LUPE&quot; Des<\/strong><\/p>\n<p>liqueurs de fruits et d&#39;herbes exquises id\u00e9ales pour \u00eatre m\u00e9lang\u00e9es dans des cocktails avec du rhum, de la vodka, de la tequila ou des jus. Sa saveur riche et d\u00e9licieuse flatte le palais. Essayez les! <\/p>\n<p><em>Notes de d\u00e9gustation :<\/em><\/p>\n<p><strong>VUE<\/strong> : Tons orang\u00e9s et dor\u00e9s, bonne densit\u00e9, net, translucide et brillant.<\/p>\n<p><strong>NEZ<\/strong> : Ar\u00f4me d&#39;orange et d&#39;\u00e9corce d&#39;orange, agr\u00e9ment\u00e9 de notes douces et bois\u00e9es, obtenu par mac\u00e9ration d&#39;orange.<\/p>\n<p><strong>BOUCHE<\/strong> : Agr\u00e9able saveur d&#39;orange, \u00e9quilibre entre saveur, acidit\u00e9 et degr\u00e9 alcoolique.<\/p>\n","protected":false},"excerpt":{"rendered":"<p>LIQUEUR D&#39;ORANGE &quot;LA LUPE&quot; Des liqueurs de fruits et d&#39;herbes exquises id\u00e9ales pour \u00eatre m\u00e9lang\u00e9es dans des cocktails avec du rhum, de la vodka, de la tequila ou des jus. Sa saveur riche et d\u00e9licieuse flatte le palais. Essayez les! Notes de d\u00e9gustation : VUE : Tons orang\u00e9s et dor\u00e9s, [&hellip;]<\/p>\n","protected":false},"featured_media":1023,"comment_status":"open","ping_status":"closed","template":"","meta":[],"product_cat":[29],"product_tag":[193],"class_list":{"0":"post-567","1":"product","2":"type-product","3":"status-publish","4":"has-post-thumbnail","6":"product_cat-licores-de-barra","7":"product_tag-de-lujo","9":"first","10":"instock","11":"taxable","12":"shipping-taxable","13":"purchasable","14":"product-type-simple"},"_links":{"self":[{"href":"https:\/\/licoresveracruz.com\/fr\/wp-json\/wp\/v2\/product\/567"}],"collection":[{"href":"https:\/\/licoresveracruz.com\/fr\/wp-json\/wp\/v2\/product"}],"about":[{"href":"https:\/\/licoresveracruz.com\/fr\/wp-json\/wp\/v2\/types\/product"}],"replies":[{"embeddable":true,"href":"https:\/\/licoresveracruz.com\/fr\/wp-json\/wp\/v2\/comments?post=567"}],"wp:featuredmedia":[{"embeddable":true,"href":"https:\/\/licoresveracruz.com\/fr\/wp-json\/wp\/v2\/media\/1023"}],"wp:attachment":[{"href":"https:\/\/licoresveracruz.com\/fr\/wp-json\/wp\/v2\/media?parent=567"}],"wp:term":[{"taxonomy":"product_cat","embeddable":true,"href":"https:\/\/licoresveracruz.com\/fr\/wp-json\/wp\/v2\/product_cat?post=567"},{"taxonomy":"product_tag","embeddable":true,"href":"https:\/\/licoresveracruz.com\/fr\/wp-json\/wp\/v2\/product_tag?post=567"}],"curies":[{"name":"wp","href":"https:\/\/api.w.org\/{rel}","templated":true}]}}