{"id":566,"date":"2021-12-10T01:49:35","date_gmt":"2021-12-10T07:49:35","guid":{"rendered":"http:\/\/licoresveracruz.com\/?post_type=product&#038;p=566"},"modified":"2024-09-26T18:48:09","modified_gmt":"2024-09-26T23:48:09","slug":"licor-de-nanche-la-lupe","status":"publish","type":"product","link":"https:\/\/licoresveracruz.com\/fr\/product\/licor-de-nanche-la-lupe\/","title":{"rendered":"LIQUEUR DE NANCHE &quot;LA LUPE&quot;"},"content":{"rendered":"<p><strong style=\"color: #850700;\">LIQUEUR DE NANCHE &quot;LA LUPE&quot; Des<\/strong><\/p>\n<p>liqueurs de fruits et d&#39;herbes exquises id\u00e9ales pour \u00eatre m\u00e9lang\u00e9es dans des cocktails avec du rhum, de la vodka, de la tequila ou des jus. Sa saveur riche et d\u00e9licieuse flatte le palais. Essayez les!<\/p>\n<p><em>Notes de d\u00e9gustation :<\/em><\/p>\n<p><strong>VUE<\/strong> : Liqueur de couleur ambr\u00e9e aux reflets dor\u00e9s, de bonne densit\u00e9, propre, translucide et brillante. <\/p>\n<p><strong>NEZ<\/strong> : Puissant ar\u00f4me fruit\u00e9 de nanche naturelle, agr\u00e9ment\u00e9 de notes sucr\u00e9es et de d\u00e9licates notes bois\u00e9es. Obtenu par mac\u00e9ration naturelle du fruit.<\/p>\n<p><strong>BOUCHE<\/strong> : Agr\u00e9able saveur naturelle aigre-douce de ce fruit mexicain traditionnel envelopp\u00e9 de notes de caramel et d&#39;un excellent \u00e9quilibre entre notes sucr\u00e9es et fruit\u00e9es, acidit\u00e9, astringence et degr\u00e9 alcoolique d\u00e9licat.<\/p>\n","protected":false},"excerpt":{"rendered":"<p>LIQUEUR DE NANCHE &quot;LA LUPE&quot; Des liqueurs de fruits et d&#39;herbes exquises id\u00e9ales pour \u00eatre m\u00e9lang\u00e9es dans des cocktails avec du rhum, de la vodka, de la tequila ou des jus. Sa saveur riche et d\u00e9licieuse flatte le palais. Essayez les! Notes de d\u00e9gustation : VUE : Liqueur de couleur [&hellip;]<\/p>\n","protected":false},"featured_media":1022,"comment_status":"open","ping_status":"closed","template":"","meta":{"_wp_convertkit_post_meta":{"form":"-1","landing_page":"0","tag":"0","restrict_content":"0"}},"product_brand":[],"product_cat":[29],"product_tag":[193],"class_list":{"0":"post-566","1":"product","2":"type-product","3":"status-publish","4":"has-post-thumbnail","6":"product_cat-licores-de-barra","7":"product_tag-de-lujo","9":"first","10":"instock","11":"taxable","12":"shipping-taxable","13":"purchasable","14":"product-type-simple"},"_links":{"self":[{"href":"https:\/\/licoresveracruz.com\/fr\/wp-json\/wp\/v2\/product\/566","targetHints":{"allow":["GET"]}}],"collection":[{"href":"https:\/\/licoresveracruz.com\/fr\/wp-json\/wp\/v2\/product"}],"about":[{"href":"https:\/\/licoresveracruz.com\/fr\/wp-json\/wp\/v2\/types\/product"}],"replies":[{"embeddable":true,"href":"https:\/\/licoresveracruz.com\/fr\/wp-json\/wp\/v2\/comments?post=566"}],"wp:featuredmedia":[{"embeddable":true,"href":"https:\/\/licoresveracruz.com\/fr\/wp-json\/wp\/v2\/media\/1022"}],"wp:attachment":[{"href":"https:\/\/licoresveracruz.com\/fr\/wp-json\/wp\/v2\/media?parent=566"}],"wp:term":[{"taxonomy":"product_brand","embeddable":true,"href":"https:\/\/licoresveracruz.com\/fr\/wp-json\/wp\/v2\/product_brand?post=566"},{"taxonomy":"product_cat","embeddable":true,"href":"https:\/\/licoresveracruz.com\/fr\/wp-json\/wp\/v2\/product_cat?post=566"},{"taxonomy":"product_tag","embeddable":true,"href":"https:\/\/licoresveracruz.com\/fr\/wp-json\/wp\/v2\/product_tag?post=566"}],"curies":[{"name":"wp","href":"https:\/\/api.w.org\/{rel}","templated":true}]}}