{"id":564,"date":"2021-12-10T01:49:34","date_gmt":"2021-12-10T07:49:34","guid":{"rendered":"http:\/\/licoresveracruz.com\/?post_type=product&#038;p=564"},"modified":"2024-09-26T19:08:27","modified_gmt":"2024-09-27T00:08:27","slug":"licor-manzana-la-lupe","status":"publish","type":"product","link":"https:\/\/licoresveracruz.com\/fr\/product\/liqueur-pomme-la-lupe\/","title":{"rendered":"LIQUEUR DE POMME &quot;LA LUPE&quot;"},"content":{"rendered":"<p><strong style=\"color: #850700;\">LIQUEUR DE POMME &quot;LA LUPE&quot; Des<\/strong><\/p>\n<p> liqueurs de fruits et d&#39;herbes exquises id\u00e9ales pour \u00eatre m\u00e9lang\u00e9es dans des cocktails avec du rhum, de la vodka, de la tequila ou des jus. Sa saveur riche et d\u00e9licieuse flatte le palais. Essayez les! <\/p>\n<p><em>Notes de d\u00e9gustation :<\/em> <\/p>\n<p><strong>VUE<\/strong> : Liqueur de couleur ambr\u00e9e avec des tons dor\u00e9s fonc\u00e9s, de bonne densit\u00e9, propre, translucide et brillante. <\/p>\n<p><strong>NEZ<\/strong> : Ar\u00f4me de pomme d\u00e9shydrat\u00e9e, obtenu par mac\u00e9ration de pomme, avec de douces notes de caramel et une l\u00e9g\u00e8re acidit\u00e9.<\/p>\n<p><strong>BOUCHE<\/strong> : Agr\u00e9able saveur naturelle de pomme, douce, l\u00e9g\u00e8re, acidit\u00e9 subtile et degr\u00e9 alcoolique \u00e9quilibr\u00e9.<\/p>\n","protected":false},"excerpt":{"rendered":"<p>LIQUEUR DE POMME &quot;LA LUPE&quot; Des liqueurs de fruits et d&#39;herbes exquises id\u00e9ales pour \u00eatre m\u00e9lang\u00e9es dans des cocktails avec du rhum, de la vodka, de la tequila ou des jus. Sa saveur riche et d\u00e9licieuse flatte le palais. Essayez les! Notes de d\u00e9gustation : VUE : Liqueur de couleur [&hellip;]<\/p>\n","protected":false},"featured_media":1020,"comment_status":"open","ping_status":"closed","template":"","meta":{"_wp_convertkit_post_meta":{"form":"-1","landing_page":"0","tag":"0","restrict_content":"0"}},"product_brand":[],"product_cat":[29],"product_tag":[193],"class_list":{"0":"post-564","1":"product","2":"type-product","3":"status-publish","4":"has-post-thumbnail","6":"product_cat-licores-de-barra","7":"product_tag-de-lujo","9":"first","10":"instock","11":"taxable","12":"shipping-taxable","13":"purchasable","14":"product-type-simple"},"_links":{"self":[{"href":"https:\/\/licoresveracruz.com\/fr\/wp-json\/wp\/v2\/product\/564","targetHints":{"allow":["GET"]}}],"collection":[{"href":"https:\/\/licoresveracruz.com\/fr\/wp-json\/wp\/v2\/product"}],"about":[{"href":"https:\/\/licoresveracruz.com\/fr\/wp-json\/wp\/v2\/types\/product"}],"replies":[{"embeddable":true,"href":"https:\/\/licoresveracruz.com\/fr\/wp-json\/wp\/v2\/comments?post=564"}],"wp:featuredmedia":[{"embeddable":true,"href":"https:\/\/licoresveracruz.com\/fr\/wp-json\/wp\/v2\/media\/1020"}],"wp:attachment":[{"href":"https:\/\/licoresveracruz.com\/fr\/wp-json\/wp\/v2\/media?parent=564"}],"wp:term":[{"taxonomy":"product_brand","embeddable":true,"href":"https:\/\/licoresveracruz.com\/fr\/wp-json\/wp\/v2\/product_brand?post=564"},{"taxonomy":"product_cat","embeddable":true,"href":"https:\/\/licoresveracruz.com\/fr\/wp-json\/wp\/v2\/product_cat?post=564"},{"taxonomy":"product_tag","embeddable":true,"href":"https:\/\/licoresveracruz.com\/fr\/wp-json\/wp\/v2\/product_tag?post=564"}],"curies":[{"name":"wp","href":"https:\/\/api.w.org\/{rel}","templated":true}]}}