{"id":563,"date":"2021-12-10T01:49:34","date_gmt":"2021-12-10T07:49:34","guid":{"rendered":"http:\/\/licoresveracruz.com\/?post_type=product&#038;p=563"},"modified":"2024-09-26T19:08:07","modified_gmt":"2024-09-27T00:08:07","slug":"licores-de-ciruela-la-lupe","status":"publish","type":"product","link":"https:\/\/licoresveracruz.com\/fr\/product\/liqueurs-de-prune-la-lupe\/","title":{"rendered":"LIQUEUR DE PRUNE &quot;LA LUPE&quot;"},"content":{"rendered":"<p><strong style=\"color: #850700;\">LIQUEUR DE PRUNE &quot;LA LUPE&quot; Des<\/strong><\/p>\n<p>liqueurs de fruits et d&#39;herbes exquises id\u00e9ales pour \u00eatre m\u00e9lang\u00e9es dans des cocktails avec du rhum, de la vodka, de la tequila ou des jus. Sa saveur riche et d\u00e9licieuse flatte le palais. Essayez les!<\/p>\n<p><em>Notes de d\u00e9gustation :<\/em><\/p>\n<p><strong>VUE<\/strong> : Liqueur de couleur acajou aux reflets rouge\u00e2tres, de belle mati\u00e8re, nette, translucide et brillante <\/p>\n<p><strong>NEZ<\/strong> : Subtil ar\u00f4me frais et fruit\u00e9, caract\u00e9ristique du fruit frais qui lui donne son nom. <\/p>\n<p><strong>BOUCHE<\/strong> : Saveur fra\u00eeche et fruit\u00e9e, caract\u00e9ristique de la prune avec des notes acides et sucr\u00e9es avec de discr\u00e8tes touches am\u00e8res, \u00e9l\u00e9gamment \u00e9quilibr\u00e9es.<\/p>\n","protected":false},"excerpt":{"rendered":"<p>LIQUEUR DE PRUNE &quot;LA LUPE&quot; Des liqueurs de fruits et d&#39;herbes exquises id\u00e9ales pour \u00eatre m\u00e9lang\u00e9es dans des cocktails avec du rhum, de la vodka, de la tequila ou des jus. Sa saveur riche et d\u00e9licieuse flatte le palais. Essayez les! Notes de d\u00e9gustation : VUE : Liqueur de couleur [&hellip;]<\/p>\n","protected":false},"featured_media":1019,"comment_status":"open","ping_status":"closed","template":"","meta":{"_wp_convertkit_post_meta":{"form":"-1","landing_page":"0","tag":"0","restrict_content":"0"}},"product_brand":[],"product_cat":[29],"product_tag":[193],"class_list":{"0":"post-563","1":"product","2":"type-product","3":"status-publish","4":"has-post-thumbnail","6":"product_cat-licores-de-barra","7":"product_tag-de-lujo","9":"first","10":"instock","11":"taxable","12":"shipping-taxable","13":"purchasable","14":"product-type-simple"},"_links":{"self":[{"href":"https:\/\/licoresveracruz.com\/fr\/wp-json\/wp\/v2\/product\/563","targetHints":{"allow":["GET"]}}],"collection":[{"href":"https:\/\/licoresveracruz.com\/fr\/wp-json\/wp\/v2\/product"}],"about":[{"href":"https:\/\/licoresveracruz.com\/fr\/wp-json\/wp\/v2\/types\/product"}],"replies":[{"embeddable":true,"href":"https:\/\/licoresveracruz.com\/fr\/wp-json\/wp\/v2\/comments?post=563"}],"wp:featuredmedia":[{"embeddable":true,"href":"https:\/\/licoresveracruz.com\/fr\/wp-json\/wp\/v2\/media\/1019"}],"wp:attachment":[{"href":"https:\/\/licoresveracruz.com\/fr\/wp-json\/wp\/v2\/media?parent=563"}],"wp:term":[{"taxonomy":"product_brand","embeddable":true,"href":"https:\/\/licoresveracruz.com\/fr\/wp-json\/wp\/v2\/product_brand?post=563"},{"taxonomy":"product_cat","embeddable":true,"href":"https:\/\/licoresveracruz.com\/fr\/wp-json\/wp\/v2\/product_cat?post=563"},{"taxonomy":"product_tag","embeddable":true,"href":"https:\/\/licoresveracruz.com\/fr\/wp-json\/wp\/v2\/product_tag?post=563"}],"curies":[{"name":"wp","href":"https:\/\/api.w.org\/{rel}","templated":true}]}}