{"id":562,"date":"2021-12-10T01:49:34","date_gmt":"2021-12-10T07:49:34","guid":{"rendered":"http:\/\/licoresveracruz.com\/?post_type=product&#038;p=562"},"modified":"2024-09-26T19:07:37","modified_gmt":"2024-09-27T00:07:37","slug":"vino-de-consagrar-santorini","status":"publish","type":"product","link":"https:\/\/licoresveracruz.com\/fr\/product\/vin-a-consacrer-santorin\/","title":{"rendered":"UN G\u00c9N\u00c9REUX VIN DE RAISIN \u00c0 CONSACRER \"SANTORINI\""},"content":{"rendered":"<p><strong style=\"color: #850700;\">UN G\u00c9N\u00c9REUX VIN DE RAISIN \u00c0 CONSACRER \u00ab\u00a0SANTORINI\u00a0\u00bb<\/strong><\/p>\n<blockquote><p>Vin Rouge Sacramentel au Raisin Moscatel 750 ml 17% Alc.Vol. (34 Preuve)-Avec le sceau d&rsquo;approbation de l&rsquo;archidioc\u00e8se de Mexico.<\/p><\/blockquote>\n<p>Vin g\u00e9n\u00e9reux et exquis, conditionn\u00e9 dans une bouteille classique, formul\u00e9 avec du vin de raisin rouge de la plus haute qualit\u00e9. Vieilli en f\u00fbt o\u00f9 il obtient une saveur incomparable et chaleureuse. Acajou fonc\u00e9 avec des reflets rouge\u00e2tres, typiques du raisin qui en est \u00e0 l&rsquo;origine, ar\u00f4me naturel exquis des raisins, grand corps et douceur en bouche, \u00e9quilibre naturel entre l&rsquo;acidit\u00e9 et la douceur.<\/p>\n<p>Vin fortifi\u00e9 exquis, \u00e9labor\u00e9 avec des raisins rouges de la plus haute qualit\u00e9. Vieilli en f\u00fbts de ch\u00eane blanc europ\u00e9en o\u00f9 il obtient la saveur qui le caract\u00e9rise et le distingue de tout autre sur le march\u00e9.<\/p>\n<p>Cordial, l\u00e9ger, subtilement sucr\u00e9 avec une acidit\u00e9 \u00e9quilibr\u00e9e, caract\u00e9ristique du c\u00e9page.<\/p>\n<p>Il a le sceau d&rsquo;autorisation de l&rsquo;Archev\u00each\u00e9 de Chihuahua pour \u00eatre utilis\u00e9 dans la C\u00e9l\u00e9bration du Saint Sacrifice de la Messe.<\/p>\n<p>Vin g\u00e9n\u00e9reux \u00e0 consacrer; Finement \u00e9labor\u00e9 avec du vin de raisin.<\/p>\n<p>L\u00e9g\u00e8rement sucr\u00e9 et bon corps fourni par le mo\u00fbt du raisin qui l&rsquo;a produit.<\/p>\n<p><em>Notes de d\u00e9gustation :<\/em><\/p>\n<p><strong>VUE<\/strong> : Couleur acajou fonc\u00e9 avec des reflets rouge\u00e2tres, typique du c\u00e9page. Corps consistant et densit\u00e9 moyenne.<\/p>\n<p><strong>NEZ<\/strong> : Ar\u00f4me naturel exquis de raisin, \u00e9quilibre naturel entre acidit\u00e9 et douceur.<\/p>\n<p><strong>BOUCHE<\/strong> : Bon corps, onctueux en bouche, saveur \u00e0 dominante de raisin avec une douceur d\u00e9licate et une acidit\u00e9 caract\u00e9ristique.<\/p>\n","protected":false},"excerpt":{"rendered":"<p><span>Vin de raisins rouges de la plus haute qualit\u00e9.<\/span><\/p>\n","protected":false},"featured_media":1032,"comment_status":"open","ping_status":"closed","template":"","meta":[],"product_cat":[33],"product_tag":[191],"class_list":{"0":"post-562","1":"product","2":"type-product","3":"status-publish","4":"has-post-thumbnail","6":"product_cat-cordiales","7":"product_tag-tradicional","9":"first","10":"instock","11":"taxable","12":"shipping-taxable","13":"purchasable","14":"product-type-simple"},"_links":{"self":[{"href":"https:\/\/licoresveracruz.com\/fr\/wp-json\/wp\/v2\/product\/562"}],"collection":[{"href":"https:\/\/licoresveracruz.com\/fr\/wp-json\/wp\/v2\/product"}],"about":[{"href":"https:\/\/licoresveracruz.com\/fr\/wp-json\/wp\/v2\/types\/product"}],"replies":[{"embeddable":true,"href":"https:\/\/licoresveracruz.com\/fr\/wp-json\/wp\/v2\/comments?post=562"}],"wp:featuredmedia":[{"embeddable":true,"href":"https:\/\/licoresveracruz.com\/fr\/wp-json\/wp\/v2\/media\/1032"}],"wp:attachment":[{"href":"https:\/\/licoresveracruz.com\/fr\/wp-json\/wp\/v2\/media?parent=562"}],"wp:term":[{"taxonomy":"product_cat","embeddable":true,"href":"https:\/\/licoresveracruz.com\/fr\/wp-json\/wp\/v2\/product_cat?post=562"},{"taxonomy":"product_tag","embeddable":true,"href":"https:\/\/licoresveracruz.com\/fr\/wp-json\/wp\/v2\/product_tag?post=562"}],"curies":[{"name":"wp","href":"https:\/\/api.w.org\/{rel}","templated":true}]}}