{"id":561,"date":"2021-12-10T01:49:34","date_gmt":"2021-12-10T07:49:34","guid":{"rendered":"http:\/\/licoresveracruz.com\/?post_type=product&#038;p=561"},"modified":"2024-09-26T18:52:46","modified_gmt":"2024-09-26T23:52:46","slug":"anis_la_lupe","status":"publish","type":"product","link":"https:\/\/licoresveracruz.com\/fr\/product\/anis_la_lupe\/","title":{"rendered":"ANIS DOUX \u201cLA LUPE\u201d"},"content":{"rendered":"<p><strong style=\"color: #850700;\">ANIS DOUX \u201cLA LUPE\u201d<\/strong><\/p>\n<p>Digestif classique et chaleureux pour des palais raffin\u00e9s. Son corps, son ar\u00f4me et son go\u00fbt sucr\u00e9 refl\u00e8tent les m\u00e9thodes d&rsquo;\u00e9laboration traditionnelles avec une formule espagnole exquise et ancienne que nous avons soigneusement respect\u00e9e depuis plusieurs g\u00e9n\u00e9rations. Il est largement accept\u00e9 depuis de nombreuses ann\u00e9es.<\/p>\n<p>Seul, sur les rochers ou en m\u00e9lange, sa finesse est incomparable.<\/p>\n<p>Classique digestif et cordial pour palais raffin\u00e9s.<\/p>\n<p>Son corps, son ar\u00f4me et sa saveur sucr\u00e9e refl\u00e8tent les m\u00e9thodes de production traditionnelles avec une formule espagnole exquise et ancienne que nous respectons soigneusement depuis plusieurs g\u00e9n\u00e9rations.<\/p>\n<p>Il jouit d&rsquo;une grande acceptation depuis de nombreuses ann\u00e9es. Seul, on the rocks ou en m\u00e9lange, sa finesse est incomparable.<\/p>\n<p><em>Notes de d\u00e9gustation :<\/em><\/p>\n<p><strong>Vue<\/strong> : Boisson claire et cors\u00e9e, avec une excellente brillance et un drainage lent.<\/p>\n<p><strong>Nez<\/strong> : Ar\u00f4me exquis d&rsquo;anis naturel.<\/p>\n<p><strong>Bouche<\/strong> : Consistance dense et aromatique, qui r\u00e9v\u00e8le sa qualit\u00e9 de fabrication.<\/p>\n","protected":false},"excerpt":{"rendered":"<p>Classique digestif et chaleureux pour palais raffin\u00e9s.<\/p>\n","protected":false},"featured_media":1035,"comment_status":"open","ping_status":"closed","template":"","meta":[],"product_cat":[33],"product_tag":[191],"class_list":{"0":"post-561","1":"product","2":"type-product","3":"status-publish","4":"has-post-thumbnail","6":"product_cat-cordiales","7":"product_tag-tradicional","9":"first","10":"instock","11":"taxable","12":"shipping-taxable","13":"purchasable","14":"product-type-variable"},"_links":{"self":[{"href":"https:\/\/licoresveracruz.com\/fr\/wp-json\/wp\/v2\/product\/561"}],"collection":[{"href":"https:\/\/licoresveracruz.com\/fr\/wp-json\/wp\/v2\/product"}],"about":[{"href":"https:\/\/licoresveracruz.com\/fr\/wp-json\/wp\/v2\/types\/product"}],"replies":[{"embeddable":true,"href":"https:\/\/licoresveracruz.com\/fr\/wp-json\/wp\/v2\/comments?post=561"}],"wp:featuredmedia":[{"embeddable":true,"href":"https:\/\/licoresveracruz.com\/fr\/wp-json\/wp\/v2\/media\/1035"}],"wp:attachment":[{"href":"https:\/\/licoresveracruz.com\/fr\/wp-json\/wp\/v2\/media?parent=561"}],"wp:term":[{"taxonomy":"product_cat","embeddable":true,"href":"https:\/\/licoresveracruz.com\/fr\/wp-json\/wp\/v2\/product_cat?post=561"},{"taxonomy":"product_tag","embeddable":true,"href":"https:\/\/licoresveracruz.com\/fr\/wp-json\/wp\/v2\/product_tag?post=561"}],"curies":[{"name":"wp","href":"https:\/\/api.w.org\/{rel}","templated":true}]}}