{"id":559,"date":"2021-12-10T01:49:34","date_gmt":"2021-12-10T07:49:34","guid":{"rendered":"http:\/\/licoresveracruz.com\/?post_type=product&#038;p=559"},"modified":"2024-09-26T19:05:23","modified_gmt":"2024-09-27T00:05:23","slug":"habanero-38","status":"publish","type":"product","link":"https:\/\/licoresveracruz.com\/fr\/product\/habanero-38\/","title":{"rendered":"HABANERO \"38\""},"content":{"rendered":"<p><strong style=\"color: #850700;\">HABANERO \u00ab\u00a038\u00a0\u00bb<\/strong><\/p>\n<p>Boisson de grande tradition originale et reconnue dans les tropiques mexicains. Saveur et caract\u00e8re vintage. Il est pris seul, sur les rochers ou combin\u00e9.<\/p>\n<p>Pour les amoureux de la nostalgie et de la plage, le Habanero est un fin distillat de tradition ancestrale du golfe du Mexique.<\/p>\n<p>En particulier, il a prosp\u00e9r\u00e9 dans la g\u00e9n\u00e9reuse terre de Veracruz au milieu du si\u00e8cle dernier et est historiquement connu pour son agr\u00e9able go\u00fbt de rhum avec une l\u00e9g\u00e8re touche de vin de raisin de la meilleure qualit\u00e9.<\/p>\n<p>Le centre de Veracruz se distingue par ses terres fertiles imbattables pour la culture de la canne \u00e0 sucre, plant\u00e9e depuis 1524.<\/p>\n<p>Avec une saveur et un bouquet rafra\u00eechissants, c&rsquo;est l&rsquo;acteur principal des cocktails sophistiqu\u00e9s.<\/p>\n<p>Il ajoute de la distinction au Cuba traditionnel et aussi sur les rochers ou avec de l&rsquo;eau min\u00e9rale, sa saveur vous surprendra.<\/p>\n","protected":false},"excerpt":{"rendered":"<p><span>Saveur et caract\u00e8re anciens.<\/span><\/p>\n","protected":false},"featured_media":1038,"comment_status":"open","ping_status":"closed","template":"","meta":[],"product_cat":[31],"product_tag":[191],"class_list":{"0":"post-559","1":"product","2":"type-product","3":"status-publish","4":"has-post-thumbnail","6":"product_cat-habanero","7":"product_tag-tradicional","9":"first","10":"instock","11":"taxable","12":"shipping-taxable","13":"purchasable","14":"product-type-variable"},"_links":{"self":[{"href":"https:\/\/licoresveracruz.com\/fr\/wp-json\/wp\/v2\/product\/559"}],"collection":[{"href":"https:\/\/licoresveracruz.com\/fr\/wp-json\/wp\/v2\/product"}],"about":[{"href":"https:\/\/licoresveracruz.com\/fr\/wp-json\/wp\/v2\/types\/product"}],"replies":[{"embeddable":true,"href":"https:\/\/licoresveracruz.com\/fr\/wp-json\/wp\/v2\/comments?post=559"}],"wp:featuredmedia":[{"embeddable":true,"href":"https:\/\/licoresveracruz.com\/fr\/wp-json\/wp\/v2\/media\/1038"}],"wp:attachment":[{"href":"https:\/\/licoresveracruz.com\/fr\/wp-json\/wp\/v2\/media?parent=559"}],"wp:term":[{"taxonomy":"product_cat","embeddable":true,"href":"https:\/\/licoresveracruz.com\/fr\/wp-json\/wp\/v2\/product_cat?post=559"},{"taxonomy":"product_tag","embeddable":true,"href":"https:\/\/licoresveracruz.com\/fr\/wp-json\/wp\/v2\/product_tag?post=559"}],"curies":[{"name":"wp","href":"https:\/\/api.w.org\/{rel}","templated":true}]}}