{"id":557,"date":"2021-12-10T01:49:33","date_gmt":"2021-12-10T07:49:33","guid":{"rendered":"http:\/\/licoresveracruz.com\/?post_type=product&#038;p=557"},"modified":"2024-09-26T19:09:25","modified_gmt":"2024-09-27T00:09:25","slug":"mezcal_divino_pera_cautiva","status":"publish","type":"product","link":"https:\/\/licoresveracruz.com\/fr\/product\/mezcal_divino_pera_cautiva\/","title":{"rendered":"MEZCAL ARTISANAL &quot;DIVINO&quot; AVEC POIRE CAPTIVE"},"content":{"rendered":"<p><strong style=\"color: #850700;\">MEZCAL ARTISANAL \u00ab DIVINO \u00bb \u00c0 LA POIRE CAPTIVE <\/strong><\/p>\n<p>MEZCAL ARTISANAL \u00ab DIVINO \u00bb \u00c0 LA POIRE CAPTIVE 100% Agave Le premier Mezcal \u00e0 la Poire Captive certifi\u00e9 par le Mezcal Regulatory Council.<\/p>\n<p>\u00c9dition sp\u00e9ciale num\u00e9rot\u00e9e pour les collectionneurs, le premier mezcal \u00e0 la poire captive, qui atteint un \u00e9quilibre parfait entre la tradition s\u00e9culaire du mezcal et l&rsquo;ar\u00f4me et la saveur d\u00e9licats du fruit naturel. Chaque bouteille est une \u0153uvre d&rsquo;art artisanale embouteill\u00e9e avec du jeune mezcal 100% Agave Espad\u00edn.<\/p>\n<p><em>Notes de d\u00e9gustation :<\/em> <\/p>\n<p><strong>VUE<\/strong> : liquide limpide, transparent et brillant qui magnifie la beaut\u00e9 de la poire captive. <\/p>\n<p><strong>NEZ<\/strong> : D\u00e9licieux et d\u00e9licat \u00e9quilibre d&rsquo;ar\u00f4mes d&rsquo;agave et de poire.<\/p>\n<p><strong>BOUCHE<\/strong> : \u00c9quilibre exquis de la saveur du mezcal avec la d\u00e9licate saveur naturelle de la poire.<\/p>\n","protected":false},"excerpt":{"rendered":"<p>Le premier Mezcal avec Captive Pear au Mexique<\/p>\n","protected":false},"featured_media":1221,"comment_status":"open","ping_status":"closed","template":"","meta":[],"product_cat":[200,27],"product_tag":[188],"class_list":{"0":"post-557","1":"product","2":"type-product","3":"status-publish","4":"has-post-thumbnail","6":"product_cat-coleccion","7":"product_cat-mezcales","8":"product_tag-ultra-premium","10":"first","11":"instock","12":"taxable","13":"shipping-taxable","14":"purchasable","15":"product-type-simple"},"_links":{"self":[{"href":"https:\/\/licoresveracruz.com\/fr\/wp-json\/wp\/v2\/product\/557"}],"collection":[{"href":"https:\/\/licoresveracruz.com\/fr\/wp-json\/wp\/v2\/product"}],"about":[{"href":"https:\/\/licoresveracruz.com\/fr\/wp-json\/wp\/v2\/types\/product"}],"replies":[{"embeddable":true,"href":"https:\/\/licoresveracruz.com\/fr\/wp-json\/wp\/v2\/comments?post=557"}],"wp:featuredmedia":[{"embeddable":true,"href":"https:\/\/licoresveracruz.com\/fr\/wp-json\/wp\/v2\/media\/1221"}],"wp:attachment":[{"href":"https:\/\/licoresveracruz.com\/fr\/wp-json\/wp\/v2\/media?parent=557"}],"wp:term":[{"taxonomy":"product_cat","embeddable":true,"href":"https:\/\/licoresveracruz.com\/fr\/wp-json\/wp\/v2\/product_cat?post=557"},{"taxonomy":"product_tag","embeddable":true,"href":"https:\/\/licoresveracruz.com\/fr\/wp-json\/wp\/v2\/product_tag?post=557"}],"curies":[{"name":"wp","href":"https:\/\/api.w.org\/{rel}","templated":true}]}}