{"id":556,"date":"2021-12-10T01:49:33","date_gmt":"2021-12-10T07:49:33","guid":{"rendered":"http:\/\/licoresveracruz.com\/?post_type=product&#038;p=556"},"modified":"2026-04-17T21:46:25","modified_gmt":"2026-04-18T02:46:25","slug":"mezcal_art_reposado_divino_etqne","status":"publish","type":"product","link":"https:\/\/licoresveracruz.com\/fr\/product\/mezcal_art_reposado_divino_etqne\/","title":{"rendered":"ARTISANAL RESPOSADO MEZCAL &quot;DIVINO&quot; \u00c9TIQUETTE NOIRE 100% AGAVE ESPAD\u00cdN"},"content":{"rendered":"<p><strong style=\"color: #850700;\">ARTISANAL RESPOSADO MEZCAL &quot;DIVINO&quot; \u00c9TIQUETTE NOIRE 100% AGAVE ESPAD\u00cdN<\/strong> <\/p>\n<ul>\n<li> Edition limit\u00e9e de 1000 \u00e0 1300 pi\u00e8ces par lot<\/li>\n<li> Bouteille num\u00e9rot\u00e9e et dat\u00e9e \u00e0 la main<\/li>\n<li> Syst\u00e8me \u00e0 baril unique<\/li>\n<li> Repos dans de vieux f\u00fbts de ch\u00eane blanc pendant plus du double du temps indiqu\u00e9 par la norme officielle mexicaine<\/li>\n<li> Soigneusement fabriqu\u00e9 avec 100 % Agave Espad\u00edn s\u00e9lectionn\u00e9 ; Distill\u00e9 \u00e0 Matatl\u00e1n, Oaxaca, Certifi\u00e9 par le Conseil de R\u00e9gulation du Mezcal.<\/li>\n<\/ul>\n<p><em>Notes de d\u00e9gustation :<\/em><\/p>\n<p><strong>VUE<\/strong> : Liquide \u00e0 la teinte dor\u00e9e, transparent et brillant, cors\u00e9 et qui s&#39;\u00e9coule lentement dans le verre. <\/p>\n<p><strong>NEZ<\/strong> : \u00c9quilibre frais et d\u00e9licat d&#39;ar\u00f4mes traditionnels d&#39;agave, l\u00e9g\u00e8rement herbac\u00e9 avec des notes florales, des ar\u00f4mes fum\u00e9s et des min\u00e9raux qui \u00e9voquent sa terre.<\/p>\n<p><strong>BOUCHE<\/strong> : Exquis mezcal d&#39;Oaxaca, rappelant l&#39;agave m\u00fbr et cuit. Son attaque a du caract\u00e8re, avec des notes fra\u00eeches, herbac\u00e9es, fum\u00e9es et l\u00e9g\u00e8rement min\u00e9rales. Profondeur, \u00e9quilibre et permanence finale.<\/p>\n","protected":false},"excerpt":{"rendered":"<p>Profondeur, \u00e9quilibre et permanence finale.<\/p>\n","protected":false},"featured_media":1218,"comment_status":"open","ping_status":"closed","template":"","meta":{"_wp_convertkit_post_meta":{"form":"-1","landing_page":"0","tag":"0","restrict_content":"0"}},"product_brand":[],"product_cat":[253,27],"product_tag":[51,188],"class_list":{"0":"post-556","1":"product","2":"type-product","3":"status-publish","4":"has-post-thumbnail","6":"product_cat-familia-divino","7":"product_cat-mezcales","8":"product_tag-destacado","9":"product_tag-ultra-premium","11":"first","12":"instock","13":"taxable","14":"shipping-taxable","15":"purchasable","16":"product-type-variable"},"_links":{"self":[{"href":"https:\/\/licoresveracruz.com\/fr\/wp-json\/wp\/v2\/product\/556","targetHints":{"allow":["GET"]}}],"collection":[{"href":"https:\/\/licoresveracruz.com\/fr\/wp-json\/wp\/v2\/product"}],"about":[{"href":"https:\/\/licoresveracruz.com\/fr\/wp-json\/wp\/v2\/types\/product"}],"replies":[{"embeddable":true,"href":"https:\/\/licoresveracruz.com\/fr\/wp-json\/wp\/v2\/comments?post=556"}],"wp:featuredmedia":[{"embeddable":true,"href":"https:\/\/licoresveracruz.com\/fr\/wp-json\/wp\/v2\/media\/1218"}],"wp:attachment":[{"href":"https:\/\/licoresveracruz.com\/fr\/wp-json\/wp\/v2\/media?parent=556"}],"wp:term":[{"taxonomy":"product_brand","embeddable":true,"href":"https:\/\/licoresveracruz.com\/fr\/wp-json\/wp\/v2\/product_brand?post=556"},{"taxonomy":"product_cat","embeddable":true,"href":"https:\/\/licoresveracruz.com\/fr\/wp-json\/wp\/v2\/product_cat?post=556"},{"taxonomy":"product_tag","embeddable":true,"href":"https:\/\/licoresveracruz.com\/fr\/wp-json\/wp\/v2\/product_tag?post=556"}],"curies":[{"name":"wp","href":"https:\/\/api.w.org\/{rel}","templated":true}]}}