{"id":552,"date":"2021-12-10T01:49:08","date_gmt":"2021-12-10T07:49:08","guid":{"rendered":"http:\/\/licoresveracruz.com\/?post_type=product&#038;p=552"},"modified":"2024-09-26T19:18:55","modified_gmt":"2024-09-27T00:18:55","slug":"mezcal_reposado_divino_gusanito","status":"publish","type":"product","link":"https:\/\/licoresveracruz.com\/fr\/product\/mezcal_rested_divino_worm\/","title":{"rendered":"MEZCAL REPOS\u00c9 ARTISANAL &quot;DIVINO&quot; AU VER D&#39;AGAVE 100% ESPADIN"},"content":{"rendered":"<p><strong style=\"color: #850700;\">MEZCAL REPOS\u00c9 ARTISANAL &quot;DIVINO&quot; AVEC VER D&#39;AGAVE 100% ESPAD\u00cdN<\/strong><\/p>\n<p>Divin Mezcal Artisanal. Repos traditionnel avec Ver. La plus ancienne des boissons mexicaines avec un bouquet qui refl\u00e8te fid\u00e8lement la saveur traditionnelle d&#39;Oaxaca.<\/p>\n<p>Soigneusement fabriqu\u00e9 avec 100% Agave Espad\u00edn s\u00e9lectionn\u00e9 Distill\u00e9 \u00e0 Matatl\u00e1n, Oaxaca Certifi\u00e9 par le Mezcal Regulatory Council<\/p>\n<p><em>Notes de d\u00e9gustation:<\/em><\/p>\n<p><strong>VUE<\/strong> : Liquide clair avec une teinte dor\u00e9e, transparente et brillante<\/p>\n<p><strong>NEZ<\/strong> : \u00c9quilibre frais et d\u00e9licat des ar\u00f4mes traditionnels caract\u00e9ristiques du mezcal et du ver Maguey, d\u00e9licatement herbac\u00e9 avec des notes fum\u00e9es et min\u00e9rales qui \u00e9voquent sa terre<\/p>\n<p><strong>BOUCHE<\/strong> : \u00c9quilibre exquis entre la saveur du mezcal d&#39;Oaxaca et celle du ver maguey. Doux et l\u00e9ger mais avec \u00e9quilibre et permanence finale<\/p>\n","protected":false},"excerpt":{"rendered":"<p>Le go\u00fbt du mezcal et du ver maguey<\/p>\n","protected":false},"featured_media":1205,"comment_status":"open","ping_status":"closed","template":"","meta":[],"product_cat":[27],"product_tag":[188],"class_list":{"0":"post-552","1":"product","2":"type-product","3":"status-publish","4":"has-post-thumbnail","6":"product_cat-mezcales","7":"product_tag-ultra-premium","9":"first","10":"instock","11":"taxable","12":"shipping-taxable","13":"purchasable","14":"product-type-variable"},"_links":{"self":[{"href":"https:\/\/licoresveracruz.com\/fr\/wp-json\/wp\/v2\/product\/552"}],"collection":[{"href":"https:\/\/licoresveracruz.com\/fr\/wp-json\/wp\/v2\/product"}],"about":[{"href":"https:\/\/licoresveracruz.com\/fr\/wp-json\/wp\/v2\/types\/product"}],"replies":[{"embeddable":true,"href":"https:\/\/licoresveracruz.com\/fr\/wp-json\/wp\/v2\/comments?post=552"}],"wp:featuredmedia":[{"embeddable":true,"href":"https:\/\/licoresveracruz.com\/fr\/wp-json\/wp\/v2\/media\/1205"}],"wp:attachment":[{"href":"https:\/\/licoresveracruz.com\/fr\/wp-json\/wp\/v2\/media?parent=552"}],"wp:term":[{"taxonomy":"product_cat","embeddable":true,"href":"https:\/\/licoresveracruz.com\/fr\/wp-json\/wp\/v2\/product_cat?post=552"},{"taxonomy":"product_tag","embeddable":true,"href":"https:\/\/licoresveracruz.com\/fr\/wp-json\/wp\/v2\/product_tag?post=552"}],"curies":[{"name":"wp","href":"https:\/\/api.w.org\/{rel}","templated":true}]}}