{"id":549,"date":"2021-12-10T01:49:08","date_gmt":"2021-12-10T07:49:08","guid":{"rendered":"http:\/\/licoresveracruz.com\/?post_type=product&#038;p=549"},"modified":"2025-04-12T20:14:15","modified_gmt":"2025-04-13T01:14:15","slug":"mezcal_reposado_lajita_tradicional_gusano","status":"publish","type":"product","link":"https:\/\/licoresveracruz.com\/fr\/product\/mezcal_reposado_lajita_tradicional_gusano\/","title":{"rendered":"ARTISANAL RESPOSADO MEZCAL &quot;LAJITA&quot; TRADITIONNEL AVEC 100% AGAVE VERS ESPAD\u00cdN"},"content":{"rendered":"<p><strong style=\"color: #850700;\">&quot;LAJITA&quot; TRADITIONNEL MEZCAL ARTISANAL REPOS\u00c9 AVEC VER 100% AGAVE ESPAD\u00cdN<\/strong><\/p>\n<p>La plus ancienne des boissons mexicaines avec un bouquet qui refl\u00e8te fid\u00e8lement la saveur traditionnelle d&#39;Oaxaca.<\/p>\n<p>Reposant dans des f\u00fbts de ch\u00eane, avec un ver maguey \u00e0 l&#39;int\u00e9rieur de chaque bouteille, aliment privil\u00e9gi\u00e9 de la noblesse azt\u00e8que.<\/p>\n<ul>\n<li> Fabriqu\u00e9 avec soin avec 100% Agave Espad\u00edn s\u00e9lectionn\u00e9.<\/li>\n<li> Distill\u00e9 \u00e0 Matatl\u00e1n, Oaxaca.<\/li>\n<li> Certifi\u00e9 par le Conseil de R\u00e9gulation du Mezcal.<\/li>\n<li> Coffret de 6 bouteilles de 700 ml \u00e0 40% Alc. Vol.<\/li>\n<\/ul>\n<p><em>Notes de d\u00e9gustation :<\/em><\/p>\n<p><strong>VUE<\/strong> : Liquide limpide avec une teinte dor\u00e9e, transparente et brillante.<\/p>\n<p><strong>NEZ<\/strong> : \u00c9quilibre frais et d\u00e9licat d&#39;ar\u00f4mes traditionnels caract\u00e9ristiques de mezcal et de ver maguey, l\u00e9g\u00e8rement herbac\u00e9 avec des notes fum\u00e9es et min\u00e9rales qui \u00e9voquent sa terre.<\/p>\n<p><strong>BOUCHE<\/strong> : \u00c9quilibre exquis entre la saveur du mezcal d&#39;Oaxaca et celle du ver maguey. Doux et l\u00e9ger mais avec \u00e9quilibre et permanence finale.<\/p>\n","protected":false},"excerpt":{"rendered":"<p>Repos en f\u00fbts de ch\u00eane, avec petit ver<\/p>\n","protected":false},"featured_media":1198,"comment_status":"open","ping_status":"closed","template":"","meta":[],"product_cat":[27],"product_tag":[188],"class_list":{"0":"post-549","1":"product","2":"type-product","3":"status-publish","4":"has-post-thumbnail","6":"product_cat-mezcales","7":"product_tag-ultra-premium","9":"first","10":"instock","11":"taxable","12":"shipping-taxable","13":"purchasable","14":"product-type-variable"},"_links":{"self":[{"href":"https:\/\/licoresveracruz.com\/fr\/wp-json\/wp\/v2\/product\/549"}],"collection":[{"href":"https:\/\/licoresveracruz.com\/fr\/wp-json\/wp\/v2\/product"}],"about":[{"href":"https:\/\/licoresveracruz.com\/fr\/wp-json\/wp\/v2\/types\/product"}],"replies":[{"embeddable":true,"href":"https:\/\/licoresveracruz.com\/fr\/wp-json\/wp\/v2\/comments?post=549"}],"wp:featuredmedia":[{"embeddable":true,"href":"https:\/\/licoresveracruz.com\/fr\/wp-json\/wp\/v2\/media\/1198"}],"wp:attachment":[{"href":"https:\/\/licoresveracruz.com\/fr\/wp-json\/wp\/v2\/media?parent=549"}],"wp:term":[{"taxonomy":"product_cat","embeddable":true,"href":"https:\/\/licoresveracruz.com\/fr\/wp-json\/wp\/v2\/product_cat?post=549"},{"taxonomy":"product_tag","embeddable":true,"href":"https:\/\/licoresveracruz.com\/fr\/wp-json\/wp\/v2\/product_tag?post=549"}],"curies":[{"name":"wp","href":"https:\/\/api.w.org\/{rel}","templated":true}]}}