{"id":542,"date":"2021-12-10T01:49:07","date_gmt":"2021-12-10T07:49:07","guid":{"rendered":"http:\/\/licoresveracruz.com\/?post_type=product&#038;p=542"},"modified":"2025-08-31T20:03:22","modified_gmt":"2025-09-01T01:03:22","slug":"licor-de-tequila-hijos-de-villa-con-gusanito-de-agave","status":"publish","type":"product","link":"https:\/\/licoresveracruz.com\/fr\/product\/tequila-liqueur-hijos-de-villa-avec-agave-ver\/","title":{"rendered":"LIQUEUR DE TEQUILA &quot;HIJOS DE VILLA&quot; AVEC VER D&#39;AGAVE"},"content":{"rendered":"<p>Premi\u00e8re liqueur de tequila dor\u00e9e s\u00e8che enrichie du ver maguey authentique et mexicain. Premier produit du genre certifi\u00e9, \u00e9galement par le Tequila Regulatory Council, Une alliance in\u00e9dite entre la tequila et la tradition pr\u00e9hispanique et mystique du ver maguey.<\/p>\n","protected":false},"excerpt":{"rendered":"<p>Premi\u00e8re liqueur de tequila dor\u00e9e s\u00e8che enrichie du ver maguey authentique et mexicain. Premier produit du genre certifi\u00e9, \u00e9galement par le Tequila Regulatory Council, Une alliance in\u00e9dite entre la tequila et la tradition pr\u00e9hispanique et mystique du ver maguey.<\/p>\n","protected":false},"featured_media":1185,"comment_status":"open","ping_status":"closed","template":"","meta":{"_wp_convertkit_post_meta":{"form":"-1","landing_page":"0","tag":"0","restrict_content":"0"}},"product_brand":[],"product_cat":[198],"product_tag":[189],"class_list":{"0":"post-542","1":"product","2":"type-product","3":"status-publish","4":"has-post-thumbnail","6":"product_cat-licor-de-tequila","7":"product_tag-premium","9":"first","10":"instock","11":"taxable","12":"shipping-taxable","13":"purchasable","14":"product-type-variable"},"_links":{"self":[{"href":"https:\/\/licoresveracruz.com\/fr\/wp-json\/wp\/v2\/product\/542","targetHints":{"allow":["GET"]}}],"collection":[{"href":"https:\/\/licoresveracruz.com\/fr\/wp-json\/wp\/v2\/product"}],"about":[{"href":"https:\/\/licoresveracruz.com\/fr\/wp-json\/wp\/v2\/types\/product"}],"replies":[{"embeddable":true,"href":"https:\/\/licoresveracruz.com\/fr\/wp-json\/wp\/v2\/comments?post=542"}],"wp:featuredmedia":[{"embeddable":true,"href":"https:\/\/licoresveracruz.com\/fr\/wp-json\/wp\/v2\/media\/1185"}],"wp:attachment":[{"href":"https:\/\/licoresveracruz.com\/fr\/wp-json\/wp\/v2\/media?parent=542"}],"wp:term":[{"taxonomy":"product_brand","embeddable":true,"href":"https:\/\/licoresveracruz.com\/fr\/wp-json\/wp\/v2\/product_brand?post=542"},{"taxonomy":"product_cat","embeddable":true,"href":"https:\/\/licoresveracruz.com\/fr\/wp-json\/wp\/v2\/product_cat?post=542"},{"taxonomy":"product_tag","embeddable":true,"href":"https:\/\/licoresveracruz.com\/fr\/wp-json\/wp\/v2\/product_tag?post=542"}],"curies":[{"name":"wp","href":"https:\/\/api.w.org\/{rel}","templated":true}]}}