{"id":541,"date":"2021-12-10T01:49:07","date_gmt":"2021-12-10T07:49:07","guid":{"rendered":"http:\/\/licoresveracruz.com\/?post_type=product&#038;p=541"},"modified":"2024-09-26T19:24:42","modified_gmt":"2024-09-27T00:24:42","slug":"hdv_dos_gusanitos_agave","status":"publish","type":"product","link":"https:\/\/licoresveracruz.com\/fr\/product\/hdv_dos_gusanitos_agave\/","title":{"rendered":"LIQUEUR DE TEQUILA &quot;HIJOS DE VILLA&quot; AVEC DEUX VERS D&#39;AGAVE"},"content":{"rendered":"<p><strong style=\"color: #850700;\">LIQUEUR DE TEQUILA \u00ab\u00a0HIJOS DE VILLA\u00a0\u00bb AVEC DEUX PETITS VERS D&rsquo;AGAVE<\/strong><\/p>\n<ul>\n<li>Tequila Liqueur \u00ab\u00a0Hijos de Villa\u00a0\u00bb avec Deux Petits Vers.<\/li>\n<li>R\u00e9cipient en verre cristallin, au design classique et \u00e9l\u00e9gant, d&rsquo;une capacit\u00e9 de 50 ml, 500 ml, 700 ml et 1 litre.<\/li>\n<li>Orn\u00e9 de motifs mexicains traditionnels : Tlaloc le dieu azt\u00e8que de la pluie et de la fertilit\u00e9, serape et le chapeau charro typique<\/li>\n<li>Premi\u00e8re Liqueur de Tequila Certifi\u00e9e enrichie de deux vers maguey authentiques.Premier produit du genre avec des vers doubles maguey.<\/li>\n<li>Distill\u00e9 \u00e0 Jalisco<\/li>\n<li>Une alliance in\u00e9dite entre la tequila et la tradition pr\u00e9hispanique et mystique du ver maguey.<\/li>\n<li>Combinaison traditionnelle et \u00e9quilibr\u00e9e d&rsquo;ar\u00f4mes d&rsquo;agave et de fines saveurs herbac\u00e9es et fum\u00e9es de tequila.<\/li>\n<li>Officiellement approuv\u00e9 et certifi\u00e9 par le Tequila Regulatory Council (CRT), avec la norme mexicaine NMX-V-049-Normex-2004<\/li>\n<\/ul>\n<p><em>Notes de d\u00e9gustation :<\/em><\/p>\n<p><strong>VUE<\/strong> : Boire avec une teinte jaune dor\u00e9 fonc\u00e9, cristallin, propre et lumineux, avec un bon corps et douceur dans le verre.<\/p>\n<p><strong>NEZ<\/strong> : Ar\u00f4me de tequila, fruit\u00e9 et herbac\u00e9. Un agr\u00e9able ar\u00f4me authentique et exquis de vers maguey<\/p>\n<p><strong>BOUCHE<\/strong> : Saveur \u00e9quilibr\u00e9e de tequila et notes fum\u00e9es d\u00e9licates qui donnent la saveur classique des vers du c\u0153ur maguey<\/p>\n","protected":false},"excerpt":{"rendered":"<p>LIQUEUR DE TEQUILA \u00ab\u00a0HIJOS DE VILLA\u00a0\u00bb AVEC DEUX PETITS VERS D&rsquo;AGAVE Tequila Liqueur \u00ab\u00a0Hijos de Villa\u00a0\u00bb avec Deux Petits Vers. R\u00e9cipient en verre cristallin, au design classique et \u00e9l\u00e9gant, d&rsquo;une capacit\u00e9 de 50 ml, 500 ml, 700 ml et 1 litre. Orn\u00e9 de motifs mexicains traditionnels : Tlaloc le dieu [&hellip;]<\/p>\n","protected":false},"featured_media":1177,"comment_status":"open","ping_status":"closed","template":"","meta":{"_wp_convertkit_post_meta":{"form":"-1","landing_page":"0","tag":"0","restrict_content":"0"}},"product_brand":[],"product_cat":[198],"product_tag":[189],"class_list":{"0":"post-541","1":"product","2":"type-product","3":"status-publish","4":"has-post-thumbnail","6":"product_cat-licor-de-tequila","7":"product_tag-premium","9":"first","10":"instock","11":"taxable","12":"shipping-taxable","13":"purchasable","14":"product-type-simple"},"_links":{"self":[{"href":"https:\/\/licoresveracruz.com\/fr\/wp-json\/wp\/v2\/product\/541","targetHints":{"allow":["GET"]}}],"collection":[{"href":"https:\/\/licoresveracruz.com\/fr\/wp-json\/wp\/v2\/product"}],"about":[{"href":"https:\/\/licoresveracruz.com\/fr\/wp-json\/wp\/v2\/types\/product"}],"replies":[{"embeddable":true,"href":"https:\/\/licoresveracruz.com\/fr\/wp-json\/wp\/v2\/comments?post=541"}],"wp:featuredmedia":[{"embeddable":true,"href":"https:\/\/licoresveracruz.com\/fr\/wp-json\/wp\/v2\/media\/1177"}],"wp:attachment":[{"href":"https:\/\/licoresveracruz.com\/fr\/wp-json\/wp\/v2\/media?parent=541"}],"wp:term":[{"taxonomy":"product_brand","embeddable":true,"href":"https:\/\/licoresveracruz.com\/fr\/wp-json\/wp\/v2\/product_brand?post=541"},{"taxonomy":"product_cat","embeddable":true,"href":"https:\/\/licoresveracruz.com\/fr\/wp-json\/wp\/v2\/product_cat?post=541"},{"taxonomy":"product_tag","embeddable":true,"href":"https:\/\/licoresveracruz.com\/fr\/wp-json\/wp\/v2\/product_tag?post=541"}],"curies":[{"name":"wp","href":"https:\/\/api.w.org\/{rel}","templated":true}]}}