{"id":540,"date":"2021-12-10T01:49:07","date_gmt":"2021-12-10T07:49:07","guid":{"rendered":"http:\/\/licoresveracruz.com\/?post_type=product&#038;p=540"},"modified":"2024-11-01T10:32:02","modified_gmt":"2024-11-01T16:32:02","slug":"tequila_hdv_guayaba_cautiva","status":"publish","type":"product","link":"https:\/\/licoresveracruz.com\/fr\/product\/tequila_hdv_guayaba_cautiva\/","title":{"rendered":"LIQUEUR DE TEQUILA &quot;HIJOS DE VILLA&quot; AVEC GOYAVE CAPTIVA"},"content":{"rendered":"<p><strong style=\"color: #850700;\">LIQUEUR DE TEQUILA \u00ab\u00a0HIJOS DE VILLA\u00a0\u00bb AVEC GOYAVE CAPTIVE<\/strong><\/p>\n<p><em>UNIQUE AU MONDE<\/em><\/p>\n<p>32% Alc.\/Vol. Fabriqu\u00e9 avec de la tequila blanche.<\/p>\n<p>Approuv\u00e9 et certifi\u00e9 par le Tequila Regulatory Council avec la norme mexicaine NMX-V-049-NORMEX-2004.<\/p>\n<p>Flacon original, rac\u00e9, myst\u00e9rieux et \u00e9l\u00e9gant.<\/p>\n<p>M\u00e9ritant le <em>prix ESTELAR PACKAGING AND PACKAGING<\/em> 2019 d\u00e9cern\u00e9 par l&rsquo;Association mexicaine de l&#8217;emballage et de l&#8217;emballage, AC<\/p>\n<p>Tequila Liquor avec Guayaba Cautiva, est une boisson cordiale, exquise et naturelle, une d\u00e9coration \u00e9l\u00e9gante et unique sur votre table, c&rsquo;est tout simplement un nouveau th\u00e8me pour la conversation\u2026 <\/p>\n<p><em>Notes de d\u00e9gustation :<\/em><\/p>\n<p><strong>VUE<\/strong> : liquide limpide aux tons dor\u00e9s, transparent et brillant, qui magnifie la beaut\u00e9 de la Goyave Captive.<\/p>\n<p><strong>NEZ<\/strong> : D\u00e9licieux et d\u00e9licat \u00e9quilibre des ar\u00f4mes d&rsquo;Agave et du parfum de Goyave.<\/p>\n<p><strong>BOUCHE<\/strong> : Bouquet unique qui allie la fra\u00eecheur herbac\u00e9e de la tequila \u00e0 la saveur naturelle incomparable de la goyave captiva.<\/p>\n<p><em>Suggestion de consommation&nbsp;:<\/em><\/p>\n<ul>\n<li>A prendre tr\u00e8s frais \u00e0 l&rsquo;ap\u00e9ritif accompagn\u00e9 d&rsquo;un bon en-cas.<\/li>\n<li>C&rsquo;est une excellente option pour laisser libre cours \u00e0 votre imagination et r\u00e9aliser un cocktail original.<\/li>\n<\/ul>\n","protected":false},"excerpt":{"rendered":"<p>Ar\u00f4mes d&#39;agave et de goyave<\/p>\n","protected":false},"featured_media":1175,"comment_status":"open","ping_status":"closed","template":"","meta":{"_wp_convertkit_post_meta":{"form":"-1","landing_page":"0","tag":"0","restrict_content":"0"}},"product_brand":[],"product_cat":[200,198,238],"product_tag":[188],"class_list":{"0":"post-540","1":"product","2":"type-product","3":"status-publish","4":"has-post-thumbnail","6":"product_cat-coleccion","7":"product_cat-licor-de-tequila","8":"product_cat-promociones","9":"product_tag-ultra-premium","11":"first","12":"instock","13":"taxable","14":"shipping-taxable","15":"purchasable","16":"product-type-simple"},"_links":{"self":[{"href":"https:\/\/licoresveracruz.com\/fr\/wp-json\/wp\/v2\/product\/540","targetHints":{"allow":["GET"]}}],"collection":[{"href":"https:\/\/licoresveracruz.com\/fr\/wp-json\/wp\/v2\/product"}],"about":[{"href":"https:\/\/licoresveracruz.com\/fr\/wp-json\/wp\/v2\/types\/product"}],"replies":[{"embeddable":true,"href":"https:\/\/licoresveracruz.com\/fr\/wp-json\/wp\/v2\/comments?post=540"}],"wp:featuredmedia":[{"embeddable":true,"href":"https:\/\/licoresveracruz.com\/fr\/wp-json\/wp\/v2\/media\/1175"}],"wp:attachment":[{"href":"https:\/\/licoresveracruz.com\/fr\/wp-json\/wp\/v2\/media?parent=540"}],"wp:term":[{"taxonomy":"product_brand","embeddable":true,"href":"https:\/\/licoresveracruz.com\/fr\/wp-json\/wp\/v2\/product_brand?post=540"},{"taxonomy":"product_cat","embeddable":true,"href":"https:\/\/licoresveracruz.com\/fr\/wp-json\/wp\/v2\/product_cat?post=540"},{"taxonomy":"product_tag","embeddable":true,"href":"https:\/\/licoresveracruz.com\/fr\/wp-json\/wp\/v2\/product_tag?post=540"}],"curies":[{"name":"wp","href":"https:\/\/api.w.org\/{rel}","templated":true}]}}