{"id":538,"date":"2021-12-10T01:49:07","date_gmt":"2021-12-10T07:49:07","guid":{"rendered":"http:\/\/licoresveracruz.com\/?post_type=product&#038;p=538"},"modified":"2024-09-26T19:27:32","modified_gmt":"2024-09-27T00:27:32","slug":"tequila_reposado_hdv_aniv","status":"publish","type":"product","link":"https:\/\/licoresveracruz.com\/fr\/product\/tequila_rested_hdv_aniv\/","title":{"rendered":"TEQUILA REPOS\u00c9E \"HIJOS DE VILLA\" \u00c9DITION ANNIVERSAIRE"},"content":{"rendered":"<p><strong style=\"color: #850700;\">TEQUILA REPOSEE \u00ab\u00a0HIJOS DE VILLA\u00a0\u00bb \u00c9DITION ANNIVERSAIRE<\/strong><\/p>\n<ul>\n<li>Nous fabriquons Hijos de Villa un produit original avec Tequila \u00e0 base d&rsquo;agave bleu et d&rsquo;appellation d&rsquo;origine.<\/li>\n<li>Des distillats reposaient \u00e0 Jalisco, terre d&rsquo;agave bleu, certifi\u00e9s par la plus haute autorit\u00e9, le Tequila Regulatory Council (CRT).<\/li>\n<li>Boisson alcoolis\u00e9e, obtenue par la distillation de mo\u00fbts issus des t\u00eates d&rsquo;Agave Tequilana Weber vari\u00e9t\u00e9 Azul.<\/li>\n<\/ul>\n<p><strong>APPARENCE<\/strong> : Liquide transparent, jaune paille brillant<\/p>\n<p><strong>NEZ<\/strong> : Ar\u00f4me classique, doux et d\u00e9licat, caract\u00e9ristique de la tequila, l\u00e9g\u00e8rement sucr\u00e9, avec des nuances fra\u00eeches d&rsquo;agave et de fruits secs. <\/p>\n<p><strong>BOUCHE<\/strong>la l\u00e9g\u00e8re douceur qui vient du miel de la m\u00eame, orn\u00e9e de la saveur de des noisettes.<\/p>\n<p> Pas amer, pas astringent, pas acide. La saveur caract\u00e9ristique est appr\u00e9ci\u00e9e, apport\u00e9e par le temps pass\u00e9 en barrique<\/p>\n","protected":false},"excerpt":{"rendered":"<p>Classique, doux et d\u00e9licat<\/p>\n","protected":false},"featured_media":2007,"comment_status":"open","ping_status":"closed","template":"","meta":[],"product_cat":[28],"product_tag":[189],"class_list":{"0":"post-538","1":"product","2":"type-product","3":"status-publish","4":"has-post-thumbnail","6":"product_cat-tequilas","7":"product_tag-premium","9":"first","10":"instock","11":"taxable","12":"shipping-taxable","13":"purchasable","14":"product-type-simple"},"_links":{"self":[{"href":"https:\/\/licoresveracruz.com\/fr\/wp-json\/wp\/v2\/product\/538"}],"collection":[{"href":"https:\/\/licoresveracruz.com\/fr\/wp-json\/wp\/v2\/product"}],"about":[{"href":"https:\/\/licoresveracruz.com\/fr\/wp-json\/wp\/v2\/types\/product"}],"replies":[{"embeddable":true,"href":"https:\/\/licoresveracruz.com\/fr\/wp-json\/wp\/v2\/comments?post=538"}],"wp:featuredmedia":[{"embeddable":true,"href":"https:\/\/licoresveracruz.com\/fr\/wp-json\/wp\/v2\/media\/2007"}],"wp:attachment":[{"href":"https:\/\/licoresveracruz.com\/fr\/wp-json\/wp\/v2\/media?parent=538"}],"wp:term":[{"taxonomy":"product_cat","embeddable":true,"href":"https:\/\/licoresveracruz.com\/fr\/wp-json\/wp\/v2\/product_cat?post=538"},{"taxonomy":"product_tag","embeddable":true,"href":"https:\/\/licoresveracruz.com\/fr\/wp-json\/wp\/v2\/product_tag?post=538"}],"curies":[{"name":"wp","href":"https:\/\/api.w.org\/{rel}","templated":true}]}}