{"id":537,"date":"2021-12-10T01:49:06","date_gmt":"2021-12-10T07:49:06","guid":{"rendered":"http:\/\/licoresveracruz.com\/?post_type=product&#038;p=537"},"modified":"2024-09-26T19:28:08","modified_gmt":"2024-09-27T00:28:08","slug":"tequila_plata_hdv_aniv","status":"publish","type":"product","link":"https:\/\/licoresveracruz.com\/fr\/product\/tequila_plata_hdv_aniv\/","title":{"rendered":"TEQUILA ARGENTEE &quot;HIJOS DE VILLA&quot; \u00c9DITION ANNIVERSAIRE"},"content":{"rendered":"<p><strong style=\"color: #850700;\">TEQUILA ARGENTEE \u00ab\u00a0HIJOS DE VILLA\u00a0\u00bb \u00c9DITION ANNIVERSAIRE<\/strong><\/p>\n<ul>\n<li>Cr\u00e9\u00e9 avec la s\u00e9lection des meilleurs agaves.<\/li>\n<li>Tequila avec appellation d&rsquo;origine.<\/li>\n<li>Num\u00e9rot\u00e9 \u00e0 la main.<\/li>\n<li>Conception de bouteille unique.<\/li>\n<li>Prendre soin de chaque \u00e9tape de son \u00e9laboration avec Blue Agave.<\/li>\n<li>Distill\u00e9 \u00e0 Tlaquepaque, Jalisco.<\/li>\n<li>Certifi\u00e9 par le Tequila Regulatory Council<\/li>\n<li>12 bouteilles de 700 ml\/ 40% Alc. La marque Hijos de Villa a \u00e9t\u00e9 cr\u00e9\u00e9e comme symbole des courageux Mexicains qui se sont battus pour la libert\u00e9.<\/li>\n<li>Hijos de Villa Tequila Plata est un produit de distinction et d&rsquo;originalit\u00e9.<\/li>\n<li>Chaque flacon est num\u00e9rot\u00e9 \u00e0 la main.<\/li>\n<li>Chaque lot est v\u00e9rifi\u00e9, analys\u00e9 et certifi\u00e9 par la plus haute autorit\u00e9, le Tequila Regulatory Council (CRT).<\/li>\n<\/ul>\n<p><em>Notes de d\u00e9gustation :<\/em><\/p>\n<p><strong>VUE<\/strong> : Liquide incolore, transparent, propre et brillant.<\/p>\n<p><strong>NEZ<\/strong> : Ar\u00f4me classique, doux et d\u00e9licat, caract\u00e9ristique de la tequila, l\u00e9g\u00e8rement sucr\u00e9, avec des nuances fra\u00eeches d&rsquo;agave et de fruits secs.<\/p>\n<p><strong>BOUCHE<\/strong> : En bouche on per\u00e7oit sa force exquise, et l&rsquo;agr\u00e9able saveur caract\u00e9ristique de l&rsquo;agave et la l\u00e9g\u00e8re douceur qui vient du miel de la m\u00eame, orn\u00e9e de la saveur des noix. Il est d\u00e9licat et onctueux en bouche.<\/p>\n","protected":false},"excerpt":{"rendered":"<p>D\u00e9licat et onctueux en bouche<\/p>\n","protected":false},"featured_media":1170,"comment_status":"open","ping_status":"closed","template":"","meta":{"_wp_convertkit_post_meta":{"form":"-1","landing_page":"0","tag":"0","restrict_content":"0"}},"product_brand":[],"product_cat":[28],"product_tag":[189],"class_list":{"0":"post-537","1":"product","2":"type-product","3":"status-publish","4":"has-post-thumbnail","6":"product_cat-tequilas","7":"product_tag-premium","9":"first","10":"instock","11":"taxable","12":"shipping-taxable","13":"purchasable","14":"product-type-simple"},"_links":{"self":[{"href":"https:\/\/licoresveracruz.com\/fr\/wp-json\/wp\/v2\/product\/537","targetHints":{"allow":["GET"]}}],"collection":[{"href":"https:\/\/licoresveracruz.com\/fr\/wp-json\/wp\/v2\/product"}],"about":[{"href":"https:\/\/licoresveracruz.com\/fr\/wp-json\/wp\/v2\/types\/product"}],"replies":[{"embeddable":true,"href":"https:\/\/licoresveracruz.com\/fr\/wp-json\/wp\/v2\/comments?post=537"}],"wp:featuredmedia":[{"embeddable":true,"href":"https:\/\/licoresveracruz.com\/fr\/wp-json\/wp\/v2\/media\/1170"}],"wp:attachment":[{"href":"https:\/\/licoresveracruz.com\/fr\/wp-json\/wp\/v2\/media?parent=537"}],"wp:term":[{"taxonomy":"product_brand","embeddable":true,"href":"https:\/\/licoresveracruz.com\/fr\/wp-json\/wp\/v2\/product_brand?post=537"},{"taxonomy":"product_cat","embeddable":true,"href":"https:\/\/licoresveracruz.com\/fr\/wp-json\/wp\/v2\/product_cat?post=537"},{"taxonomy":"product_tag","embeddable":true,"href":"https:\/\/licoresveracruz.com\/fr\/wp-json\/wp\/v2\/product_tag?post=537"}],"curies":[{"name":"wp","href":"https:\/\/api.w.org\/{rel}","templated":true}]}}