{"id":536,"date":"2021-12-10T01:49:06","date_gmt":"2021-12-10T07:49:06","guid":{"rendered":"http:\/\/licoresveracruz.com\/?post_type=product&#038;p=536"},"modified":"2024-09-26T19:29:06","modified_gmt":"2024-09-27T00:29:06","slug":"hdv_pistola_revolver","status":"publish","type":"product","link":"https:\/\/licoresveracruz.com\/fr\/product\/hdv_pistol_revolver\/","title":{"rendered":"TEQUILA BLANCHE \"HIJOS DE VILLA\" \u00c9DITION PISTOLET REVOLVER"},"content":{"rendered":"<p><strong style=\"color: #850700;\">TEQUILA BLANCHE &quot;HIJOS DE VILLA&quot; \u00c9DITION PISTOLET REVOLVER<\/strong><\/p>\n<p>R\u00e9cipient en verre tridimensionnel enregistr\u00e9 au Mexique et dans le monde avec un design Pistola Revolver, fabriqu\u00e9 \u00e0 la main dans un \u00e9tui de d\u00e9monstration original qui comprend un banc de pr\u00e9sentation pour montrer ce r\u00e9cipient spectaculaire.<\/p>\n<p>Cr\u00e9\u00e9 pour comm\u00e9morer le Centenaire de la R\u00e9volution Mexicaine, qui met l&#39;accent sur la bataille exemplaire men\u00e9e par la Division Nord lors de la prise de Zacatecas en 1914.<\/p>\n<p>Boisson alcoolis\u00e9e, obtenue en distillant des mo\u00fbts issus des t\u00eates d&#39;Agave Tequilana Weber Blue vari\u00e9t\u00e9.<\/p>\n<p>White, selon sa classe, est un liquide cristallin<\/p>\n<p><em>Notes de d\u00e9gustation :<\/em> <\/p>\n<p><strong>VUE<\/strong> : Liquide incolore, transparent, propre et brillant<\/p>\n<p><strong>NEZ<\/strong> : Ar\u00f4me classique, doux et d\u00e9licat, caract\u00e9ristique de la tequila, l\u00e9g\u00e8rement sucr\u00e9, avec des nuances fra\u00eeches d&#39;agave<\/p>\n<p><strong>BOUCHE<\/strong> : En bouche, sa force exquise et sa saveur caract\u00e9ristique agr\u00e9able de agave et la l\u00e9g\u00e8re douceur qui vient de son miel est per\u00e7ue.Pas amer, pas astr <\/p>\n<p><em>Suggestions de consommation<\/em><\/p>\n<p>\u00e9normes et non acides<\/p>\n<ul>\n<li> Id\u00e9al \u00e0 l&#39;ap\u00e9ritif<\/li>\n<li> Ingr\u00e9dient margarita classique<\/li>\n<li> Combin\u00e9 avec du cola ou du pamplemousse et de la glace, un peu de citron et une pinc\u00e9e de sel<\/li>\n<\/ul>\n","protected":false},"excerpt":{"rendered":"<p>TEQUILA BLANCHE &quot;HIJOS DE VILLA&quot; \u00c9DITION PISTOLET REVOLVER R\u00e9cipient en verre tridimensionnel enregistr\u00e9 au Mexique et dans le monde avec un design Pistola Revolver, fabriqu\u00e9 \u00e0 la main dans un \u00e9tui de d\u00e9monstration original qui comprend un banc de pr\u00e9sentation pour montrer ce r\u00e9cipient spectaculaire. Cr\u00e9\u00e9 pour comm\u00e9morer le Centenaire [&hellip;]<\/p>\n","protected":false},"featured_media":1380,"comment_status":"open","ping_status":"closed","template":"","meta":[],"product_cat":[200,28],"product_tag":[],"class_list":{"0":"post-536","1":"product","2":"type-product","3":"status-publish","4":"has-post-thumbnail","6":"product_cat-coleccion","7":"product_cat-tequilas","9":"first","10":"instock","11":"product-type-external"},"_links":{"self":[{"href":"https:\/\/licoresveracruz.com\/fr\/wp-json\/wp\/v2\/product\/536"}],"collection":[{"href":"https:\/\/licoresveracruz.com\/fr\/wp-json\/wp\/v2\/product"}],"about":[{"href":"https:\/\/licoresveracruz.com\/fr\/wp-json\/wp\/v2\/types\/product"}],"replies":[{"embeddable":true,"href":"https:\/\/licoresveracruz.com\/fr\/wp-json\/wp\/v2\/comments?post=536"}],"wp:featuredmedia":[{"embeddable":true,"href":"https:\/\/licoresveracruz.com\/fr\/wp-json\/wp\/v2\/media\/1380"}],"wp:attachment":[{"href":"https:\/\/licoresveracruz.com\/fr\/wp-json\/wp\/v2\/media?parent=536"}],"wp:term":[{"taxonomy":"product_cat","embeddable":true,"href":"https:\/\/licoresveracruz.com\/fr\/wp-json\/wp\/v2\/product_cat?post=536"},{"taxonomy":"product_tag","embeddable":true,"href":"https:\/\/licoresveracruz.com\/fr\/wp-json\/wp\/v2\/product_tag?post=536"}],"curies":[{"name":"wp","href":"https:\/\/api.w.org\/{rel}","templated":true}]}}