{"id":535,"date":"2021-12-10T01:49:06","date_gmt":"2021-12-10T07:49:06","guid":{"rendered":"http:\/\/licoresveracruz.com\/?post_type=product&#038;p=535"},"modified":"2025-09-17T19:25:45","modified_gmt":"2025-09-18T00:25:45","slug":"hdv_reposado_pistola_escuadra","status":"publish","type":"product","link":"https:\/\/licoresveracruz.com\/fr\/product\/hdv_rested_pistol_squad\/","title":{"rendered":"TEQUILA REPOS\u00c9E \"HIJOS DE VILLA\" \u00c9DITION DE PISTOLET D'ESCOUADE"},"content":{"rendered":"<p><strong style=\"color: #850700;\">TEQUILA REPOSEE \u00ab\u00a0HIJOS DE VILLA\u00a0\u00bb \u00c9DITION DE \u00ab\u00a0PISTOLET D&rsquo;ESCOUADE\u00a0\u00bb <\/strong><\/p>\n<p>Emballage qui rappelle la fiert\u00e9 mexicaine, enregistr\u00e9 au Mexique et dans le monde avec un design tridimensionnel en forme de pistolet d&rsquo;escouade.<\/p>\n<ul>\n<li>Pr\u00e9sent\u00e9 dans un coffret de d\u00e9monstration original, il comprend une paire de chevaux et un banc d&rsquo;exposition<\/li>\n<li>Bo\u00eete: 200 ml X 12 de Tequila Reposado Hijos de Villa<br \/>\nDistinction et originalit\u00e9 dans sa pr\u00e9sentation.<\/li>\n<\/ul>\n<p>Conteneur qui rappelle la fiert\u00e9 courageuse mexicaine, enregistr\u00e9 au Mexique et dans le monde avec un design tridimensionnel en forme d&rsquo;escouade de pistolets.<\/p>\n<p>Pr\u00e9sent\u00e9 dans une vitrine originale, il comprend une paire de chevaux et un banc de pr\u00e9sentation.<\/p>\n<p>Distinction et originalit\u00e9 dans sa pr\u00e9sentation. Des distillats reposaient \u00e0 Jalisco, terre d&rsquo;agave bleu, certifi\u00e9s par la plus haute autorit\u00e9, le Tequila Regulatory Council (CRT).<\/p>\n<p>Boisson alcoolis\u00e9e, obtenue par la distillation de mo\u00fbts issus des t\u00eates d&rsquo;Agave Tequilana Weber vari\u00e9t\u00e9 Azul.<\/p>\n<p><em>Notes de d\u00e9gustation :<\/em><\/p>\n<p><strong>VUE<\/strong> : Liquide transparent avec une couleur jaune paille brillante<\/p>\n<p>&lt; strong&gt;NEZ : Ar\u00f4me classique, doux et d\u00e9licat, caract\u00e9ristique de la tequila, l\u00e9g\u00e8rement sucr\u00e9, avec des nuances fra\u00eeches d&rsquo;agave et de fruits secs<\/p>\n<p><strong>BOUCHE<\/strong> : En bouche, sa force exquise et sa saveur agr\u00e9able sont caract\u00e9ristique per\u00e7ue de l&rsquo;agave et la l\u00e9g\u00e8re douceur qui vient du miel de la m\u00eame, orn\u00e9e de la saveur des noix.<\/p>\n<p>La saveur caract\u00e9ristique est appr\u00e9ci\u00e9e, apport\u00e9e par le temps pass\u00e9 en barrique.<\/p>\n<p><em>Conseils de consommation<\/em><\/p>\n<ul>\n<li>Id\u00e9al \u00e0 l&rsquo;ap\u00e9ritif<\/li>\n<li>Ingr\u00e9dient margarita classique<\/li>\n<li>Combin\u00e9 avec du cola ou du pamplemousse et de la glace, un peu de citron et une pinc\u00e9e de sel<\/li>\n<li>Nous faisons de Hijos de Villa un produit original.<\/li>\n<\/ul>\n","protected":false},"excerpt":{"rendered":"<p>Distinction et originalit\u00e9 dans leurs pr\u00e9sentations<\/p>\n","protected":false},"featured_media":1165,"comment_status":"open","ping_status":"closed","template":"","meta":{"_wp_convertkit_post_meta":{"form":"-1","landing_page":"0","tag":"0","restrict_content":"0"}},"product_brand":[],"product_cat":[200,28],"product_tag":[190],"class_list":{"0":"post-535","1":"product","2":"type-product","3":"status-publish","4":"has-post-thumbnail","6":"product_cat-coleccion","7":"product_cat-tequilas","8":"product_tag-de-coleccion","10":"first","11":"instock","12":"taxable","13":"shipping-taxable","14":"product-type-external"},"_links":{"self":[{"href":"https:\/\/licoresveracruz.com\/fr\/wp-json\/wp\/v2\/product\/535","targetHints":{"allow":["GET"]}}],"collection":[{"href":"https:\/\/licoresveracruz.com\/fr\/wp-json\/wp\/v2\/product"}],"about":[{"href":"https:\/\/licoresveracruz.com\/fr\/wp-json\/wp\/v2\/types\/product"}],"replies":[{"embeddable":true,"href":"https:\/\/licoresveracruz.com\/fr\/wp-json\/wp\/v2\/comments?post=535"}],"wp:featuredmedia":[{"embeddable":true,"href":"https:\/\/licoresveracruz.com\/fr\/wp-json\/wp\/v2\/media\/1165"}],"wp:attachment":[{"href":"https:\/\/licoresveracruz.com\/fr\/wp-json\/wp\/v2\/media?parent=535"}],"wp:term":[{"taxonomy":"product_brand","embeddable":true,"href":"https:\/\/licoresveracruz.com\/fr\/wp-json\/wp\/v2\/product_brand?post=535"},{"taxonomy":"product_cat","embeddable":true,"href":"https:\/\/licoresveracruz.com\/fr\/wp-json\/wp\/v2\/product_cat?post=535"},{"taxonomy":"product_tag","embeddable":true,"href":"https:\/\/licoresveracruz.com\/fr\/wp-json\/wp\/v2\/product_tag?post=535"}],"curies":[{"name":"wp","href":"https:\/\/api.w.org\/{rel}","templated":true}]}}