{"id":534,"date":"2021-12-10T01:49:06","date_gmt":"2021-12-10T07:49:06","guid":{"rendered":"http:\/\/licoresveracruz.com\/?post_type=product&#038;p=534"},"modified":"2025-09-08T13:49:48","modified_gmt":"2025-09-08T18:49:48","slug":"hdv_reposado_rifle","status":"publish","type":"product","link":"https:\/\/licoresveracruz.com\/fr\/product\/hdv_rested_rifle\/","title":{"rendered":"\u201cHIJOS DE VILLA\u201d T\u00c9QUILA REPOUSS\u00c9E \u00c9DITION SP\u00c9CIALE \"CONCEPTION DE FUSIL\""},"content":{"rendered":"<p><strong style=\"color: #850700;\">\u201cHIJOS DE VILLA\u201d T\u00c9QUILA REPOUSS\u00c9E \u00c9DITION SP\u00c9CIALE \u00ab\u00a0CONCEPTION DE FUSIL\u00a0\u00bb<\/strong><\/p>\n<p>Tequila Reposado: Cr\u00e9\u00e9 avec la s\u00e9lection des meilleurs agaves.<\/p>\n<p>Ces pr\u00e9sentations refl\u00e8tent l&rsquo;esprit mexicain courageux, et chaque conception a re\u00e7u la m\u00e9daille d&rsquo;or de l&rsquo;Organisation mondiale de l&rsquo; <em>emballage : Organisation mondiale de l&#8217;emballage<\/em><\/p>\n<ul>\n<li>Tequila avec appellation d&rsquo;origine.<\/li>\n<li>Num\u00e9rot\u00e9 \u00e0 la main.<\/li>\n<li>Conception de bouteille unique, prot\u00e9g\u00e9e par le droit d&rsquo;auteur et d\u00e9pos\u00e9e dans le monde entier.<\/li>\n<li>Prendre soin de chaque \u00e9tape de son \u00e9laboration avec Blue Agave.<\/li>\n<li>Distill\u00e9 \u00e0 Tlaquepaque, Jalisco.<\/li>\n<li>Certifi\u00e9 par le Tequila Regulatory Council.<\/li>\n<\/ul>\n<p>La marque Hijos de Villa a \u00e9t\u00e9 cr\u00e9\u00e9e en tant que symbole des braves Mexicains qui se sont battus pour la libert\u00e9.<\/p>\n<p>Hijos de Villa Tequila Reposado est un produit de distinction et d&rsquo;originalit\u00e9.<\/p>\n<p>Chaque lot est v\u00e9rifi\u00e9, analys\u00e9 et certifi\u00e9 par la plus haute autorit\u00e9, le Tequila Regulatory Council (CRT).<\/p>\n<p><em>Notes de d\u00e9gustation :<\/em><\/p>\n<p><strong>VUE<\/strong> : <span>Liquide transparent de jaune paille brillant.<\/span><\/p>\n<p><strong>NEZ<\/strong> :<span>Ar\u00f4me classique, doux et d\u00e9licat, caract\u00e9ristique de la tequila, l\u00e9g\u00e8rement sucr\u00e9, avec des nuances fra\u00eeches d&rsquo;agave et de fruits secs.<\/span><\/p>\n<p><strong>BOUCHE<\/strong> : <span>La bouche montre sa force exquise, et la saveur caract\u00e9ristique agr\u00e9able de l&rsquo;agave et la l\u00e9g\u00e8re douceur qui vient du miel, orn\u00e9e de la saveur de noisette. Pas amer, pas astringent, pas acide. La saveur caract\u00e9ristique est appr\u00e9ci\u00e9e, ce qui fournit le temps de repos dans le baril.<\/span><\/p>\n<p>Pas amer, pas astringent, pas acide. La saveur caract\u00e9ristique est appr\u00e9ci\u00e9e, apport\u00e9e par le temps de repos en barrique.<\/p>\n<p><span>Suggestions des consommateurs<\/span><\/p>\n<ul>\n<li>Id\u00e9al comme collation<\/li>\n<li>Ingr\u00e9dient classique de la marguerite<\/li>\n<li>Combin\u00e9 avec du cola ou du soda au pamplemousse et de la glace, un peu de citron et une pinc\u00e9e de sel<\/li>\n<li>Contient 750 ml de Tequila Hijos de Villa Blanc.<\/li>\n<\/ul>\n<p><span>Nous faisons des Enfants de Villa un produit original.<\/span><\/p>\n","protected":false},"excerpt":{"rendered":"<p>\u201cHIJOS DE VILLA\u201d T\u00c9QUILA REPOUSS\u00c9E \u00c9DITION SP\u00c9CIALE \u00ab\u00a0CONCEPTION DE FUSIL\u00a0\u00bb Tequila Reposado: Cr\u00e9\u00e9 avec la s\u00e9lection des meilleurs agaves. Ces pr\u00e9sentations refl\u00e8tent l&rsquo;esprit mexicain courageux, et chaque conception a re\u00e7u la m\u00e9daille d&rsquo;or de l&rsquo;Organisation mondiale de l&rsquo; emballage : Organisation mondiale de l&#8217;emballage Tequila avec appellation d&rsquo;origine. Num\u00e9rot\u00e9 \u00e0 [&hellip;]<\/p>\n","protected":false},"featured_media":2010,"comment_status":"open","ping_status":"closed","template":"","meta":{"_wp_convertkit_post_meta":{"form":"-1","landing_page":"0","tag":"0","restrict_content":"0"}},"product_brand":[],"product_cat":[200,28],"product_tag":[190],"class_list":{"0":"post-534","1":"product","2":"type-product","3":"status-publish","4":"has-post-thumbnail","6":"product_cat-coleccion","7":"product_cat-tequilas","8":"product_tag-de-coleccion","10":"first","11":"instock","12":"taxable","13":"shipping-taxable","14":"purchasable","15":"product-type-simple"},"_links":{"self":[{"href":"https:\/\/licoresveracruz.com\/fr\/wp-json\/wp\/v2\/product\/534","targetHints":{"allow":["GET"]}}],"collection":[{"href":"https:\/\/licoresveracruz.com\/fr\/wp-json\/wp\/v2\/product"}],"about":[{"href":"https:\/\/licoresveracruz.com\/fr\/wp-json\/wp\/v2\/types\/product"}],"replies":[{"embeddable":true,"href":"https:\/\/licoresveracruz.com\/fr\/wp-json\/wp\/v2\/comments?post=534"}],"wp:featuredmedia":[{"embeddable":true,"href":"https:\/\/licoresveracruz.com\/fr\/wp-json\/wp\/v2\/media\/2010"}],"wp:attachment":[{"href":"https:\/\/licoresveracruz.com\/fr\/wp-json\/wp\/v2\/media?parent=534"}],"wp:term":[{"taxonomy":"product_brand","embeddable":true,"href":"https:\/\/licoresveracruz.com\/fr\/wp-json\/wp\/v2\/product_brand?post=534"},{"taxonomy":"product_cat","embeddable":true,"href":"https:\/\/licoresveracruz.com\/fr\/wp-json\/wp\/v2\/product_cat?post=534"},{"taxonomy":"product_tag","embeddable":true,"href":"https:\/\/licoresveracruz.com\/fr\/wp-json\/wp\/v2\/product_tag?post=534"}],"curies":[{"name":"wp","href":"https:\/\/api.w.org\/{rel}","templated":true}]}}