{"id":533,"date":"2021-12-10T01:49:06","date_gmt":"2021-12-10T07:49:06","guid":{"rendered":"http:\/\/licoresveracruz.com\/?post_type=product&#038;p=533"},"modified":"2024-09-26T19:39:11","modified_gmt":"2024-09-27T00:39:11","slug":"tequila_reposado_hdv_bala","status":"publish","type":"product","link":"https:\/\/licoresveracruz.com\/fr\/product\/tequila_rested_hdv_bala\/","title":{"rendered":"\"HIJOS DE VILLA\u201d \u00c9DITION SP\u00c9CIALE REPOS\u00c9 \"CONCEPTION DE BALLE\u201d"},"content":{"rendered":"<p><strong style=\"color: #850700;\">IJOS DE VILLA\u201d \u00c9DITION SP\u00c9CIALE REPOS\u00c9 \u00ab\u00a0CONCEPTION DE BALLE\u201d<\/strong><\/p>\n<p>Pr\u00e9sentations cr\u00e9\u00e9es pour comm\u00e9morer le 55e anniversaire de Veracruz Liquors.<\/p>\n<p>Nous faisons de Hijos de Villa un produit original avec de la Tequila \u00e9labor\u00e9e avec agave bleu et appellation d&rsquo;origine.<\/p>\n<p>Distill\u00e9 \u00e0 Jalisco, terre d&rsquo;agave bleu, certifi\u00e9 par le la plus haute autorit\u00e9, le Tequila Regulatory Council (CRT).<\/p>\n<p>Boisson alcoolis\u00e9e, obtenue par la distillation de mo\u00fbts issus des t\u00eates d&rsquo;Agave Tequilana Weber vari\u00e9t\u00e9 Azul.<\/p>\n<p><em>Notes de d\u00e9gustation :<\/em><\/p>\n<p><strong>VUE<\/strong> : Liquide transparent de couleur jaune paille brillant<\/p>\n<p><strong>NEZ<\/strong> : Ar\u00f4me classique, doux et d\u00e9licat, caract\u00e9ristique de la tequila, l\u00e9g\u00e8rement sucr\u00e9, avec des nuances fra\u00eeches d&rsquo;agave et de fruits secs.<\/p>\n<p><strong>BOUCHE<\/strong> : En bouche, sa force exquise est per\u00e7ue, et la saveur caract\u00e9ristique agr\u00e9able de l&rsquo;agave et la l\u00e9g\u00e8re douceur qui vient du miel de la m\u00eame, orn\u00e9e de la saveur de noix. La saveur caract\u00e9ristique est appr\u00e9ci\u00e9e, apport\u00e9e par le temps de repos en barrique <em>.<\/em><\/p>\n<ul>\n<li>Id\u00e9al \u00e0 l&rsquo;ap\u00e9ritif<\/li>\n<li>Ingr\u00e9dient margarita classique<\/li>\n<li>Combin\u00e9 avec du cola ou du pamplemousse et de la glace, un peu de citron et une pinc\u00e9e de sel<\/li>\n<li>Contient 750 ml de Tequila Hijos de Villa Blanco.<\/li>\n<\/ul>\n<p>Distinction et originalit\u00e9 dans sa pr\u00e9sentation.<\/p>\n<p>Nous faisons de Hijos de Villa un produit original.<\/p>\n","protected":false},"excerpt":{"rendered":"<p>Tequila Reposado avec Appellation d&rsquo;Origine<\/p>\n","protected":false},"featured_media":1162,"comment_status":"open","ping_status":"closed","template":"","meta":{"_wp_convertkit_post_meta":{"form":"-1","landing_page":"0","tag":"0","restrict_content":"0"}},"product_brand":[],"product_cat":[200,28],"product_tag":[190],"class_list":{"0":"post-533","1":"product","2":"type-product","3":"status-publish","4":"has-post-thumbnail","6":"product_cat-coleccion","7":"product_cat-tequilas","8":"product_tag-de-coleccion","10":"first","11":"instock","12":"taxable","13":"shipping-taxable","14":"product-type-external"},"_links":{"self":[{"href":"https:\/\/licoresveracruz.com\/fr\/wp-json\/wp\/v2\/product\/533","targetHints":{"allow":["GET"]}}],"collection":[{"href":"https:\/\/licoresveracruz.com\/fr\/wp-json\/wp\/v2\/product"}],"about":[{"href":"https:\/\/licoresveracruz.com\/fr\/wp-json\/wp\/v2\/types\/product"}],"replies":[{"embeddable":true,"href":"https:\/\/licoresveracruz.com\/fr\/wp-json\/wp\/v2\/comments?post=533"}],"wp:featuredmedia":[{"embeddable":true,"href":"https:\/\/licoresveracruz.com\/fr\/wp-json\/wp\/v2\/media\/1162"}],"wp:attachment":[{"href":"https:\/\/licoresveracruz.com\/fr\/wp-json\/wp\/v2\/media?parent=533"}],"wp:term":[{"taxonomy":"product_brand","embeddable":true,"href":"https:\/\/licoresveracruz.com\/fr\/wp-json\/wp\/v2\/product_brand?post=533"},{"taxonomy":"product_cat","embeddable":true,"href":"https:\/\/licoresveracruz.com\/fr\/wp-json\/wp\/v2\/product_cat?post=533"},{"taxonomy":"product_tag","embeddable":true,"href":"https:\/\/licoresveracruz.com\/fr\/wp-json\/wp\/v2\/product_tag?post=533"}],"curies":[{"name":"wp","href":"https:\/\/api.w.org\/{rel}","templated":true}]}}