{"id":532,"date":"2021-12-10T01:49:06","date_gmt":"2021-12-10T07:49:06","guid":{"rendered":"http:\/\/licoresveracruz.com\/?post_type=product&#038;p=532"},"modified":"2024-09-26T19:39:44","modified_gmt":"2024-09-27T00:39:44","slug":"tequila_blanco_hdv_bala","status":"publish","type":"product","link":"https:\/\/licoresveracruz.com\/fr\/product\/tequila_blanco_hdv_bullet\/","title":{"rendered":"TEQUILA BLANCHE &quot;HIJOS DE VILLA&quot; \u00c9DITION &quot;BALLE&quot;"},"content":{"rendered":"<p><strong style=\"color: #850700;\">TEQUILA BLANCHE &quot;HIJOS DE VILLA&quot; EDITION &quot;BALLE&quot;<\/strong><\/p>\n<p>Coll\u00e8gue du Revolver.<\/p>\n<p>Contient 750 ml de Tequila Hijos de Villa Blanco.<\/p>\n<p>Distinction et originalit\u00e9 dans sa pr\u00e9sentation.<\/p>\n<p>Embl\u00e9matique Blanco<\/p>\n<p><em>Silver<\/em><\/p>\n<p>Tequila avec l&#39;esprit courageux du Mexicain qui a accompagn\u00e9 notre histoire dans sa lutte r\u00e9volutionnaire. Nous faisons de Hijos de Villa un produit original.<\/p>\n<p>Boisson alcoolis\u00e9e avec appellation d&#39;origine, distill\u00e9e \u00e0 Atotonilco El Alto, Jalisco et certifi\u00e9e par sa plus haute autorit\u00e9, le Tequila Regulatory Council (CRT).<\/p>\n<p>La tequila est obtenue par distillation du mo\u00fbt issu des t\u00eates d&#39;Agave Tequilana weber vari\u00e9t\u00e9 bleue.<\/p>\n<p>La Tequila Blanche, selon sa classe, est une boisson alcoolis\u00e9e liquide cristalline, obtenue par la distillation de mo\u00fbts issus des t\u00eates de vari\u00e9t\u00e9 Agave Tequilana Weber Blue. La tequila blanche, selon sa classe, est un liquide cristallin.<\/p>\n<p><strong>APPARENCE<\/strong> : Liquide incolore, transparent, propre et brillant<\/p>\n<p><strong>NEZ<\/strong> : Ar\u00f4me classique, doux et d\u00e9licat, caract\u00e9ristique de la tequila, l\u00e9g\u00e8rement sucr\u00e9, avec des nuances fra\u00eeches d&#39;agave<\/p>\n<p><strong>BOUCHE<\/strong> : En bouche, on per\u00e7oit sa force exquise et sa saveur caract\u00e9ristique agr\u00e9able d&#39;agave et une l\u00e9g\u00e8re douceur qui vient du miel du m\u00eame. Ni amer, ni astringent, ni acide<\/p>\n<p><em>Suggestions de consommation<\/em><\/p>\n<ul>\n<li> Id\u00e9al \u00e0 l&#39;ap\u00e9ritif<\/li>\n<li> Ingr\u00e9dient margarita classique<\/li>\n<li> Combin\u00e9 avec du cola ou du pamplemousse et de la glace, un peu de citron et une pinc\u00e9e de sel<\/li>\n<\/ul>\n","protected":false},"excerpt":{"rendered":"<p>TEQUILA BLANCHE &quot;HIJOS DE VILLA&quot; EDITION &quot;BALLE&quot; Coll\u00e8gue du Revolver. Contient 750 ml de Tequila Hijos de Villa Blanco. Distinction et originalit\u00e9 dans sa pr\u00e9sentation. Embl\u00e9matique Blanco Silver Tequila avec l&#39;esprit courageux du Mexicain qui a accompagn\u00e9 notre histoire dans sa lutte r\u00e9volutionnaire. Nous faisons de Hijos de Villa un [&hellip;]<\/p>\n","protected":false},"featured_media":1160,"comment_status":"open","ping_status":"closed","template":"","meta":{"_wp_convertkit_post_meta":{"form":"-1","landing_page":"0","tag":"0","restrict_content":"0"}},"product_brand":[],"product_cat":[200,28],"product_tag":[190],"class_list":{"0":"post-532","1":"product","2":"type-product","3":"status-publish","4":"has-post-thumbnail","6":"product_cat-coleccion","7":"product_cat-tequilas","8":"product_tag-de-coleccion","10":"first","11":"instock","12":"taxable","13":"shipping-taxable","14":"purchasable","15":"product-type-simple"},"_links":{"self":[{"href":"https:\/\/licoresveracruz.com\/fr\/wp-json\/wp\/v2\/product\/532","targetHints":{"allow":["GET"]}}],"collection":[{"href":"https:\/\/licoresveracruz.com\/fr\/wp-json\/wp\/v2\/product"}],"about":[{"href":"https:\/\/licoresveracruz.com\/fr\/wp-json\/wp\/v2\/types\/product"}],"replies":[{"embeddable":true,"href":"https:\/\/licoresveracruz.com\/fr\/wp-json\/wp\/v2\/comments?post=532"}],"wp:featuredmedia":[{"embeddable":true,"href":"https:\/\/licoresveracruz.com\/fr\/wp-json\/wp\/v2\/media\/1160"}],"wp:attachment":[{"href":"https:\/\/licoresveracruz.com\/fr\/wp-json\/wp\/v2\/media?parent=532"}],"wp:term":[{"taxonomy":"product_brand","embeddable":true,"href":"https:\/\/licoresveracruz.com\/fr\/wp-json\/wp\/v2\/product_brand?post=532"},{"taxonomy":"product_cat","embeddable":true,"href":"https:\/\/licoresveracruz.com\/fr\/wp-json\/wp\/v2\/product_cat?post=532"},{"taxonomy":"product_tag","embeddable":true,"href":"https:\/\/licoresveracruz.com\/fr\/wp-json\/wp\/v2\/product_tag?post=532"}],"curies":[{"name":"wp","href":"https:\/\/api.w.org\/{rel}","templated":true}]}}