{"id":531,"date":"2021-12-10T01:49:05","date_gmt":"2021-12-10T07:49:05","guid":{"rendered":"http:\/\/licoresveracruz.com\/?post_type=product&#038;p=531"},"modified":"2024-09-26T19:41:52","modified_gmt":"2024-09-27T00:41:52","slug":"tequila_dos_coronas_estuche_premium","status":"publish","type":"product","link":"https:\/\/licoresveracruz.com\/fr\/product\/tequila_dos_coronas_case_premium\/","title":{"rendered":"TEQUILA REPOS\u00c9E \"DOS CORONAS\" CAISSE EN BOIS PRIME "},"content":{"rendered":"<p><strong style=\"color: #850700;\">Reposado Tequila &quot;Dos Coronas&quot; \u00c9dition Anniversaire Avec Caisse En Bois Premium Et Cigares San Andr\u00e9s.<\/strong><\/p>\n<p>Contient :<\/p>\n<p>1 bouteille de Tequila Reposado &quot;Dos Coronas&quot; \u00c9dition Anniversaire, bouteille num\u00e9rot\u00e9e de 750 ml.<\/p>\n<p>4 verres \u00e0 tequila<\/p>\n<p>4 cigares n \u00b0 4 fabriqu\u00e9s \u00e0 San Andr\u00e9s Tuxtla, non \u00e9tiquet\u00e9s pour la vente individuelle, conformes au r\u00e8glement national de la loi g\u00e9n\u00e9rale sur le contr\u00f4le du tabac.<\/p>\n","protected":false},"excerpt":{"rendered":"<p>Reposado Tequila &quot;Dos Coronas&quot; \u00c9dition Anniversaire Avec Caisse En Bois Premium Et Cigares San Andr\u00e9s. Contient : 1 bouteille de Tequila Reposado &quot;Dos Coronas&quot; \u00c9dition Anniversaire, bouteille num\u00e9rot\u00e9e de 750 ml. 4 verres \u00e0 tequila 4 cigares n \u00b0 4 fabriqu\u00e9s \u00e0 San Andr\u00e9s Tuxtla, non \u00e9tiquet\u00e9s pour la vente [&hellip;]<\/p>\n","protected":false},"featured_media":1056,"comment_status":"open","ping_status":"closed","template":"","meta":[],"product_cat":[200,28],"product_tag":[190],"class_list":{"0":"post-531","1":"product","2":"type-product","3":"status-publish","4":"has-post-thumbnail","6":"product_cat-coleccion","7":"product_cat-tequilas","8":"product_tag-de-coleccion","10":"first","11":"instock","12":"taxable","13":"shipping-taxable","14":"purchasable","15":"product-type-simple"},"_links":{"self":[{"href":"https:\/\/licoresveracruz.com\/fr\/wp-json\/wp\/v2\/product\/531"}],"collection":[{"href":"https:\/\/licoresveracruz.com\/fr\/wp-json\/wp\/v2\/product"}],"about":[{"href":"https:\/\/licoresveracruz.com\/fr\/wp-json\/wp\/v2\/types\/product"}],"replies":[{"embeddable":true,"href":"https:\/\/licoresveracruz.com\/fr\/wp-json\/wp\/v2\/comments?post=531"}],"wp:featuredmedia":[{"embeddable":true,"href":"https:\/\/licoresveracruz.com\/fr\/wp-json\/wp\/v2\/media\/1056"}],"wp:attachment":[{"href":"https:\/\/licoresveracruz.com\/fr\/wp-json\/wp\/v2\/media?parent=531"}],"wp:term":[{"taxonomy":"product_cat","embeddable":true,"href":"https:\/\/licoresveracruz.com\/fr\/wp-json\/wp\/v2\/product_cat?post=531"},{"taxonomy":"product_tag","embeddable":true,"href":"https:\/\/licoresveracruz.com\/fr\/wp-json\/wp\/v2\/product_tag?post=531"}],"curies":[{"name":"wp","href":"https:\/\/api.w.org\/{rel}","templated":true}]}}