{"id":528,"date":"2021-12-10T01:49:05","date_gmt":"2021-12-10T07:49:05","guid":{"rendered":"http:\/\/licoresveracruz.com\/?post_type=product&#038;p=528"},"modified":"2024-09-26T19:43:44","modified_gmt":"2024-09-27T00:43:44","slug":"tequila_reposado_dos_coronas","status":"publish","type":"product","link":"https:\/\/licoresveracruz.com\/fr\/product\/tequila_rested_two_crowns\/","title":{"rendered":"TEQUILA REPOS\u00c9E  \"DOS CORONAS\""},"content":{"rendered":"<p><strong style=\"color: #850700;\">TEQUILA REPOS\u00c9E \u00ab\u00a0DOS CORONAS\u00a0\u00bb<\/strong> <\/p>\n<p>Dos Coronas Tequila Reposado avec Appellation d&rsquo;Origine, Il est Distill\u00e9 et Reposado \u00e0 Jalisco, Tierra De Agave Azul.<\/p>\n<p>Nous sommes membres du Tequila Regulatory Council qui surveille et certifie chaque lot de notre produit \u00e0 chaque \u00e9tape de la fabrication.<\/p>\n<p>Boisson alcoolis\u00e9e r\u00e9gionale \u00e0 appellation d&rsquo;origine, obtenue par distillation du mo\u00fbt issu des t\u00eates de la vari\u00e9t\u00e9 Agave Tequilana Weber Blue.<\/p>\n<p>Avec 70 ans d&#39;exp\u00e9rience, Licores Veracruz a embouteill\u00e9 et commercialis\u00e9 des tequilas avec Appellation d&#39;Origine distill\u00e9es et repos\u00e9es \u00e0 Jalisco, terre de l&#39;agave bleu. Nous sommes membres du Tequila Regulatory Council, qui surveille et certifie notre produit \u00e0 chacune de ses \u00e9tapes de fabrication. <\/p>\n<p><em>Notes de d\u00e9gustation :<\/em> <\/p>\n<p><strong>Vue<\/strong> : Liquide transparent avec une couleur jaune paille brillante.<\/p>\n<p> <strong>Nez<\/strong> : Ar\u00f4me classique et doux, l\u00e9g\u00e8rement sucr\u00e9, avec des nuances fra\u00eeches d&#39;agave.<\/p>\n<p><strong>Bouche<\/strong> : Lors de la d\u00e9gustation de sa force exquise et agr\u00e9able saveur caract\u00e9ristique de l&#39;agave et la l\u00e9g\u00e8re douceur qui vient de son miel, orn\u00e9 de la saveur de noix. <\/p>\n<p>La saveur caract\u00e9ristique est appr\u00e9ci\u00e9e, apport\u00e9e par le temps pass\u00e9 en barrique.<\/p>\n","protected":false},"excerpt":{"rendered":"<p>TEQUILA REPOS\u00c9E \u00ab\u00a0DOS CORONAS\u00a0\u00bb Dos Coronas Tequila Reposado avec Appellation d&rsquo;Origine, Il est Distill\u00e9 et Reposado \u00e0 Jalisco, Tierra De Agave Azul. Nous sommes membres du Tequila Regulatory Council qui surveille et certifie chaque lot de notre produit \u00e0 chaque \u00e9tape de la fabrication. Boisson alcoolis\u00e9e r\u00e9gionale \u00e0 appellation d&rsquo;origine, [&hellip;]<\/p>\n","protected":false},"featured_media":906,"comment_status":"open","ping_status":"closed","template":"","meta":{"_wp_convertkit_post_meta":{"form":"-1","landing_page":"0","tag":"0","restrict_content":"0"}},"product_brand":[],"product_cat":[28],"product_tag":[193],"class_list":{"0":"post-528","1":"product","2":"type-product","3":"status-publish","4":"has-post-thumbnail","6":"product_cat-tequilas","7":"product_tag-de-lujo","9":"first","10":"instock","11":"taxable","12":"shipping-taxable","13":"purchasable","14":"product-type-variable"},"_links":{"self":[{"href":"https:\/\/licoresveracruz.com\/fr\/wp-json\/wp\/v2\/product\/528","targetHints":{"allow":["GET"]}}],"collection":[{"href":"https:\/\/licoresveracruz.com\/fr\/wp-json\/wp\/v2\/product"}],"about":[{"href":"https:\/\/licoresveracruz.com\/fr\/wp-json\/wp\/v2\/types\/product"}],"replies":[{"embeddable":true,"href":"https:\/\/licoresveracruz.com\/fr\/wp-json\/wp\/v2\/comments?post=528"}],"wp:featuredmedia":[{"embeddable":true,"href":"https:\/\/licoresveracruz.com\/fr\/wp-json\/wp\/v2\/media\/906"}],"wp:attachment":[{"href":"https:\/\/licoresveracruz.com\/fr\/wp-json\/wp\/v2\/media?parent=528"}],"wp:term":[{"taxonomy":"product_brand","embeddable":true,"href":"https:\/\/licoresveracruz.com\/fr\/wp-json\/wp\/v2\/product_brand?post=528"},{"taxonomy":"product_cat","embeddable":true,"href":"https:\/\/licoresveracruz.com\/fr\/wp-json\/wp\/v2\/product_cat?post=528"},{"taxonomy":"product_tag","embeddable":true,"href":"https:\/\/licoresveracruz.com\/fr\/wp-json\/wp\/v2\/product_tag?post=528"}],"curies":[{"name":"wp","href":"https:\/\/api.w.org\/{rel}","templated":true}]}}