{"id":525,"date":"2021-12-10T01:48:39","date_gmt":"2021-12-10T07:48:39","guid":{"rendered":"http:\/\/licoresveracruz.com\/?post_type=product&#038;p=525"},"modified":"2025-04-09T19:37:32","modified_gmt":"2025-04-10T00:37:32","slug":"tequila_blanco_dos_coronas","status":"publish","type":"product","link":"https:\/\/licoresveracruz.com\/fr\/product\/tequila_blanco_two_crowns\/","title":{"rendered":"BLANC TEQUILA \u201cDOS CORONAS\u201d"},"content":{"rendered":"<p><strong style=\"color: #850700;\">BLANC TEQUILA \u201cDOS CORONAS\u201d<\/strong><\/p>\n<p>Avec plus de 70 ans d&rsquo;exp\u00e9rience, Licores Veracruz a conditionn\u00e9 et commercialis\u00e9 des Tequilas avec Appellation d&rsquo;Origine, distill\u00e9es \u00e0 Jalisco, Tierra del Agave Azul.<\/p>\n<p>Nous sommes membres du Tequila Regulatory Council qui surveille et certifie notre produit \u00e0 chacune de ses \u00e9tapes de fabrication.<\/p>\n<p>Ap\u00e9ritif id\u00e9al et ingr\u00e9dient de Margarita classique. Cr\u00e9\u00e9 pour les plus exigeants.<\/p>\n<p><em>Notes de d\u00e9gustation :<\/em><\/p>\n<p><strong>VUE<\/strong> : Liquide incolore, transparent, propre et brillant.<\/p>\n<p><strong>NEZ<\/strong> : Ar\u00f4me classique, doux et d\u00e9licat, l\u00e9g\u00e8rement sucr\u00e9, avec des nuances fra\u00eeches d&#39;agave. <\/p>\n<p><strong>BOUCHE<\/strong> : En bouche on per\u00e7oit sa force exquise et sa saveur caract\u00e9ristique agr\u00e9able de l&#39;agave et la l\u00e9g\u00e8re douceur qui vient du miel de celui-ci.<\/p>\n","protected":false},"excerpt":{"rendered":"<p>BLANC TEQUILA \u201cDOS CORONAS\u201d Avec plus de 70 ans d&rsquo;exp\u00e9rience, Licores Veracruz a conditionn\u00e9 et commercialis\u00e9 des Tequilas avec Appellation d&rsquo;Origine, distill\u00e9es \u00e0 Jalisco, Tierra del Agave Azul. Nous sommes membres du Tequila Regulatory Council qui surveille et certifie notre produit \u00e0 chacune de ses \u00e9tapes de fabrication. Ap\u00e9ritif id\u00e9al [&hellip;]<\/p>\n","protected":false},"featured_media":1050,"comment_status":"open","ping_status":"closed","template":"","meta":[],"product_cat":[28],"product_tag":[193],"class_list":{"0":"post-525","1":"product","2":"type-product","3":"status-publish","4":"has-post-thumbnail","6":"product_cat-tequilas","7":"product_tag-de-lujo","9":"first","10":"instock","11":"taxable","12":"shipping-taxable","13":"purchasable","14":"product-type-variable"},"_links":{"self":[{"href":"https:\/\/licoresveracruz.com\/fr\/wp-json\/wp\/v2\/product\/525"}],"collection":[{"href":"https:\/\/licoresveracruz.com\/fr\/wp-json\/wp\/v2\/product"}],"about":[{"href":"https:\/\/licoresveracruz.com\/fr\/wp-json\/wp\/v2\/types\/product"}],"replies":[{"embeddable":true,"href":"https:\/\/licoresveracruz.com\/fr\/wp-json\/wp\/v2\/comments?post=525"}],"wp:featuredmedia":[{"embeddable":true,"href":"https:\/\/licoresveracruz.com\/fr\/wp-json\/wp\/v2\/media\/1050"}],"wp:attachment":[{"href":"https:\/\/licoresveracruz.com\/fr\/wp-json\/wp\/v2\/media?parent=525"}],"wp:term":[{"taxonomy":"product_cat","embeddable":true,"href":"https:\/\/licoresveracruz.com\/fr\/wp-json\/wp\/v2\/product_cat?post=525"},{"taxonomy":"product_tag","embeddable":true,"href":"https:\/\/licoresveracruz.com\/fr\/wp-json\/wp\/v2\/product_tag?post=525"}],"curies":[{"name":"wp","href":"https:\/\/api.w.org\/{rel}","templated":true}]}}