{"id":524,"date":"2021-12-10T01:48:38","date_gmt":"2021-12-10T07:48:38","guid":{"rendered":"http:\/\/licoresveracruz.com\/?post_type=product&#038;p=524"},"modified":"2024-09-26T19:48:22","modified_gmt":"2024-09-27T00:48:22","slug":"estuche_surtido_regional","status":"publish","type":"product","link":"https:\/\/licoresveracruz.com\/fr\/product\/regional_assortment_case\/","title":{"rendered":"CAISSE D&#39;ALCOOLS ASSORTIS R\u00c9GIONAUX"},"content":{"rendered":"<p><strong style=\"color: #850700;\">CAISSE DE LIQUEURS CAISSE R\u00c9GIONALE<\/p>\n<p><\/strong> <em>ASSORTIE DE 12 MINIATURES, ID\u00c9ALE POUR UN CADEAU, UN SOUVENIR OU SIMPLEMENT POUR SE DONNER L&rsquo;OCCASION DE CONNA\u00ceTRE LES CARACT\u00c9RISTIQUES DES LIQUEURS.<\/em><\/p>\n<p>\u2022 Excellent d\u00e9tail et\/ou souvenir pour cette date sp\u00e9ciale.<\/p>\n<p>\u2022 Pr\u00e9sentation de l&rsquo;utilisation habituelle dans les mini bars et\/ou servibars.<\/p>\n<p>\u2022 Pour le service a\u00e9rien.<\/p>\n<p>\u2022 La pi\u00e8ce manquante dans votre collection de bouteilles miniatures<\/p>\n","protected":false},"excerpt":{"rendered":"<p>CAISSE DE LIQUEURS CAISSE R\u00c9GIONALE ASSORTIE DE 12 MINIATURES, ID\u00c9ALE POUR UN CADEAU, UN SOUVENIR OU SIMPLEMENT POUR SE DONNER L&rsquo;OCCASION DE CONNA\u00ceTRE LES CARACT\u00c9RISTIQUES DES LIQUEURS. \u2022 Excellent d\u00e9tail et\/ou souvenir pour cette date sp\u00e9ciale. \u2022 Pr\u00e9sentation de l&rsquo;utilisation habituelle dans les mini bars et\/ou servibars. \u2022 Pour le [&hellip;]<\/p>\n","protected":false},"featured_media":1384,"comment_status":"open","ping_status":"closed","template":"","meta":{"_wp_convertkit_post_meta":{"form":"-1","landing_page":"0","tag":"0","restrict_content":"0"}},"product_brand":[],"product_cat":[200],"product_tag":[190],"class_list":{"0":"post-524","1":"product","2":"type-product","3":"status-publish","4":"has-post-thumbnail","6":"product_cat-coleccion","7":"product_tag-de-coleccion","9":"first","10":"instock","11":"taxable","12":"shipping-taxable","13":"purchasable","14":"product-type-simple"},"_links":{"self":[{"href":"https:\/\/licoresveracruz.com\/fr\/wp-json\/wp\/v2\/product\/524","targetHints":{"allow":["GET"]}}],"collection":[{"href":"https:\/\/licoresveracruz.com\/fr\/wp-json\/wp\/v2\/product"}],"about":[{"href":"https:\/\/licoresveracruz.com\/fr\/wp-json\/wp\/v2\/types\/product"}],"replies":[{"embeddable":true,"href":"https:\/\/licoresveracruz.com\/fr\/wp-json\/wp\/v2\/comments?post=524"}],"wp:featuredmedia":[{"embeddable":true,"href":"https:\/\/licoresveracruz.com\/fr\/wp-json\/wp\/v2\/media\/1384"}],"wp:attachment":[{"href":"https:\/\/licoresveracruz.com\/fr\/wp-json\/wp\/v2\/media?parent=524"}],"wp:term":[{"taxonomy":"product_brand","embeddable":true,"href":"https:\/\/licoresveracruz.com\/fr\/wp-json\/wp\/v2\/product_brand?post=524"},{"taxonomy":"product_cat","embeddable":true,"href":"https:\/\/licoresveracruz.com\/fr\/wp-json\/wp\/v2\/product_cat?post=524"},{"taxonomy":"product_tag","embeddable":true,"href":"https:\/\/licoresveracruz.com\/fr\/wp-json\/wp\/v2\/product_tag?post=524"}],"curies":[{"name":"wp","href":"https:\/\/api.w.org\/{rel}","templated":true}]}}