{"id":523,"date":"2021-12-10T01:48:38","date_gmt":"2021-12-10T07:48:38","guid":{"rendered":"http:\/\/licoresveracruz.com\/?post_type=product&#038;p=523"},"modified":"2024-09-26T19:46:07","modified_gmt":"2024-09-27T00:46:07","slug":"rones_mexicanos_con_tradicion","status":"publish","type":"product","link":"https:\/\/licoresveracruz.com\/fr\/product\/rhums_mexicains_avec_tradition\/","title":{"rendered":"CAISSE DE RHUMS MEXICAINS AVEC TRADITION"},"content":{"rendered":"<p><strong style=\"color: #850700;\">CAISSE DE RHUMS MEXICAINS AVEC TRADITION<\/p>\n<p><\/strong> R\u00e9gion de production : C\u00f3rdoba, Veracruz, M\u00e9xico.<\/p>\n<p><em>Description du produit :<\/em> 1 set avec 6 miniatures en verre, 50 ml chacune de diff\u00e9rents rhums de Licores Veracruz :<\/p>\n<ul>\n<li>Rhum Blanc Mocambo Carta Blanca 40%<\/li>\n<li>Rhum Vieux Mocambo Solera 6 Ans 40%<\/li>\n<li>Rhum A\u00f1ejo Mocambo \u00c9dition Anniversaire 10 Ans 40%<\/li>\n<li>Rhum Vieux Mocambo 15 Ans 40%<\/li>\n<li>Rhum A\u00f1ejo Mocambo 20 Ans 40%<\/li>\n<li>Rhum Blanc El Tigre Sp\u00e9cial 40%<\/li>\n<\/ul>\n<blockquote><p>Id\u00e9al comme cadeau, souvenir ou simplement pour vous donner l&rsquo;opportunit\u00e9 de d\u00e9couvrir les caract\u00e9ristiques que le rhum acquiert au fil du temps dans le f\u00fbt.<\/p><\/blockquote>\n<p><em>Histoire :<\/em> Issu des distillats du jus et du miel de la canne \u00e0 sucre, vieillis en f\u00fbts de ch\u00eane blanc, le RHUM AUTHENTIQUE DE VERACRUZ est cr\u00e9\u00e9 avec un caract\u00e8re raffin\u00e9, une saveur douce, un grand corps et un excellent bouquet, capable de plaire aux palais les plus exigeants. Le rhum blanc est stock\u00e9 dans des f\u00fbts de ch\u00eane blanc europ\u00e9en pendant au moins 1 an pour acqu\u00e9rir la saveur bois\u00e9e caract\u00e9ristique du rhum, puis il est filtr\u00e9 pour donner cette clart\u00e9 et cette brillance qui le caract\u00e9rise. Les Rhums Vieux sont vieillis longtemps ; de 6 ans avec la m\u00e9thode Solera \u00e0 20 ans avec la m\u00e9thode single baril. Tous sont \u00e9lev\u00e9s dans de vieux f\u00fbts de ch\u00eane blanc europ\u00e9en \u00e0 l&rsquo;ombre, dans un climat subtropical humide.<\/p>\n<p><em>Notes de d\u00e9gustation :<\/p>\n<p><\/em> <strong>A LA VUE<\/strong> : Ses couleurs varient de l&rsquo;incolore brillant \u00e0 l&rsquo;acajou avec des reflets ambr\u00e9s et des reflets dor\u00e9s. Ils sont toujours nets, cristallins, brillants, cors\u00e9s et s&rsquo;\u00e9coulent lentement<\/p>\n<p><strong>NEZ<\/strong> : Ar\u00f4mes complexes o\u00f9 pr\u00e9domine l&rsquo;ar\u00f4me du f\u00fbt, notes d\u00e9licates de vanille, de fruits secs, d&rsquo;amandes, de noisettes, une d\u00e9licate touche de chocolat, de caf\u00e9 et de tabac, agr\u00e9ment\u00e9 de notes de caramel fin.<\/p>\n<p><strong>BOUCHE<\/strong> : Congruence entre ar\u00f4me et saveur, \u00e9quilibre entre acidit\u00e9 et teneur en alcool, caract\u00e8re agr\u00e9able et raffin\u00e9 en bouche.<\/p>\n","protected":false},"excerpt":{"rendered":"<p>CAISSE DE RHUMS MEXICAINS AVEC TRADITION R\u00e9gion de production : C\u00f3rdoba, Veracruz, M\u00e9xico. Description du produit : 1 set avec 6 miniatures en verre, 50 ml chacune de diff\u00e9rents rhums de Licores Veracruz : Rhum Blanc Mocambo Carta Blanca 40% Rhum Vieux Mocambo Solera 6 Ans 40% Rhum A\u00f1ejo Mocambo [&hellip;]<\/p>\n","protected":false},"featured_media":1756,"comment_status":"open","ping_status":"closed","template":"","meta":[],"product_cat":[200,26],"product_tag":[194],"class_list":{"0":"post-523","1":"product","2":"type-product","3":"status-publish","4":"has-post-thumbnail","6":"product_cat-coleccion","7":"product_cat-rones","8":"product_tag-de-colecion","10":"first","11":"instock","12":"taxable","13":"shipping-taxable","14":"purchasable","15":"product-type-simple"},"_links":{"self":[{"href":"https:\/\/licoresveracruz.com\/fr\/wp-json\/wp\/v2\/product\/523"}],"collection":[{"href":"https:\/\/licoresveracruz.com\/fr\/wp-json\/wp\/v2\/product"}],"about":[{"href":"https:\/\/licoresveracruz.com\/fr\/wp-json\/wp\/v2\/types\/product"}],"replies":[{"embeddable":true,"href":"https:\/\/licoresveracruz.com\/fr\/wp-json\/wp\/v2\/comments?post=523"}],"wp:featuredmedia":[{"embeddable":true,"href":"https:\/\/licoresveracruz.com\/fr\/wp-json\/wp\/v2\/media\/1756"}],"wp:attachment":[{"href":"https:\/\/licoresveracruz.com\/fr\/wp-json\/wp\/v2\/media?parent=523"}],"wp:term":[{"taxonomy":"product_cat","embeddable":true,"href":"https:\/\/licoresveracruz.com\/fr\/wp-json\/wp\/v2\/product_cat?post=523"},{"taxonomy":"product_tag","embeddable":true,"href":"https:\/\/licoresveracruz.com\/fr\/wp-json\/wp\/v2\/product_tag?post=523"}],"curies":[{"name":"wp","href":"https:\/\/api.w.org\/{rel}","templated":true}]}}