{"id":522,"date":"2021-12-10T01:48:38","date_gmt":"2021-12-10T07:48:38","guid":{"rendered":"http:\/\/licoresveracruz.com\/?post_type=product&#038;p=522"},"modified":"2024-11-14T05:39:29","modified_gmt":"2024-11-14T11:39:29","slug":"estuche-de-licores-mexicanos-con-tradicion-surtido-6x50-ml","status":"publish","type":"product","link":"https:\/\/licoresveracruz.com\/fr\/product\/caisse-de-liqueurs-mexicaines-avec-assortiment-tradition-6x50-ml\/","title":{"rendered":"ETUI \"MEXICAINS AVEC TRADITION\" ASSORTIMENT"},"content":{"rendered":"<p><strong style=\"color: #850700;\">ETUI \u00ab\u00a0MEXICAINS AVEC TRADITION\u00a0\u00bb ASSORTIMENT<\/strong><\/p>\n<p>R\u00e9gion de production C\u00f3rdoba, Veracruz, Mexique.<\/p>\n<p><em>Description du produit :<\/em><\/p>\n<p>1 set avec 6 miniatures en verre, 50 ml chacune de diff\u00e9rents produits Licores Veracruz :<\/p>\n<ul>\n<li>Eau-de-vie de canne blanche \u00ab El Tigre Especial \u00bb 38%<\/li>\n<li>Eau-de-vie de canne vieillie \u00ab\u00a0El Chorrito Especial\u00a0\u00bb 38%<\/li>\n<li>Tequila Repos Deux Couronnes 38%<\/li>\n<li>Rhum Vieux Mocambo Solera 6 Ans 38%<\/li>\n<li>Mezcal divin repos\u00e9 au ver d&rsquo;agave 38%<\/li>\n<li>Cafka Liqueur de Caf\u00e9 100% Naturelle 19.5%<\/li>\n<\/ul>\n<blockquote><p>Id\u00e9al comme cadeau, souvenir ou simplement pour vous donner l&rsquo;opportunit\u00e9 de d\u00e9couvrir les caract\u00e9ristiques que le rhum acquiert au fil du temps dans le f\u00fbt.<\/p><\/blockquote>\n<ul>\n<li>Un \u00e9chantillon de boissons 100% mexicaines.<\/li>\n<li>La meilleure fa\u00e7on de prendre un verre.<\/li>\n<li>Excellent d\u00e9tail et\/ou souvenir pour cette date sp\u00e9ciale.<\/li>\n<li>Pr\u00e9sentation de l&rsquo;utilisation habituelle dans les mini bars et\/ou servibars.<\/li>\n<li>Pour le service a\u00e9rien.<\/li>\n<li>La pi\u00e8ce manquante dans votre collection de flacons miniatures.<\/li>\n<\/ul>\n<p>Nous vous pr\u00e9sentons deux boissons traditionnellement mexicaines avec appellation d&rsquo;origine :<\/p>\n<ul>\n<li>Tequila Dos Coronas Reposado et Mezcal Reposado Lajita, certifi\u00e9s par le Tequila Regulatory Council.<\/li>\n<li>Deux distillats de canne : Aguardiente el Tigre especial et Aguardiente El Chorrito A\u00f1ejo.<\/li>\n<li>Un Ron Mocambo A\u00f1ejo Solera, l&rsquo;authentique Rhum de Veracruz.<\/li>\n<li>Une liqueur de caf\u00e9 Cafka, \u00e9labor\u00e9e avec du caf\u00e9 d&rsquo;altitude de la r\u00e9gion montagneuse de l&rsquo;\u00c9tat de Veracruz.<\/li>\n<\/ul>\n<p><em>Notes de d\u00e9gustation :<\/em><\/p>\n<p><strong>TEQUILA RESPOSADO<\/strong> : Robe jaune paille brillante et transparente. Ar\u00f4me caract\u00e9ristique de la tequila, l\u00e9g\u00e8rement sucr\u00e9, doux et d\u00e9licat, avec des nuances fra\u00eeches d&rsquo;agave, une force exquise, garnie de la saveur des fruits secs, fournie par le temps de repos dans le f\u00fbt.<\/p>\n<p><strong>RESPOSADO MEZCAL<\/strong> : Liquide clair \u00e0 la teinte dor\u00e9e, transparent et brillant, d\u00e9licieux et d\u00e9licat \u00e9quilibre des ar\u00f4mes traditionnels d&rsquo;agave, \u00e9quilibre exquis entre la saveur du mezcal d&rsquo;Oaxaca et celle du ver maguey.<\/p>\n<p><strong>SPIRITUEUX<\/strong> : Translucides, cristallins et brillants. Corps l\u00e9ger de faible densit\u00e9 et bon drainage, combinaison exotique d&rsquo;ar\u00f4me et de saveur de bois et d&rsquo;eau-de-vie de canne, un classique de Licores Veracruz de la plus haute qualit\u00e9.<\/p>\n<p><strong>OLD RON<\/strong> : Couleur ambr\u00e9e, cristalline et brillante, avec des reflets dor\u00e9s, haute densit\u00e9 qui d\u00e9note un bon corps d\u00fb \u00e0 son \u00e9coulement lent, ar\u00f4me propre et caract\u00e9ristique du rhum des Cara\u00efbes, notes de caramel, de bois, d&rsquo;\u00e9pices et de fruits secs. Go\u00fbt agr\u00e9able et chaleureux.<\/p>\n<p><strong>LIQUEUR DE CAF\u00c9<\/strong> : Boisson au caf\u00e9 100% naturelle, liquide cristallin et brillant, haute densit\u00e9 et excellent corps. Ar\u00f4me agr\u00e9able et exquis et saveur caract\u00e9ristique du caf\u00e9 avec des notes de caramel, agr\u00e9able au palais et bonne permanence.<\/p>\n<ul><\/ul>\n","protected":false},"excerpt":{"rendered":"<p>ETUI \u00ab\u00a0MEXICAINS AVEC TRADITION\u00a0\u00bb ASSORTIMENT R\u00e9gion de production C\u00f3rdoba, Veracruz, Mexique. Description du produit : 1 set avec 6 miniatures en verre, 50 ml chacune de diff\u00e9rents produits Licores Veracruz : Eau-de-vie de canne blanche \u00ab El Tigre Especial \u00bb 38% Eau-de-vie de canne vieillie \u00ab\u00a0El Chorrito Especial\u00a0\u00bb 38% Tequila [&hellip;]<\/p>\n","protected":false},"featured_media":1757,"comment_status":"open","ping_status":"closed","template":"","meta":[],"product_cat":[200],"product_tag":[190],"class_list":{"0":"post-522","1":"product","2":"type-product","3":"status-publish","4":"has-post-thumbnail","6":"product_cat-coleccion","7":"product_tag-de-coleccion","9":"first","10":"instock","11":"taxable","12":"shipping-taxable","13":"purchasable","14":"product-type-simple"},"_links":{"self":[{"href":"https:\/\/licoresveracruz.com\/fr\/wp-json\/wp\/v2\/product\/522"}],"collection":[{"href":"https:\/\/licoresveracruz.com\/fr\/wp-json\/wp\/v2\/product"}],"about":[{"href":"https:\/\/licoresveracruz.com\/fr\/wp-json\/wp\/v2\/types\/product"}],"replies":[{"embeddable":true,"href":"https:\/\/licoresveracruz.com\/fr\/wp-json\/wp\/v2\/comments?post=522"}],"wp:featuredmedia":[{"embeddable":true,"href":"https:\/\/licoresveracruz.com\/fr\/wp-json\/wp\/v2\/media\/1757"}],"wp:attachment":[{"href":"https:\/\/licoresveracruz.com\/fr\/wp-json\/wp\/v2\/media?parent=522"}],"wp:term":[{"taxonomy":"product_cat","embeddable":true,"href":"https:\/\/licoresveracruz.com\/fr\/wp-json\/wp\/v2\/product_cat?post=522"},{"taxonomy":"product_tag","embeddable":true,"href":"https:\/\/licoresveracruz.com\/fr\/wp-json\/wp\/v2\/product_tag?post=522"}],"curies":[{"name":"wp","href":"https:\/\/api.w.org\/{rel}","templated":true}]}}