{"id":519,"date":"2021-12-10T01:48:38","date_gmt":"2021-12-10T07:48:38","guid":{"rendered":"http:\/\/licoresveracruz.com\/?post_type=product&#038;p=519"},"modified":"2024-09-26T19:52:02","modified_gmt":"2024-09-27T00:52:02","slug":"vodka_petrova","status":"publish","type":"product","link":"https:\/\/licoresveracruz.com\/fr\/product\/vodka_petrova\/","title":{"rendered":"VODKA AUX GRAINS \"PETROVA\""},"content":{"rendered":"<p><strong style=\"color: #850700;\">VODKA AUX GRAINS &quot;PETROVA&quot; <\/strong><\/p>\n<p>Son traitement de distillation \u00e9lev\u00e9, sa filtration sur charbon et son repos sont des caract\u00e9ristiques particuli\u00e8res qui font de Petrova un excellent m\u00e9langeur.<\/p>\n<p>Vodka nord-am\u00e9ricaine.<\/p>\n<p>Cinq fois distill\u00e9 et grain pur.<\/p>\n<p>Liquide transparent incolore et inodore, \u00e0 forte teneur en alcool. Soigneusement distill\u00e9 5 fois pour atteindre la puret\u00e9 et la finesse de sa saveur.<\/p>\n<p><em>Notes de d\u00e9gustation :<\/em><\/p>\n<p><strong>VUE<\/strong> : Brillant, transparent et propre. <\/p>\n<p><strong>NEZ<\/strong> : Vodka au grain net au nez. <\/p>\n<p><strong>BOUCHE<\/strong> : Saveur propre et neutre.<\/p>\n<p> <em>Suggestions de consommation<\/em><\/p>\n<ul>\n<li> Vodka PREMIUM au go\u00fbt doux et pur.<\/li>\n<li> Il est g\u00e9n\u00e9ralement combin\u00e9 avec diff\u00e9rents jus de fruits, pour lui donner une saveur diff\u00e9rente.<\/li>\n<li> Largement utilis\u00e9 dans les cocktails.<\/li>\n<\/ul>\n","protected":false},"excerpt":{"rendered":"<p><span>Excellent et comp\u00e9titif dans son bar.<\/span><\/p>\n","protected":false},"featured_media":1124,"comment_status":"open","ping_status":"closed","template":"","meta":[],"product_cat":[32],"product_tag":[193],"class_list":{"0":"post-519","1":"product","2":"type-product","3":"status-publish","4":"has-post-thumbnail","6":"product_cat-vodka","7":"product_tag-de-lujo","9":"first","10":"instock","11":"taxable","12":"shipping-taxable","13":"purchasable","14":"product-type-variable"},"_links":{"self":[{"href":"https:\/\/licoresveracruz.com\/fr\/wp-json\/wp\/v2\/product\/519"}],"collection":[{"href":"https:\/\/licoresveracruz.com\/fr\/wp-json\/wp\/v2\/product"}],"about":[{"href":"https:\/\/licoresveracruz.com\/fr\/wp-json\/wp\/v2\/types\/product"}],"replies":[{"embeddable":true,"href":"https:\/\/licoresveracruz.com\/fr\/wp-json\/wp\/v2\/comments?post=519"}],"wp:featuredmedia":[{"embeddable":true,"href":"https:\/\/licoresveracruz.com\/fr\/wp-json\/wp\/v2\/media\/1124"}],"wp:attachment":[{"href":"https:\/\/licoresveracruz.com\/fr\/wp-json\/wp\/v2\/media?parent=519"}],"wp:term":[{"taxonomy":"product_cat","embeddable":true,"href":"https:\/\/licoresveracruz.com\/fr\/wp-json\/wp\/v2\/product_cat?post=519"},{"taxonomy":"product_tag","embeddable":true,"href":"https:\/\/licoresveracruz.com\/fr\/wp-json\/wp\/v2\/product_tag?post=519"}],"curies":[{"name":"wp","href":"https:\/\/api.w.org\/{rel}","templated":true}]}}