{"id":518,"date":"2021-12-10T01:48:37","date_gmt":"2021-12-10T07:48:37","guid":{"rendered":"http:\/\/licoresveracruz.com\/?post_type=product&#038;p=518"},"modified":"2024-09-26T19:52:54","modified_gmt":"2024-09-27T00:52:54","slug":"vermouth_torino","status":"publish","type":"product","link":"https:\/\/licoresveracruz.com\/fr\/product\/vermouth_torino\/","title":{"rendered":"VIN G\u00c9N\u00c9REUX VERMOUTH \"TORINO\""},"content":{"rendered":"<p><strong style=\"color: #850700;\">VIN G\u00c9N\u00c9REUX VERMOUTH \u00ab\u00a0TORINO\u00a0\u00bb<\/strong><\/p>\n<p>Fabriqu\u00e9 avec du vin rouge de haute qualit\u00e9. Sa texture fine et son go\u00fbt mi-sucr\u00e9 en font une bonne collation. Seul ou mixte enrichit vos boissons.<\/p>\n<p>Le vermouth est l&rsquo;une des concoctions avec l&rsquo;une des plus larges gammes de nuances, de saveurs et d&rsquo;ar\u00f4mes en raison du nombre d&rsquo;ingr\u00e9dients qui le composent.C&rsquo;est ainsi que, selon la tradition, notre recette contient environ 30 extraits naturels.<\/p>\n<p>Le vermouth doux ou italien TORINO est fabriqu\u00e9 \u00e0 partir du meilleur vin rouge de qualit\u00e9, naturellement aromatis\u00e9 avec des herbes, des \u00e9pices am\u00e8res et toniques, \u00e0 partir d&rsquo;un m\u00e9lange s\u00e9lectionn\u00e9 de mac\u00e9rations botaniques, parmi lesquelles des fleurs de camomille, de la gentiane racine, des baies de gen\u00e9vrier, des feuilles de laurier, de la sauge, de la cardamome , cannelle et zeste d&rsquo;orange qui pr\u00e9sente la finale am\u00e8re caract\u00e9ristique.<\/p>\n<p>Une autre des caract\u00e9ristiques du Vermouth TORINO est que nous donnons le temps \u00e0 tous ses ar\u00f4mes et saveurs de finir de s&rsquo;assembler \u00e0 l&rsquo;int\u00e9rieur de f\u00fbts de ch\u00eane, ce qui fait de cette boisson un ap\u00e9ritif \u00e9l\u00e9gant par excellence, aromatique, \u00e0 base de plantes, l\u00e9g\u00e8rement sucr\u00e9 avec une finale am\u00e8re exquise. .<\/p>\n<p>Il est recommand\u00e9 de d\u00e9guster ce produit dans un endroit frais et dans un verre \u00e0 vin pour permettre de distinguer facilement les ar\u00f4mes des plantes.<\/p>\n<p><em>Notes de d\u00e9gustation :<\/em><\/p>\n<p><strong>Vue<\/strong> : Il a une couleur rouge\u00e2tre brillante avec des reflets ambr\u00e9s, une densit\u00e9 moyenne et des jambes de drainage lent.<\/p>\n<p><strong>Nez<\/strong> : Vin de raisin, herbes, agrumes et aromatiques \u00e9pic\u00e9s se distinguent.<\/p>\n<p><strong>Bouche<\/strong> : L&rsquo;\u00e9quilibre des saveurs sucr\u00e9es, herbac\u00e9es et \u00e9pic\u00e9es se d\u00e9guste avec une finale l\u00e9g\u00e8rement am\u00e8re et une bonne permanence en bouche.<\/p>\n<p>Nous vous proposons de d\u00e9guster cette boisson dans un verre court on the rocks accompagn\u00e9 d&rsquo;une tranche d&rsquo;orange ou de citron.<\/p>\n<p>C&rsquo;est aussi l&rsquo;ingr\u00e9dient parfait pour mettre en valeur le cocktail de votre choix.<\/p>\n<p>1L \u00e0 17% Alc. Vol.<\/p>\n","protected":false},"excerpt":{"rendered":"<p>M\u00e9lange de vins et d&#39;herbes aromatiques s\u00e9lectionn\u00e9es<\/p>\n","protected":false},"featured_media":1405,"comment_status":"open","ping_status":"closed","template":"","meta":{"_wp_convertkit_post_meta":{"form":"-1","landing_page":"0","tag":"0","restrict_content":"0"}},"product_brand":[],"product_cat":[33],"product_tag":[191],"class_list":{"0":"post-518","1":"product","2":"type-product","3":"status-publish","4":"has-post-thumbnail","6":"product_cat-cordiales","7":"product_tag-tradicional","9":"first","10":"instock","11":"taxable","12":"shipping-taxable","13":"purchasable","14":"product-type-variable"},"_links":{"self":[{"href":"https:\/\/licoresveracruz.com\/fr\/wp-json\/wp\/v2\/product\/518","targetHints":{"allow":["GET"]}}],"collection":[{"href":"https:\/\/licoresveracruz.com\/fr\/wp-json\/wp\/v2\/product"}],"about":[{"href":"https:\/\/licoresveracruz.com\/fr\/wp-json\/wp\/v2\/types\/product"}],"replies":[{"embeddable":true,"href":"https:\/\/licoresveracruz.com\/fr\/wp-json\/wp\/v2\/comments?post=518"}],"wp:featuredmedia":[{"embeddable":true,"href":"https:\/\/licoresveracruz.com\/fr\/wp-json\/wp\/v2\/media\/1405"}],"wp:attachment":[{"href":"https:\/\/licoresveracruz.com\/fr\/wp-json\/wp\/v2\/media?parent=518"}],"wp:term":[{"taxonomy":"product_brand","embeddable":true,"href":"https:\/\/licoresveracruz.com\/fr\/wp-json\/wp\/v2\/product_brand?post=518"},{"taxonomy":"product_cat","embeddable":true,"href":"https:\/\/licoresveracruz.com\/fr\/wp-json\/wp\/v2\/product_cat?post=518"},{"taxonomy":"product_tag","embeddable":true,"href":"https:\/\/licoresveracruz.com\/fr\/wp-json\/wp\/v2\/product_tag?post=518"}],"curies":[{"name":"wp","href":"https:\/\/api.w.org\/{rel}","templated":true}]}}