{"id":517,"date":"2021-12-10T01:48:37","date_gmt":"2021-12-10T07:48:37","guid":{"rendered":"http:\/\/licoresveracruz.com\/?post_type=product&#038;p=517"},"modified":"2024-09-26T19:54:27","modified_gmt":"2024-09-27T00:54:27","slug":"licor_almendra_otelo","status":"publish","type":"product","link":"https:\/\/licoresveracruz.com\/fr\/product\/othello_almond_liquor\/","title":{"rendered":"LIQUEUR D&#39;AMANDE &quot;OTELLO&quot;"},"content":{"rendered":"<p><strong style=\"color: #850700;\">LIQUEUR D&rsquo;AMANDE \u00ab\u00a0OTELLO\u00a0\u00bb<\/strong><\/p>\n<p data-wp-editing=\"1\"><span>Fabriqu\u00e9 avec des extraits et des huiles essentielles qui offrent une saveur exceptionnelle.<\/span><\/p>\n<p data-wp-editing=\"1\"><span>Fabriqu\u00e9 avec des m\u00e9thodes traditionnelles.<\/span><\/p>\n<p data-wp-editing=\"1\"><span>L&rsquo;amande conf\u00e8re \u00e0 cette liqueur des caract\u00e9ristiques ludiques qui la rendent id\u00e9ale \u00e0 boire pure, on the rocks, comme ingr\u00e9dient de cocktails et indispensable en confiserie.<\/span><\/p>\n<p data-wp-editing=\"1\"><em>Remarques de CATA&nbsp;:<\/em><\/p>\n<p data-wp-editing=\"1\"><span><strong>Vue :<\/strong> Boisson ocre brillante avec des \u00e9clats dor\u00e9s, une densit\u00e9 mod\u00e9r\u00e9e et un excellent corps.<\/span><\/p>\n<p data-wp-editing=\"1\"><span><strong>Nez :<\/strong> Ar\u00f4me agr\u00e9able d&rsquo;amandes, avec une touche d&rsquo;acidit\u00e9 qui d\u00e9note la fra\u00eecheur.<\/span><\/p>\n<p data-wp-editing=\"1\"><span><strong>Bouche :<\/strong> Entr\u00e9e d&rsquo;amandes douces avec des tons de guimauve et de d\u00e9licates notes alcoolis\u00e9es.<\/span><\/p>\n<p data-wp-editing=\"1\"><span>\u00c9quilibre et congruence avec les ar\u00f4mes. Go\u00fbt sucr\u00e9 avec des notes l\u00e9g\u00e8rement acides et agr\u00e9ables avec un long s\u00e9jour en bouche.<\/span><\/p>\n","protected":false},"excerpt":{"rendered":"<p>Merveilleuse amande aux caract\u00e9ristiques uniques<\/p>\n","protected":false},"featured_media":1055,"comment_status":"open","ping_status":"closed","template":"","meta":[],"product_cat":[201],"product_tag":[189],"class_list":{"0":"post-517","1":"product","2":"type-product","3":"status-publish","4":"has-post-thumbnail","6":"product_cat-licores-gourmet","7":"product_tag-premium","9":"first","10":"instock","11":"taxable","12":"shipping-taxable","13":"purchasable","14":"product-type-variable"},"_links":{"self":[{"href":"https:\/\/licoresveracruz.com\/fr\/wp-json\/wp\/v2\/product\/517"}],"collection":[{"href":"https:\/\/licoresveracruz.com\/fr\/wp-json\/wp\/v2\/product"}],"about":[{"href":"https:\/\/licoresveracruz.com\/fr\/wp-json\/wp\/v2\/types\/product"}],"replies":[{"embeddable":true,"href":"https:\/\/licoresveracruz.com\/fr\/wp-json\/wp\/v2\/comments?post=517"}],"wp:featuredmedia":[{"embeddable":true,"href":"https:\/\/licoresveracruz.com\/fr\/wp-json\/wp\/v2\/media\/1055"}],"wp:attachment":[{"href":"https:\/\/licoresveracruz.com\/fr\/wp-json\/wp\/v2\/media?parent=517"}],"wp:term":[{"taxonomy":"product_cat","embeddable":true,"href":"https:\/\/licoresveracruz.com\/fr\/wp-json\/wp\/v2\/product_cat?post=517"},{"taxonomy":"product_tag","embeddable":true,"href":"https:\/\/licoresveracruz.com\/fr\/wp-json\/wp\/v2\/product_tag?post=517"}],"curies":[{"name":"wp","href":"https:\/\/api.w.org\/{rel}","templated":true}]}}