{"id":516,"date":"2021-12-10T01:48:37","date_gmt":"2021-12-10T07:48:37","guid":{"rendered":"http:\/\/licoresveracruz.com\/?post_type=product&#038;p=516"},"modified":"2024-09-26T19:55:13","modified_gmt":"2024-09-27T00:55:13","slug":"licor_limon_otelo","status":"publish","type":"product","link":"https:\/\/licoresveracruz.com\/fr\/product\/licor_limon_otelo\/","title":{"rendered":"LIQUEUR DE CITRON \"OTELO\" GOURMET"},"content":{"rendered":"<p><strong style=\"color: #850700;\">LIQUEUR DE CITRON \u00ab\u00a0OTELO\u00a0\u00bb GOURMET<\/strong><\/p>\n<p>PRODUIT GOURMAND, FABRIQU\u00c9 \u00c0 100% AVEC DES EXTRAITS DE CITRON PERSAN. Excellence et tradition mexicaine.<\/p>\n<p>Veracruz, le plus grand producteur mondial de citron persan, cr\u00e9e Otelo, donnant naissance \u00e0 cette liqueur de citron raffin\u00e9e et naturelle.<\/p>\n<ul>\n<li>Fabriqu\u00e9 avec des extraits naturels de citron<\/li>\n<li>Produit avec des m\u00e9thodes traditionnelles.<\/li>\n<li>Liqueur naturelle, sans colorants ni conservateurs, offre des combinaisons subtiles et excellentes.<\/li>\n<li>Super exp\u00e9rience de cocktails.<\/li>\n<\/ul>\n<p><em>Notes de d\u00e9gustation :<\/em><\/p>\n<p><strong>VUE<\/strong> : Boisson cristalline et lumineuse, couleur vert citron clair, densit\u00e9 mod\u00e9r\u00e9e et excellent corps<\/p>\n<p><strong>NEZ<\/strong> : Ar\u00f4me agr\u00e9able et doux de citron naturel<\/p>\n<p><strong>BOUCHE<\/strong> : Ar\u00f4me naturel de citron, \u00e9quilibre entre saveur et ar\u00f4me, go\u00fbt sucr\u00e9 agr\u00e9able et permanent en bouche<\/p>\n<p><em>Suggestions de consommation :<\/em><\/p>\n<p>\u2022 D\u00e9licieux \u00e0 l&rsquo;ap\u00e9ritif, seul ou on the rocks \u2022 Associ\u00e9 \u00e0 des spiritueux, du champagne, du vin blanc sec ou des jus de fruits<\/p>\n<p>\u2022 En cocktail il offre des alliances subtiles et excellentes<\/p>\n<p>\u2022 Indispensable dans les desserts, cr\u00e8mes, glaces, mousses, cr\u00eapes et salades de fruits<\/p>\n","protected":false},"excerpt":{"rendered":"<p>PRODUIT GOURMAND, 100% NATUREL<\/p>\n","protected":false},"featured_media":1054,"comment_status":"open","ping_status":"closed","template":"","meta":[],"product_cat":[201],"product_tag":[189],"class_list":{"0":"post-516","1":"product","2":"type-product","3":"status-publish","4":"has-post-thumbnail","6":"product_cat-licores-gourmet","7":"product_tag-premium","9":"first","10":"instock","11":"taxable","12":"shipping-taxable","13":"purchasable","14":"product-type-variable"},"_links":{"self":[{"href":"https:\/\/licoresveracruz.com\/fr\/wp-json\/wp\/v2\/product\/516"}],"collection":[{"href":"https:\/\/licoresveracruz.com\/fr\/wp-json\/wp\/v2\/product"}],"about":[{"href":"https:\/\/licoresveracruz.com\/fr\/wp-json\/wp\/v2\/types\/product"}],"replies":[{"embeddable":true,"href":"https:\/\/licoresveracruz.com\/fr\/wp-json\/wp\/v2\/comments?post=516"}],"wp:featuredmedia":[{"embeddable":true,"href":"https:\/\/licoresveracruz.com\/fr\/wp-json\/wp\/v2\/media\/1054"}],"wp:attachment":[{"href":"https:\/\/licoresveracruz.com\/fr\/wp-json\/wp\/v2\/media?parent=516"}],"wp:term":[{"taxonomy":"product_cat","embeddable":true,"href":"https:\/\/licoresveracruz.com\/fr\/wp-json\/wp\/v2\/product_cat?post=516"},{"taxonomy":"product_tag","embeddable":true,"href":"https:\/\/licoresveracruz.com\/fr\/wp-json\/wp\/v2\/product_tag?post=516"}],"curies":[{"name":"wp","href":"https:\/\/api.w.org\/{rel}","templated":true}]}}