{"id":514,"date":"2021-12-10T01:48:37","date_gmt":"2021-12-10T07:48:37","guid":{"rendered":"http:\/\/licoresveracruz.com\/?post_type=product&#038;p=514"},"modified":"2026-04-30T17:17:11","modified_gmt":"2026-04-30T22:17:11","slug":"licor_cafe_cafka","status":"publish","type":"product","link":"https:\/\/licoresveracruz.com\/fr\/product\/liquor_cafe_cafka\/","title":{"rendered":"LIQUEUR LE CAF\u00c9 \"CAFKA\""},"content":{"rendered":"<p><strong style=\"color: #850700;\">PREMIUM GOURMET CAFKA \u00ae COFFEE LIQUEUR<\/strong> <\/p>\n<p>100% naturel<\/p>\n<p>Fabriqu\u00e9 avec notre extrait naturel de grains de caf\u00e9 s\u00e9lectionn\u00e9s de la vari\u00e9t\u00e9 Arabica cultiv\u00e9s dans les for\u00eats brumeuses de la r\u00e9gion montagneuse centrale de Veracruz.<\/p>\n<p>Issu de la traditionnelle Tierra del Caf\u00e9, le \u00abCafka\u00bb est obtenu par un processus lent et soign\u00e9, qui garantit sa haute qualit\u00e9 avec un \u00e9quilibre parfait et unique entre saveur et douceur.<\/p>\n<p>\u00ab\u00a0Cafka\u00a0\u00bb est obtenu par infusion, mac\u00e9ration, extrait et distillation du grain de caf\u00e9 arabe, assembl\u00e9 avec du rhum de haute qualit\u00e9<\/p>\n<p>\u00ab\u00a0CAFKA\u00a0\u00bb, a \u00e9t\u00e9 choisi par le chef Federico Garcia en 2021 comme boisson principale au restaurant San Angel Inn dans le pavillon mexicain \u00e0 Epcot, Disney, Floride.<\/p>\n<ul>\n<li>100% naturel.<\/li>\n<li>Fabriqu\u00e9 avec notre extrait naturel de grains de caf\u00e9 s\u00e9lectionn\u00e9s parmi la vari\u00e9t\u00e9 Arabica cultiv\u00e9e dans les for\u00eats de nuages de la r\u00e9gion montagneuse centrale de Veracruz.<\/li>\n<li>De la terre traditionnelle du caf\u00e9 \u00ab\u00a0Cafka\u00a0\u00bb, il est obtenu gr\u00e2ce \u00e0 un processus lent et minutieux, qui garantit sa haute qualit\u00e9 avec un \u00e9quilibre parfait et unique entre saveur et douceur.<\/li>\n<li>\u00ab\u00a0Cafka\u00a0\u00bb est obtenu par infusion, mac\u00e9ration, extrait et distillation de grains de caf\u00e9 Arabica, m\u00e9lang\u00e9s \u00e0 du rhum de haute qualit\u00e9.<\/li>\n<li>19,5&nbsp;% d&rsquo;alcool. Vol., Bo\u00eete de 6 x 750 ml.<\/li>\n<\/ul>\n<p><em>Notes de d\u00e9gustation :<\/p>\n<p><\/em> <strong>VUE<\/strong> : Boisson couleur caf\u00e9 brillante, de haute densit\u00e9 et d&rsquo;un excellent corps<\/p>\n<p><strong>NEZ<\/strong> : Agr\u00e9able et exquis ar\u00f4me caract\u00e9ristique du caf\u00e9 naturel, orn\u00e9 de notes de caramel<\/p>\n<p><strong>BOUCHE<\/strong> : Ar\u00f4me naturel extraordinaire de caf\u00e9, \u00e9quilibre entre saveur et douceur, agr\u00e9able \u00e0 la bouche le palais<\/p>\n<p>Et avec une permanence qui invite \u00e0 continuer \u00e0 le d\u00e9guster<\/p>\n","protected":false},"excerpt":{"rendered":"<p>Excellence et tradition mexicaine.<\/p>\n","protected":false},"featured_media":1053,"comment_status":"open","ping_status":"closed","template":"","meta":{"_wp_convertkit_post_meta":{"form":"-1","landing_page":"0","tag":"0","restrict_content":"0"}},"product_brand":[],"product_cat":[201],"product_tag":[51,189],"class_list":{"0":"post-514","1":"product","2":"type-product","3":"status-publish","4":"has-post-thumbnail","6":"product_cat-licores-gourmet","7":"product_tag-destacado","8":"product_tag-premium","10":"first","11":"instock","12":"taxable","13":"shipping-taxable","14":"purchasable","15":"product-type-variable"},"_links":{"self":[{"href":"https:\/\/licoresveracruz.com\/fr\/wp-json\/wp\/v2\/product\/514","targetHints":{"allow":["GET"]}}],"collection":[{"href":"https:\/\/licoresveracruz.com\/fr\/wp-json\/wp\/v2\/product"}],"about":[{"href":"https:\/\/licoresveracruz.com\/fr\/wp-json\/wp\/v2\/types\/product"}],"replies":[{"embeddable":true,"href":"https:\/\/licoresveracruz.com\/fr\/wp-json\/wp\/v2\/comments?post=514"}],"wp:featuredmedia":[{"embeddable":true,"href":"https:\/\/licoresveracruz.com\/fr\/wp-json\/wp\/v2\/media\/1053"}],"wp:attachment":[{"href":"https:\/\/licoresveracruz.com\/fr\/wp-json\/wp\/v2\/media?parent=514"}],"wp:term":[{"taxonomy":"product_brand","embeddable":true,"href":"https:\/\/licoresveracruz.com\/fr\/wp-json\/wp\/v2\/product_brand?post=514"},{"taxonomy":"product_cat","embeddable":true,"href":"https:\/\/licoresveracruz.com\/fr\/wp-json\/wp\/v2\/product_cat?post=514"},{"taxonomy":"product_tag","embeddable":true,"href":"https:\/\/licoresveracruz.com\/fr\/wp-json\/wp\/v2\/product_tag?post=514"}],"curies":[{"name":"wp","href":"https:\/\/api.w.org\/{rel}","templated":true}]}}