{"id":513,"date":"2021-12-10T01:48:37","date_gmt":"2021-12-10T07:48:37","guid":{"rendered":"http:\/\/licoresveracruz.com\/?post_type=product&#038;p=513"},"modified":"2024-09-26T19:58:49","modified_gmt":"2024-09-27T00:58:49","slug":"licor-herbal-furken","status":"publish","type":"product","link":"https:\/\/licoresveracruz.com\/fr\/product\/liqueur-herbes-furken\/","title":{"rendered":"LIQUEUR AUX HERBES &quot;FURKEN&quot;"},"content":{"rendered":"<p><strong style=\"color: #850700;\">LIQUEUR AUX HERBES &quot;FURKEN&quot;<\/strong><\/p>\n<p>Fabriqu\u00e9 uniquement avec des extraits naturels.<\/p>\n<ul>\n<li> Extra Dry Herbal Liqueur, fantastique dans les cocktails.<\/li>\n<li> Formule originale ancienne et secr\u00e8te.<\/li>\n<li> Elabor\u00e9 et vieilli en f\u00fbts de ch\u00eane.<\/li>\n<li> Tr\u00e8s rafra\u00eechissant et chaleureux.<\/li>\n<li> ouvrez votre cr\u00e9ativit\u00e9<\/li>\n<\/ul>\n","protected":false},"excerpt":{"rendered":"<p><span>Rafra\u00eechissant et convivial. ouvrez votre cr\u00e9ativit\u00e9<\/span><\/p>\n","protected":false},"featured_media":1052,"comment_status":"open","ping_status":"closed","template":"","meta":[],"product_cat":[199],"product_tag":[189],"class_list":{"0":"post-513","1":"product","2":"type-product","3":"status-publish","4":"has-post-thumbnail","6":"product_cat-herbales","7":"product_tag-premium","9":"first","10":"instock","11":"taxable","12":"shipping-taxable","13":"purchasable","14":"product-type-variable"},"_links":{"self":[{"href":"https:\/\/licoresveracruz.com\/fr\/wp-json\/wp\/v2\/product\/513"}],"collection":[{"href":"https:\/\/licoresveracruz.com\/fr\/wp-json\/wp\/v2\/product"}],"about":[{"href":"https:\/\/licoresveracruz.com\/fr\/wp-json\/wp\/v2\/types\/product"}],"replies":[{"embeddable":true,"href":"https:\/\/licoresveracruz.com\/fr\/wp-json\/wp\/v2\/comments?post=513"}],"wp:featuredmedia":[{"embeddable":true,"href":"https:\/\/licoresveracruz.com\/fr\/wp-json\/wp\/v2\/media\/1052"}],"wp:attachment":[{"href":"https:\/\/licoresveracruz.com\/fr\/wp-json\/wp\/v2\/media?parent=513"}],"wp:term":[{"taxonomy":"product_cat","embeddable":true,"href":"https:\/\/licoresveracruz.com\/fr\/wp-json\/wp\/v2\/product_cat?post=513"},{"taxonomy":"product_tag","embeddable":true,"href":"https:\/\/licoresveracruz.com\/fr\/wp-json\/wp\/v2\/product_tag?post=513"}],"curies":[{"name":"wp","href":"https:\/\/api.w.org\/{rel}","templated":true}]}}