{"id":511,"date":"2021-12-10T01:48:36","date_gmt":"2021-12-10T07:48:36","guid":{"rendered":"http:\/\/licoresveracruz.com\/?post_type=product&#038;p=511"},"modified":"2024-10-28T06:34:04","modified_gmt":"2024-10-28T12:34:04","slug":"mocambo_25_reserva_especial","status":"publish","type":"product","link":"https:\/\/licoresveracruz.com\/fr\/product\/mocambo_25_reserva_especial\/","title":{"rendered":" RHUM VIEUX  \"MOCAMBO\" R\u00c9SERVE SP\u00c9CIALE 25 ANS"},"content":{"rendered":"<p><strong style=\"color: #850700;\">RHUM A\u00d1EJO &quot;MOCAMBO&quot; R\u00c9SERVE SP\u00c9CIALE 25 ANS<\/strong><\/p>\n<p>Dans une \u00e9dition sp\u00e9ciale, Licores Veracruz cr\u00e9e cette ligne Premium de rhum vieilli au caract\u00e8re raffin\u00e9 et \u00e0 la saveur douce.<\/p>\n<p>Elev\u00e9 et s\u00e9lectionn\u00e9 par des d\u00e9gustateurs experts dans de vieux f\u00fbts de ch\u00eane blanc europ\u00e9en.<\/p>\n<p>La noblesse d&#39;origine et la connaissance du temps leur conf\u00e8rent des caract\u00e9ristiques uniques dans leur ar\u00f4me et leur saveur.<\/p>\n<p>Le conditionnement en lots sp\u00e9cifiques par baril unique distingue ces produits comme incomparables et uniques. Dans deux pr\u00e9sentations num\u00e9rot\u00e9es sp\u00e9ciales pour les connaisseurs, nous offrons une distinction dans chaque bouteille. Comm\u00e9morative des 400 ans de la fondation de la ville de Cordoue, Veracruz. Fond\u00e9e le 27 avril 1618 dans les Lomas de Huilango par Trente Chevaliers et leurs descendants,<\/p>\n<p><em>Notes de d\u00e9gustation :<\/em> <\/p>\n<p><strong>VUE<\/strong> : <\/p>\n<p>\u2022 Une couleur ambr\u00e9e profonde avec des reflets cuivr\u00e9s et dor\u00e9s. \u2022 Brillant et dense, reflet d&#39;un beau vieillissement.<br \/>\n\u2022 Bonne pr\u00e9sence des jambes qui marchent lentement sur le verre. \u2022 Avec texture et grand corps.<\/p>\n<p> <strong>NEZ<\/strong> :<\/p>\n<p>\u2022 Ar\u00f4mes d&#39;un rhum vieux authentique avec la pr\u00e9sence de caf\u00e9, de vanille et de bois agr\u00e9ablement int\u00e9gr\u00e9s.<br \/>\n\u2022 El\u00e9gant et raffin\u00e9. Ar\u00f4mes intenses et complexes de vanille, de ch\u00eane, de cacao, de tabac, de chocolat et de miel.<br \/>\n\u2022 Ar\u00f4me d\u00e9fini, robuste, herbac\u00e9, \u00e9pices douces et chocolat noir.<\/p>\n<p><strong>BOUCHE<\/strong> :<br \/>\n\u2022 Corps tr\u00e8s bien structur\u00e9, saveurs conformes \u00e0 celles d\u00e9crites au nez.<br \/>\n\u2022 Bonne int\u00e9gration du distillat, grande finesse.<br \/>\n\u2022 Rhum \u00e9l\u00e9gant et bien \u00e9quilibr\u00e9 qui montre sa qualit\u00e9 de vieillissement et de fabrication. Bonne distillation, bien vieilli, \u00e9l\u00e9gant et avec une bonne complexit\u00e9. Avec des saveurs agr\u00e9ables et distinctives.<\/p>\n","protected":false},"excerpt":{"rendered":"<p>RHUM A\u00d1EJO &quot;MOCAMBO&quot; R\u00c9SERVE SP\u00c9CIALE 25 ANS Dans une \u00e9dition sp\u00e9ciale, Licores Veracruz cr\u00e9e cette ligne Premium de rhum vieilli au caract\u00e8re raffin\u00e9 et \u00e0 la saveur douce. Elev\u00e9 et s\u00e9lectionn\u00e9 par des d\u00e9gustateurs experts dans de vieux f\u00fbts de ch\u00eane blanc europ\u00e9en. La noblesse d&#39;origine et la connaissance du [&hellip;]<\/p>\n","protected":false},"featured_media":1095,"comment_status":"open","ping_status":"closed","template":"","meta":{"_wp_convertkit_post_meta":{"form":"-1","landing_page":"0","tag":"0","restrict_content":"0"}},"product_brand":[],"product_cat":[200,26],"product_tag":[188],"class_list":{"0":"post-511","1":"product","2":"type-product","3":"status-publish","4":"has-post-thumbnail","6":"product_cat-coleccion","7":"product_cat-rones","8":"product_tag-ultra-premium","10":"first","11":"instock","12":"taxable","13":"shipping-taxable","14":"purchasable","15":"product-type-simple"},"_links":{"self":[{"href":"https:\/\/licoresveracruz.com\/fr\/wp-json\/wp\/v2\/product\/511","targetHints":{"allow":["GET"]}}],"collection":[{"href":"https:\/\/licoresveracruz.com\/fr\/wp-json\/wp\/v2\/product"}],"about":[{"href":"https:\/\/licoresveracruz.com\/fr\/wp-json\/wp\/v2\/types\/product"}],"replies":[{"embeddable":true,"href":"https:\/\/licoresveracruz.com\/fr\/wp-json\/wp\/v2\/comments?post=511"}],"wp:featuredmedia":[{"embeddable":true,"href":"https:\/\/licoresveracruz.com\/fr\/wp-json\/wp\/v2\/media\/1095"}],"wp:attachment":[{"href":"https:\/\/licoresveracruz.com\/fr\/wp-json\/wp\/v2\/media?parent=511"}],"wp:term":[{"taxonomy":"product_brand","embeddable":true,"href":"https:\/\/licoresveracruz.com\/fr\/wp-json\/wp\/v2\/product_brand?post=511"},{"taxonomy":"product_cat","embeddable":true,"href":"https:\/\/licoresveracruz.com\/fr\/wp-json\/wp\/v2\/product_cat?post=511"},{"taxonomy":"product_tag","embeddable":true,"href":"https:\/\/licoresveracruz.com\/fr\/wp-json\/wp\/v2\/product_tag?post=511"}],"curies":[{"name":"wp","href":"https:\/\/api.w.org\/{rel}","templated":true}]}}