{"id":510,"date":"2021-12-10T01:48:36","date_gmt":"2021-12-10T07:48:36","guid":{"rendered":"http:\/\/licoresveracruz.com\/?post_type=product&#038;p=510"},"modified":"2026-04-22T13:12:39","modified_gmt":"2026-04-22T18:12:39","slug":"ron_villa_rica_23_oro","status":"publish","type":"product","link":"https:\/\/licoresveracruz.com\/fr\/product\/rhum_villa_rica_23_oro\/","title":{"rendered":"RHUM EXTRA RASSIS \"VILLA RICA\" 23 ANS \u00c9DITION DE L'OR"},"content":{"rendered":"<p><strong style=\"color: #850700;\">RHUM EXTRA RASSIS \u00ab\u00a0VILLA RICA\u00a0\u00bb 23 ANS \u00c9DITION DE L&rsquo;OR<\/strong><\/p>\n<p>Issu des distillats de canne \u00e0 sucre, vieilli depuis 1984, \u00e0 l&#39;ombre et dans un environnement subtropical humide \u00e0 860 m d&#39;altitude, dans de vieux f\u00fbts de ch\u00eane blanc canadien cr\u00e9e Ron Villa Rica 23 ans, Gold Edition.<\/p>\n<p>Le vieillissement s\u00e9lectionn\u00e9 par des d\u00e9gustateurs experts, donne \u00e0 ce rhum un caract\u00e8re unique et raffin\u00e9, une saveur douce, un grand corps et un bouquet expressif.<\/p>\n<p>Belle couleur ambr\u00e9e avec des \u00e9clats caramel, des \u00e9clats dor\u00e9s et des reflets verts autour du verre. Cors\u00e9 et s&#39;\u00e9coule lentement.<\/p>\n<p>Ar\u00f4mes int\u00e9ressants, complexes et puissants, domin\u00e9s par des notes de caramel, de vanille, de ch\u00eane, une touche de chocolat, de tabac, de fruits m\u00fbrs, de d\u00e9licates notes d&#39;agrumes.<\/p>\n<p>En bouche, congruence entre ar\u00f4me et saveur, avec du caract\u00e8re, rond et cors\u00e9. Saveur agr\u00e9able avec des notes de vanille, de noix, de p\u00eache, d&#39;\u00e9pices et l\u00e9g\u00e8rement herbac\u00e9es.<\/p>\n<p>Sa finale est longue et permanente. Le contenant est d\u00e9cor\u00e9 \u00e0 600\u00b0C, associant des pigments min\u00e9raux, du bleu de cobalt et de l&#39;or 12 carats.<\/p>\n<p><em>GAGNANT DU DIAMOND TASTE AWARD 2021<\/em> , Reconnaissance accord\u00e9e aux produits qui ont re\u00e7u 3 \u00e9toiles pendant 7 ann\u00e9es cons\u00e9cutives \u00e0 l&#39; <em>International Taste Institute<\/em> , \u00e9tant le premier rhum mexicain certifi\u00e9 avec le <em>Diamond Taste Award<\/em> , maintenant un score exceptionnel pendant 7 ann\u00e9es cons\u00e9cutives r\u00e9sultats dans leur analyse sensorielle entre 90,1 et 98,4 points, un des scores les plus \u00e9lev\u00e9s de sa cat\u00e9gorie.<\/p>\n<p>Chaque produit est \u00e9valu\u00e9 pour sa qualit\u00e9 organoleptique selon une approche syst\u00e9matique bas\u00e9e sur les 5 crit\u00e8res de l&#39;analyse sensorielle h\u00e9donique internationale (norme AFNOR XP V09A) : premi\u00e8re impression, vision, odorat, go\u00fbt et sensation finale.<\/p>\n","protected":false},"excerpt":{"rendered":"<p>RHUM EXTRA RASSIS \u00ab\u00a0VILLA RICA\u00a0\u00bb 23 ANS \u00c9DITION DE L&rsquo;OR Issu des distillats de canne \u00e0 sucre, vieilli depuis 1984, \u00e0 l&#39;ombre et dans un environnement subtropical humide \u00e0 860 m d&#39;altitude, dans de vieux f\u00fbts de ch\u00eane blanc canadien cr\u00e9e Ron Villa Rica 23 ans, Gold Edition. Le vieillissement [&hellip;]<\/p>\n","protected":false},"featured_media":1097,"comment_status":"open","ping_status":"closed","template":"","meta":{"_wp_convertkit_post_meta":{"form":"-1","landing_page":"0","tag":"0","restrict_content":"0"}},"product_brand":[],"product_cat":[200,26],"product_tag":[188],"class_list":{"0":"post-510","1":"product","2":"type-product","3":"status-publish","4":"has-post-thumbnail","6":"product_cat-coleccion","7":"product_cat-rones","8":"product_tag-ultra-premium","10":"first","11":"instock","12":"taxable","13":"shipping-taxable","14":"purchasable","15":"product-type-simple"},"_links":{"self":[{"href":"https:\/\/licoresveracruz.com\/fr\/wp-json\/wp\/v2\/product\/510","targetHints":{"allow":["GET"]}}],"collection":[{"href":"https:\/\/licoresveracruz.com\/fr\/wp-json\/wp\/v2\/product"}],"about":[{"href":"https:\/\/licoresveracruz.com\/fr\/wp-json\/wp\/v2\/types\/product"}],"replies":[{"embeddable":true,"href":"https:\/\/licoresveracruz.com\/fr\/wp-json\/wp\/v2\/comments?post=510"}],"wp:featuredmedia":[{"embeddable":true,"href":"https:\/\/licoresveracruz.com\/fr\/wp-json\/wp\/v2\/media\/1097"}],"wp:attachment":[{"href":"https:\/\/licoresveracruz.com\/fr\/wp-json\/wp\/v2\/media?parent=510"}],"wp:term":[{"taxonomy":"product_brand","embeddable":true,"href":"https:\/\/licoresveracruz.com\/fr\/wp-json\/wp\/v2\/product_brand?post=510"},{"taxonomy":"product_cat","embeddable":true,"href":"https:\/\/licoresveracruz.com\/fr\/wp-json\/wp\/v2\/product_cat?post=510"},{"taxonomy":"product_tag","embeddable":true,"href":"https:\/\/licoresveracruz.com\/fr\/wp-json\/wp\/v2\/product_tag?post=510"}],"curies":[{"name":"wp","href":"https:\/\/api.w.org\/{rel}","templated":true}]}}