{"id":508,"date":"2021-12-10T01:48:36","date_gmt":"2021-12-10T07:48:36","guid":{"rendered":"http:\/\/licoresveracruz.com\/?post_type=product&#038;p=508"},"modified":"2024-09-26T20:02:52","modified_gmt":"2024-09-27T01:02:52","slug":"pistola_bucanero","status":"publish","type":"product","link":"https:\/\/licoresveracruz.com\/fr\/product\/gun_bucanero\/","title":{"rendered":"RHUM VIEUX \"MOCAMBO\" \u00c9DITION 10 ANS \"PISTOLET BUCANERO\""},"content":{"rendered":"<p><strong style=\"color: #850700;\">RHUM VIEUX &quot;MOCAMBO&quot; \u00c9DITION 10 ANS &quot;PISTOLA BUCANERO&quot;<\/strong><\/p>\n<p>Ce produit est un rhum vieilli 10 ans avec le syst\u00e8me Solera dans de vieux f\u00fbts de ch\u00eane blanc europ\u00e9en s\u00e9lectionn\u00e9s. <\/p>\n<p><strong>VUE<\/strong> : Couleur ambr\u00e9e douce avec des reflets dor\u00e9s. Propre et cristallin, avec une excellente brillance et une densit\u00e9 \u00e9lev\u00e9e qui d\u00e9note un grand corps en raison de son \u00e9coulement<\/p>\n<p><strong>lent.NEZ<\/strong> : Tr\u00e8s int\u00e9ressant, caract\u00e9ristique du rhum des Cara\u00efbes dans lequel le baril pr\u00e9domine, notes l\u00e9g\u00e8rement vanill\u00e9es de caramel, et ar\u00f4mes de fruits secs et d&#39; <\/p>\n<p><strong>\u00e9pices<\/strong> . : Go\u00fbt agr\u00e9able et raffin\u00e9, \u00e9quilibre entre acidit\u00e9 et degr\u00e9 alcoolique, l\u00e9g\u00e8rement amer avec une finale exquise subtilement bois\u00e9e et <em>fruit\u00e9e<\/em> .<\/p>\n<ul>\n<li> A prendre frais, en ap\u00e9ritif ou en digestif<\/li>\n<li> Boisson essentielle pour Cuba Libre<\/li>\n<li> D\u00e9gustez-le pur, sur glace ou m\u00e9lang\u00e9 \u00e0 n&#39;importe quel cocktail<\/li>\n<\/ul>\n","protected":false},"excerpt":{"rendered":"<p>RHUM VIEUX &quot;MOCAMBO&quot; \u00c9DITION 10 ANS &quot;PISTOLA BUCANERO&quot; Ce produit est un rhum vieilli 10 ans avec le syst\u00e8me Solera dans de vieux f\u00fbts de ch\u00eane blanc europ\u00e9en s\u00e9lectionn\u00e9s. VUE : Couleur ambr\u00e9e douce avec des reflets dor\u00e9s. Propre et cristallin, avec une excellente brillance et une densit\u00e9 \u00e9lev\u00e9e qui [&hellip;]<\/p>\n","protected":false},"featured_media":1090,"comment_status":"open","ping_status":"closed","template":"","meta":[],"product_cat":[200,26],"product_tag":[190],"class_list":{"0":"post-508","1":"product","2":"type-product","3":"status-publish","4":"has-post-thumbnail","6":"product_cat-coleccion","7":"product_cat-rones","8":"product_tag-de-coleccion","10":"first","11":"instock","12":"taxable","13":"shipping-taxable","14":"product-type-external"},"_links":{"self":[{"href":"https:\/\/licoresveracruz.com\/fr\/wp-json\/wp\/v2\/product\/508"}],"collection":[{"href":"https:\/\/licoresveracruz.com\/fr\/wp-json\/wp\/v2\/product"}],"about":[{"href":"https:\/\/licoresveracruz.com\/fr\/wp-json\/wp\/v2\/types\/product"}],"replies":[{"embeddable":true,"href":"https:\/\/licoresveracruz.com\/fr\/wp-json\/wp\/v2\/comments?post=508"}],"wp:featuredmedia":[{"embeddable":true,"href":"https:\/\/licoresveracruz.com\/fr\/wp-json\/wp\/v2\/media\/1090"}],"wp:attachment":[{"href":"https:\/\/licoresveracruz.com\/fr\/wp-json\/wp\/v2\/media?parent=508"}],"wp:term":[{"taxonomy":"product_cat","embeddable":true,"href":"https:\/\/licoresveracruz.com\/fr\/wp-json\/wp\/v2\/product_cat?post=508"},{"taxonomy":"product_tag","embeddable":true,"href":"https:\/\/licoresveracruz.com\/fr\/wp-json\/wp\/v2\/product_tag?post=508"}],"curies":[{"name":"wp","href":"https:\/\/api.w.org\/{rel}","templated":true}]}}