{"id":504,"date":"2021-12-10T01:48:35","date_gmt":"2021-12-10T07:48:35","guid":{"rendered":"http:\/\/licoresveracruz.com\/?post_type=product&#038;p=504"},"modified":"2025-06-09T22:32:02","modified_gmt":"2025-06-10T03:32:02","slug":"ron-anejo-mocambo-15-anos","status":"publish","type":"product","link":"https:\/\/licoresveracruz.com\/fr\/product\/ron-anejo-mocambo-15-ans\/","title":{"rendered":"RHUM EXTRA RASSIS \u201cMOCAMBO\u201d 15 ANS"},"content":{"rendered":"<p><strong style=\"color: #850700;\">RHUM EXTRA RASSIS \u201cMOCAMBO\u201d 15 ANS<\/strong><\/p>\n<p>En \u00e9dition sp\u00e9ciale Licores Veracruz cr\u00e9e cette ligne Premium de Rhum A\u00f1ejo au caract\u00e8re raffin\u00e9 et \u00e0 la saveur douce.<\/p>\n<p>Elev\u00e9 et s\u00e9lectionn\u00e9 par des d\u00e9gustateurs experts en vieux f\u00fbts de ch\u00eane blanc europ\u00e9en. La noblesse d&rsquo;origine et la connaissance du temps leur conf\u00e8rent des caract\u00e9ristiques uniques dans leur ar\u00f4me et leur saveur.<\/p>\n<p>L&#8217;emballage en lots sp\u00e9cifiques par f\u00fbt unique distingue ces produits comme incomparables et uniques. Dans deux pr\u00e9sentations sp\u00e9ciales num\u00e9rot\u00e9es pour les connaisseurs, nous proposons une distinction dans chaque bouteille.<\/p>\n<p>Le climat chaud et humide des Cara\u00efbes et du golfe du Mexique est important dans sa production, par cons\u00e9quent, la r\u00e9gion de C\u00f3rdoba est reconnue comme le berceau des bons rhums, o\u00f9 Ron Mocambo est n\u00e9.<\/p>\n<ul>\n<li> Sa fabrication soign\u00e9e fait de ce rhum un produit d&#39;excellente qualit\u00e9.<\/li>\n<li> Elevage en vieux f\u00fbts de ch\u00eane blanc europ\u00e9en.<\/li>\n<\/ul>\n<p> Ce produit est un rhum vieilli pendant 15 ans avec le syst\u00e8me de f\u00fbts s\u00e9lectionn\u00e9s.<\/p>\n<p><em>Notes de d\u00e9gustation :<\/em><\/p>\n<p><strong>VUE<\/strong> : Couleur ambr\u00e9e douce avec des reflets dor\u00e9s. Propre et cristallin, avec une excellente brillance et une densit\u00e9 \u00e9lev\u00e9e qui d\u00e9note un grand corps en raison de son \u00e9coulement lent.<\/p>\n<p><strong>NEZ<\/strong> : Tr\u00e8s int\u00e9ressant, caract\u00e9ristique du rhum antillais o\u00f9 le f\u00fbt pr\u00e9domine, notes de caramel l\u00e9g\u00e8rement vanill\u00e9, et ar\u00f4mes de fruits secs et d&#39;\u00e9pices.<\/p>\n<p><strong>BOUCHE<\/strong> : Go\u00fbt agr\u00e9able et raffin\u00e9, \u00e9quilibre entre acidit\u00e9 et degr\u00e9 alcoolique, avec une finale exquise subtilement bois\u00e9e et fruit\u00e9e.<\/p>\n","protected":false},"excerpt":{"rendered":"<p>\u00c9dition sp\u00e9ciale Ligne Premium de Ron A\u00f1ejo avec un caract\u00e8re raffin\u00e9 et une saveur douce.<\/p>\n","protected":false},"featured_media":1073,"comment_status":"open","ping_status":"closed","template":"","meta":[],"product_cat":[26],"product_tag":[188],"class_list":{"0":"post-504","1":"product","2":"type-product","3":"status-publish","4":"has-post-thumbnail","6":"product_cat-rones","7":"product_tag-ultra-premium","9":"first","10":"instock","11":"taxable","12":"shipping-taxable","13":"purchasable","14":"product-type-variable"},"_links":{"self":[{"href":"https:\/\/licoresveracruz.com\/fr\/wp-json\/wp\/v2\/product\/504"}],"collection":[{"href":"https:\/\/licoresveracruz.com\/fr\/wp-json\/wp\/v2\/product"}],"about":[{"href":"https:\/\/licoresveracruz.com\/fr\/wp-json\/wp\/v2\/types\/product"}],"replies":[{"embeddable":true,"href":"https:\/\/licoresveracruz.com\/fr\/wp-json\/wp\/v2\/comments?post=504"}],"wp:featuredmedia":[{"embeddable":true,"href":"https:\/\/licoresveracruz.com\/fr\/wp-json\/wp\/v2\/media\/1073"}],"wp:attachment":[{"href":"https:\/\/licoresveracruz.com\/fr\/wp-json\/wp\/v2\/media?parent=504"}],"wp:term":[{"taxonomy":"product_cat","embeddable":true,"href":"https:\/\/licoresveracruz.com\/fr\/wp-json\/wp\/v2\/product_cat?post=504"},{"taxonomy":"product_tag","embeddable":true,"href":"https:\/\/licoresveracruz.com\/fr\/wp-json\/wp\/v2\/product_tag?post=504"}],"curies":[{"name":"wp","href":"https:\/\/api.w.org\/{rel}","templated":true}]}}