{"id":503,"date":"2021-12-10T01:48:35","date_gmt":"2021-12-10T07:48:35","guid":{"rendered":"http:\/\/licoresveracruz.com\/?post_type=product&#038;p=503"},"modified":"2025-06-04T10:22:16","modified_gmt":"2025-06-04T15:22:16","slug":"ron-anejo-mocambo-edicion-aniversario-con-estuche-premium-de-madera-incluye-botella-4-puros-premium-2-vasos-ball","status":"publish","type":"product","link":"https:\/\/licoresveracruz.com\/fr\/product\/rhum-agneau-mocambo-edition-anniversaire-avec-etui-en-bois-premium-comprend-bouteille-4-cigares-premium-verres-2-boules\/","title":{"rendered":"RHUM VIEUX &quot;MOCAMBO&quot; EDITION ANNIVERSAIRE AVEC CAISSE EN BOIS PREMIUM"},"content":{"rendered":"<p><strong style=\"color: #850700;\">RHUM A\u00d1EJO &quot;MOCAMBO&quot; \u00c9DITION ANNIVERSAIRE AVEC CAISSE EN BOIS PREMIUM<\/strong> <\/p>\n<p><em>Contient\u00a0:<\/em><\/p>\n<ul>\n<li> 1 bouteille num\u00e9rot\u00e9e de 750 ml de rhum &quot;Mocambo&quot; \u00c9dition Anniversaire.<\/li>\n<li> 4 verres<\/li>\n<li> 4 cigares n\u00b04<\/li>\n<\/ul>\n<blockquote><p> Fabriqu\u00e9 \u00e0 San Andr\u00e9s Tuxtla, non \u00e9tiquet\u00e9 pour la vente individuelle, conform\u00e9ment aux r\u00e9glementations nationales de la loi g\u00e9n\u00e9rale sur le contr\u00f4le du tabac.<\/p><\/blockquote>\n<ul>\n<li> Un \u00e9chantillon de boissons 100% mexicaines, id\u00e9al comme cadeau, souvenir ou pour les collectionneurs.<\/li>\n<li> Ce produit est un rhum vieilli pendant 10 ans avec le syst\u00e8me Solera dans de vieux f\u00fbts de ch\u00eane blanc europ\u00e9en s\u00e9lectionn\u00e9s.<\/li>\n<\/ul>\n<p> <em>Notes de d\u00e9gustation<\/em> : <\/p>\n<p><strong>VUE<\/strong> : Couleur ambr\u00e9e douce avec des reflets dor\u00e9s. Propre et cristallin, avec une excellente brillance et une densit\u00e9 \u00e9lev\u00e9e qui d\u00e9note un grand corps en raison de son \u00e9coulement lent.<\/p>\n<p><strong>NEZ<\/strong> : Tr\u00e8s int\u00e9ressant, caract\u00e9ristique du rhum antillais o\u00f9 le f\u00fbt pr\u00e9domine, notes de caramel l\u00e9g\u00e8rement vanill\u00e9, et ar\u00f4mes de fruits secs et d&#39;\u00e9pices. <\/p>\n<p><strong>BOUCHE<\/strong> : Go\u00fbt agr\u00e9able et raffin\u00e9, \u00e9quilibre entre acidit\u00e9 et degr\u00e9 alcoolique, l\u00e9g\u00e8rement amer avec une finale exquise subtilement bois\u00e9e et fruit\u00e9e. <em>Il est recommand\u00e9:<\/em><\/p>\n<ul>\n<li> A prendre frais, en ap\u00e9ritif ou en digestif<\/li>\n<li> Boisson essentielle pour Cuba Libre<\/li>\n<li> D\u00e9gustez-le pur, sur glace ou m\u00e9lang\u00e9 \u00e0 n&#39;importe quel cocktail<\/li>\n<\/ul>\n","protected":false},"excerpt":{"rendered":"<p>RHUM A\u00d1EJO &quot;MOCAMBO&quot; \u00c9DITION ANNIVERSAIRE AVEC CAISSE EN BOIS PREMIUM Contient\u00a0: 1 bouteille num\u00e9rot\u00e9e de 750 ml de rhum &quot;Mocambo&quot; \u00c9dition Anniversaire. 4 verres 4 cigares n\u00b04 Fabriqu\u00e9 \u00e0 San Andr\u00e9s Tuxtla, non \u00e9tiquet\u00e9 pour la vente individuelle, conform\u00e9ment aux r\u00e9glementations nationales de la loi g\u00e9n\u00e9rale sur le contr\u00f4le du [&hellip;]<\/p>\n","protected":false},"featured_media":1057,"comment_status":"open","ping_status":"closed","template":"","meta":{"_wp_convertkit_post_meta":{"form":"-1","landing_page":"0","tag":"0","restrict_content":"0"}},"product_brand":[],"product_cat":[200,26],"product_tag":[190],"class_list":{"0":"post-503","1":"product","2":"type-product","3":"status-publish","4":"has-post-thumbnail","6":"product_cat-coleccion","7":"product_cat-rones","8":"product_tag-de-coleccion","10":"first","11":"instock","12":"taxable","13":"shipping-taxable","14":"purchasable","15":"product-type-simple"},"_links":{"self":[{"href":"https:\/\/licoresveracruz.com\/fr\/wp-json\/wp\/v2\/product\/503","targetHints":{"allow":["GET"]}}],"collection":[{"href":"https:\/\/licoresveracruz.com\/fr\/wp-json\/wp\/v2\/product"}],"about":[{"href":"https:\/\/licoresveracruz.com\/fr\/wp-json\/wp\/v2\/types\/product"}],"replies":[{"embeddable":true,"href":"https:\/\/licoresveracruz.com\/fr\/wp-json\/wp\/v2\/comments?post=503"}],"wp:featuredmedia":[{"embeddable":true,"href":"https:\/\/licoresveracruz.com\/fr\/wp-json\/wp\/v2\/media\/1057"}],"wp:attachment":[{"href":"https:\/\/licoresveracruz.com\/fr\/wp-json\/wp\/v2\/media?parent=503"}],"wp:term":[{"taxonomy":"product_brand","embeddable":true,"href":"https:\/\/licoresveracruz.com\/fr\/wp-json\/wp\/v2\/product_brand?post=503"},{"taxonomy":"product_cat","embeddable":true,"href":"https:\/\/licoresveracruz.com\/fr\/wp-json\/wp\/v2\/product_cat?post=503"},{"taxonomy":"product_tag","embeddable":true,"href":"https:\/\/licoresveracruz.com\/fr\/wp-json\/wp\/v2\/product_tag?post=503"}],"curies":[{"name":"wp","href":"https:\/\/api.w.org\/{rel}","templated":true}]}}