{"id":502,"date":"2021-12-10T01:48:35","date_gmt":"2021-12-10T07:48:35","guid":{"rendered":"http:\/\/licoresveracruz.com\/?post_type=product&#038;p=502"},"modified":"2024-09-26T20:07:37","modified_gmt":"2024-09-27T01:07:37","slug":"ron-anejo-mocambo-aniv_10","status":"publish","type":"product","link":"https:\/\/licoresveracruz.com\/fr\/product\/rhum-anejo-mocambo-aniv_10\/","title":{"rendered":"RHUM MOCAMBO 10 ANS, \u00c9DITION ANNIVERSAIRE"},"content":{"rendered":"<p><strong style=\"color: #850700;\">Rhum Mocambo A\u00f1ejo Anniversary Edition, 10 ans Solera<\/strong><\/p>\n<p><a href=\"https:\/\/www.liverpool.com.mx\/tienda\/pdp\/Ron-Mocambo-Solera-700-ml\/20787732\"><br \/>\n<img loading=\"lazy\" decoding=\"async\" src=\"https:\/\/licoresveracruz.com\/wp-content\/uploads\/2021\/12\/liverpool-logo.svg\" alt=\"\" width=\"1\" height=\"1\" class=\"alignnone size-medium wp-image-1359\"><img loading=\"lazy\" decoding=\"async\" src=\"https:\/\/licoresveracruz.com\/wp-content\/uploads\/2021\/12\/liverpool-logo.svg\" alt=\"\" width=\"1\" height=\"1\" class=\"alignnone size-medium wp-image-1359\"><\/a> R\u00e9cipient en verre ambr\u00e9 fait \u00e0 la main, au design unique et \u00e9l\u00e9gant, qui comm\u00e9more 55 ans de tradition familiale dans la production de boissons alcoolis\u00e9es.<\/p>\n<ul>\n<li> Le d\u00e9veloppement dans le Nouveau Monde ainsi que l&#39;\u00e9panouissement de la science et des arts contribuent au raffinement et \u00e0 la perfection du rhum, ce qui en fait une boisson prestigieuse et largement accept\u00e9e.<\/li>\n<li> Le climat chaud et humide des Cara\u00efbes et du golfe du Mexique est important dans sa production, par cons\u00e9quent, la r\u00e9gion de C\u00f3rdoba est reconnue comme le berceau des bons rhums, o\u00f9 Ron Mocambo est n\u00e9.<\/li>\n<li> Sa fabrication soign\u00e9e fait de ce rhum un excellent produit.<\/li>\n<li> Le rhum est un produit du distillat du mo\u00fbt ferment\u00e9 de canne \u00e0 sucre.<\/li>\n<li> Ce produit est un rhum vieilli pendant 10 ans avec le syst\u00e8me Solera dans de vieux f\u00fbts de ch\u00eane blanc europ\u00e9en s\u00e9lectionn\u00e9s.<\/li>\n<\/ul>\n<p> <em>NOTES DE DEGUSTATION<\/em> <strong>VUE<\/strong> : Couleur ambr\u00e9e douce avec des reflets dor\u00e9s. Propre et cristallin, avec une excellente brillance et une densit\u00e9 \u00e9lev\u00e9e qui d\u00e9note un grand corps en raison de son \u00e9coulement lent. <strong>NEZ<\/strong> : Tr\u00e8s int\u00e9ressant, caract\u00e9ristique du rhum antillais o\u00f9 le f\u00fbt pr\u00e9domine, notes de caramel l\u00e9g\u00e8rement vanill\u00e9, et ar\u00f4mes de fruits secs et d&#39;\u00e9pices. <strong>BOUCHE<\/strong> : Go\u00fbt agr\u00e9able et raffin\u00e9, \u00e9quilibre entre acidit\u00e9 et degr\u00e9 alcoolique, avec une finale exquise subtilement bois\u00e9e et fruit\u00e9e. Il est recommand\u00e9:<\/p>\n<ul>\n<li> A prendre frais, en ap\u00e9ritif ou en digestif<\/li>\n<li> Boisson essentielle pour Cuba Libre<\/li>\n<li> D\u00e9gustez-le pur, sur glace ou m\u00e9lang\u00e9 \u00e0 n&#39;importe quel cocktail<\/li>\n<\/ul>\n","protected":false},"excerpt":{"rendered":"<p>Rhum Mocambo A\u00f1ejo Anniversary Edition, 10 ans Solera R\u00e9cipient en verre ambr\u00e9 fait \u00e0 la main, au design unique et \u00e9l\u00e9gant, qui comm\u00e9more 55 ans de tradition familiale dans la production de boissons alcoolis\u00e9es. Le d\u00e9veloppement dans le Nouveau Monde ainsi que l&#39;\u00e9panouissement de la science et des arts contribuent [&hellip;]<\/p>\n","protected":false},"featured_media":1072,"comment_status":"open","ping_status":"closed","template":"","meta":{"_wp_convertkit_post_meta":{"form":"-1","landing_page":"0","tag":"0","restrict_content":"0"}},"product_brand":[],"product_cat":[26],"product_tag":[189],"class_list":{"0":"post-502","1":"product","2":"type-product","3":"status-publish","4":"has-post-thumbnail","6":"product_cat-rones","7":"product_tag-premium","9":"first","10":"instock","11":"taxable","12":"shipping-taxable","13":"product-type-external"},"_links":{"self":[{"href":"https:\/\/licoresveracruz.com\/fr\/wp-json\/wp\/v2\/product\/502","targetHints":{"allow":["GET"]}}],"collection":[{"href":"https:\/\/licoresveracruz.com\/fr\/wp-json\/wp\/v2\/product"}],"about":[{"href":"https:\/\/licoresveracruz.com\/fr\/wp-json\/wp\/v2\/types\/product"}],"replies":[{"embeddable":true,"href":"https:\/\/licoresveracruz.com\/fr\/wp-json\/wp\/v2\/comments?post=502"}],"wp:featuredmedia":[{"embeddable":true,"href":"https:\/\/licoresveracruz.com\/fr\/wp-json\/wp\/v2\/media\/1072"}],"wp:attachment":[{"href":"https:\/\/licoresveracruz.com\/fr\/wp-json\/wp\/v2\/media?parent=502"}],"wp:term":[{"taxonomy":"product_brand","embeddable":true,"href":"https:\/\/licoresveracruz.com\/fr\/wp-json\/wp\/v2\/product_brand?post=502"},{"taxonomy":"product_cat","embeddable":true,"href":"https:\/\/licoresveracruz.com\/fr\/wp-json\/wp\/v2\/product_cat?post=502"},{"taxonomy":"product_tag","embeddable":true,"href":"https:\/\/licoresveracruz.com\/fr\/wp-json\/wp\/v2\/product_tag?post=502"}],"curies":[{"name":"wp","href":"https:\/\/api.w.org\/{rel}","templated":true}]}}